{"id":668,"date":"2022-03-07T16:04:33","date_gmt":"2022-03-07T16:04:33","guid":{"rendered":"https:\/\/s2consulting.fr\/?page_id=668"},"modified":"2022-03-07T16:07:23","modified_gmt":"2022-03-07T16:07:23","slug":"formation-cmr-risque-plomb-amiante","status":"publish","type":"page","link":"https:\/\/s2consulting.fr\/index.php\/formation-cmr-risque-plomb-amiante\/","title":{"rendered":"Formation CMR &#8211; Risque Plomb &#038; Amiante"},"content":{"rendered":"\t\t<div data-elementor-type=\"wp-page\" data-elementor-id=\"668\" class=\"elementor elementor-668\">\n\t\t\t\t\t\t<section class=\"elementor-section elementor-top-section elementor-element elementor-element-1ec59c9b elementor-section-boxed elementor-section-height-default elementor-section-height-default\" data-id=\"1ec59c9b\" data-element_type=\"section\">\n\t\t\t\t\t\t<div class=\"elementor-container elementor-column-gap-default\">\n\t\t\t\t\t<div class=\"elementor-column elementor-col-100 elementor-top-column elementor-element elementor-element-4e100b89\" data-id=\"4e100b89\" data-element_type=\"column\">\n\t\t\t<div class=\"elementor-widget-wrap elementor-element-populated\">\n\t\t\t\t\t\t<div class=\"elementor-element elementor-element-3b5002b0 elementor-widget elementor-widget-text-editor\" data-id=\"3b5002b0\" data-element_type=\"widget\" data-widget_type=\"text-editor.default\">\n\t\t\t\t<div class=\"elementor-widget-container\">\n\t\t\t\t\t\t\t\t\t<div class=\"page\" style=\"caret-color: #000000; color: #000000;\" title=\"Page 1\">\n<div class=\"section\">\n<div class=\"layoutArea\">\n<div class=\"column\">\n<p style=\"text-align: center;\"><span style=\"font-size: 16pt; font-family: Tahoma; font-weight: bold; color: #0070c0;\">Programme de la Formation Initial &amp; Recyclage Ope\u0301rateur de chantier &amp; Encadrant\u00a0<\/span><span style=\"font-size: 16pt; font-family: Tahoma;\">Sensibilisation CMR (produits Cance\u0301roge\u0300nes Mutage\u0300nes et Reprotoxiques) \u2013 Amiante et Plomb<\/span><\/p>\n<\/div>\n<\/div>\n<\/div>\n<\/div>\t\t\t\t\t\t\t\t<\/div>\n\t\t\t\t<\/div>\n\t\t\t\t\t<\/div>\n\t\t<\/div>\n\t\t\t\t\t<\/div>\n\t\t<\/section>\n\t\t\t\t<section class=\"elementor-section elementor-top-section elementor-element elementor-element-80c5bae elementor-section-boxed elementor-section-height-default elementor-section-height-default\" data-id=\"80c5bae\" data-element_type=\"section\">\n\t\t\t\t\t\t<div class=\"elementor-container elementor-column-gap-default\">\n\t\t\t\t\t<div class=\"elementor-column elementor-col-100 elementor-top-column elementor-element elementor-element-3440a95\" data-id=\"3440a95\" data-element_type=\"column\">\n\t\t\t<div class=\"elementor-widget-wrap elementor-element-populated\">\n\t\t\t\t\t\t<div class=\"elementor-element elementor-element-a4b0ea5 elementor-widget elementor-widget-text-editor\" data-id=\"a4b0ea5\" data-element_type=\"widget\" data-widget_type=\"text-editor.default\">\n\t\t\t\t<div class=\"elementor-widget-container\">\n\t\t\t\t\t\t\t\t\t<div class=\"page\" style=\"caret-color: #000000; color: #000000;\" title=\"Page 1\">\n<div class=\"layoutArea\">\n<div class=\"column\">\n<p><span style=\"font-size: 10pt; font-family: Calibri; font-weight: bold; color: #0070c0;\">Objectifs :<\/span><\/p>\n<p><span style=\"font-size: 9pt; font-family: Wingdings;\">\u00a7\u00a0<\/span><span style=\"font-size: 9pt; font-family: Calibri;\">Mettre a\u0300 niveau les connaissances re\u0301glementaires et techniques relatives a\u0300 l\u2019amiante et au plomb<\/span><\/p>\n<p><span style=\"font-size: 9pt; font-family: Wingdings;\">\u00a7\u00a0<\/span><span style=\"font-size: 9pt; font-family: Calibri;\">Connai\u0302tre les ope\u0301rations spe\u0301cifiques de l&rsquo;activite\u0301 exerce\u0301e pouvant entrai\u0302ner la libe\u0301ration de fibres d&rsquo;amiante et de plomb<\/span><\/p>\n<p><span style=\"font-size: 9pt; font-family: Wingdings;\">\u00a7\u00a0<\/span><span style=\"font-size: 9pt; font-family: Calibri;\">E\u0302tre capable d&rsquo;appliquer les principes de ventilation et de captage des poussie\u0300res a\u0300 la source<\/span><\/p>\n<p><span style=\"font-size: 9pt; font-family: Wingdings;\">\u00a7\u00a0<\/span><span style=\"font-size: 9pt; font-family: Calibri;\">Appliquer les proce\u0301dures ope\u0301ratoires pour la pre\u0301paration, la re\u0301alisation, la restitution des chantiers et les proce\u0301dures de contro\u0302le en cours de chantier lors d\u2019intervention en pre\u0301sence de mate\u0301riaux contenant de l\u2019amiante.<\/span><\/p>\n<p><span style=\"font-size: 10pt; font-family: Calibri; font-weight: bold; color: #0070c0;\">Personnes concerne\u0301es :<\/span><\/p>\n<p><span style=\"font-size: 9pt; font-family: Wingdings;\">\u00a7<\/span><span style=\"font-size: 9pt; font-family: Calibri;\">Ope\u0301rateurs&amp;Encadrants intervenantsurmate\u0301riaux et e\u0301quipements contenant de l\u2019amiante et du plomb<\/span><\/p>\n<p><span style=\"font-size: 10pt; font-family: Calibri; font-weight: bold; color: #0070c0;\">Pre\u0301requis :<\/span><\/p>\n<p><span style=\"font-size: 9pt; font-family: Wingdings;\">\u00a7\u00a0<\/span><span style=\"font-size: 9pt; font-family: Calibri;\">E\u0302tre a\u0302ge\u0301 d&rsquo;au moins 18 ans,<br \/><\/span><span style=\"font-size: 9pt; font-family: Wingdings;\">\u00a7\u00a0<\/span><span style=\"font-size: 9pt; font-family: Calibri;\">Mai\u0302trise de la langue franc\u0327aise<br \/><\/span><span style=\"font-size: 9pt; font-family: Wingdings;\">\u00a7\u00a0<\/span><span style=\"font-size: 9pt; font-family: Calibri;\">Avoir le sens des responsabilite\u0301s,<\/span><\/p>\n<p><span style=\"font-size: 10pt; font-family: Calibri; font-weight: bold; color: #0070c0;\">Accessibilite\u0301 :<\/span><\/p>\n<\/div>\n<div class=\"column\">\n<p><span style=\"font-size: 9pt; font-family: Wingdings;\">\u00a7\u00a0<\/span><span style=\"font-size: 9pt; font-family: Calibri;\">La formation est accessible, sous conditions, aux personnes en situation de handicap. Nous consulter au pre\u0301alable.<\/span><\/p>\n<p><span style=\"font-size: 10pt; font-family: Calibri; font-weight: bold; color: #0070c0;\">Dispensateur de formation :<\/span><\/p>\n<p><span style=\"font-size: 9pt; font-family: Wingdings;\">\u00a7\u00a0<\/span><span style=\"font-size: 9pt; font-family: Calibri;\">Formateurs compe\u0301tents\u00a0<\/span><span style=\"font-size: 10pt; font-family: Calibri; font-weight: bold; color: #0070c0;\">Dure\u0301e du stage :<\/span><\/p>\n<p><span style=\"font-size: 9pt; font-family: Wingdings;\">\u00a7\u00a0<\/span><span style=\"font-size: 9pt; font-family: Calibri;\">Formation recyclage : 1 jour\u00a0<\/span><span style=\"font-size: 10pt; font-family: Calibri; font-weight: bold; color: #0070c0;\">Me\u0301thodes et moyens pe\u0301dagogiques :<\/span><\/p>\n<p><span style=\"font-size: 9pt; font-family: Wingdings;\">\u00a7\u00a0<\/span><span style=\"font-size: 9pt; font-family: Calibri;\">Expose\u0301s e\u0301taye\u0301s par des diaporamas, des films, des exercices, des e\u0301tudes de cas. Questions re\u0301ponses.<\/span><\/p>\n<ul style=\"list-style-type: none;\">\n<li>\n<p><span style=\"font-size: 9pt; font-family: Wingdings;\">\u00a7 \u00a0<\/span><span style=\"font-size: 9pt; font-family: Calibri;\">Retour d\u2019expe\u0301rience<\/span><\/p>\n<\/li>\n<li>\n<p><span style=\"font-size: 9pt; font-family: Wingdings;\">\u00a7 \u00a0<\/span><span style=\"font-size: 9pt; font-family: Calibri;\">Mise en situation sur une plate-forme pe\u0301dagogique<\/span><\/p>\n<p><span style=\"font-size: 9pt; font-family: Calibri;\">(fixe ou mobile)<\/span><\/p>\n<p><span style=\"font-size: 10pt; font-family: Calibri; font-weight: bold; color: #0070c0;\">Mode de validation :<\/span><\/p>\n<p><span style=\"font-size: 9pt; font-family: Wingdings;\">\u00a7\u00a0<\/span><span style=\"font-size: 9pt; font-family: Calibri;\">Evaluation the\u0301orique et pratique des acquis et remise d&rsquo;une attestation de compe\u0301tence individuelle justifiant l&rsquo;acquisition des connaissances<\/span><\/p>\n<p><span style=\"font-size: 10pt; font-family: Calibri; font-weight: bold; color: #0070c0;\">Dispositif de suivi :<\/span><\/p>\n<p><span style=\"font-size: 9pt; font-family: Wingdings;\">\u00a7\u00a0<\/span><span style=\"font-size: 9pt; font-family: Calibri;\">Feuille d&rsquo;e\u0301margement par demi-journe\u0301e<\/span><\/p>\n<p><span style=\"font-size: 9pt; font-family: Wingdings;\">\u00a7\u00a0<\/span><span style=\"font-size: 9pt; font-family: Calibri;\">Attestation de stage<br \/><\/span><span style=\"font-size: 10pt; font-family: Calibri; font-weight: bold; color: #0070c0;\">Responsable pe\u0301dagogique\/Re\u0301fe\u0301rent handicap :<\/span><\/p>\n<\/li>\n<\/ul>\n<\/div>\n<\/div>\n<div class=\"layoutArea\">\n<div class=\"column\">\n<p><span style=\"font-size: 9pt; font-family: Wingdings;\">\u00a7\u00a0<\/span><span style=\"font-size: 9pt; font-family: Calibri;\">Ste\u0301phane SANGORRIN<\/span><\/p>\n<\/div>\n<\/div>\n<\/div>\t\t\t\t\t\t\t\t<\/div>\n\t\t\t\t<\/div>\n\t\t\t\t\t<\/div>\n\t\t<\/div>\n\t\t\t\t\t<\/div>\n\t\t<\/section>\n\t\t\t\t<section class=\"elementor-section elementor-top-section elementor-element elementor-element-9de4db7 elementor-section-boxed elementor-section-height-default elementor-section-height-default\" data-id=\"9de4db7\" data-element_type=\"section\">\n\t\t\t\t\t\t<div class=\"elementor-container elementor-column-gap-default\">\n\t\t\t\t\t<div class=\"elementor-column elementor-col-100 elementor-top-column elementor-element elementor-element-0d2413f\" data-id=\"0d2413f\" data-element_type=\"column\">\n\t\t\t<div class=\"elementor-widget-wrap elementor-element-populated\">\n\t\t\t\t\t\t<div class=\"elementor-element elementor-element-334a31d elementor-widget elementor-widget-text-editor\" data-id=\"334a31d\" data-element_type=\"widget\" data-widget_type=\"text-editor.default\">\n\t\t\t\t<div class=\"elementor-widget-container\">\n\t\t\t\t\t\t\t\t\t<div class=\"page\" style=\"caret-color: #000000; color: #000000;\" title=\"Page 1\">\n<div class=\"layoutArea\">\n<div class=\"column\">\n<p><span style=\"font-size: 10pt; font-family: Calibri; font-weight: bold; color: #0070c0;\">Contenu pe\u0301dagogique<\/span><\/p>\n<\/div>\n<div class=\"column\">\n<p><span style=\"font-size: 10pt; font-family: Calibri; font-weight: bold;\">CONTENU DE LA FORMATION<\/span><\/p>\n<\/div>\n<\/div>\n<div class=\"layoutArea\">\n<div class=\"column\">\n<ul>\n<li style=\"font-size: 10pt; font-family: SymbolMT;\">\n<p><span style=\"font-size: 9pt; font-family: Calibri; font-weight: bold;\">Les produits contenant du plomb et les pe\u0301riodes d\u2019utilisation<\/span><\/p>\n<\/li>\n<li style=\"font-size: 10pt; font-family: SymbolMT;\">\n<p><span style=\"font-size: 9pt; font-family: Calibri; font-weight: bold;\">La toxicite\u0301 du plomb sur l\u2019organisme<\/span><\/p>\n<\/li>\n<li style=\"font-size: 10pt; font-family: SymbolMT;\">\n<p><span style=\"font-size: 9pt; font-family: Calibri; font-weight: bold;\">Les dispositifs re\u0301glementaires : Code de la sante\u0301 publique, Code du travail<\/span><\/p>\n<\/li>\n<li style=\"font-size: 10pt; font-family: SymbolMT;\">\n<p><span style=\"font-size: 9pt; font-family: Calibri; font-weight: bold;\">Pre\u0301sentation macro de la de\u0301marche de pre\u0301vention<\/span><\/p>\n<\/li>\n<li style=\"font-size: 10pt; font-family: SymbolMT;\">\n<p><span style=\"font-size: 9pt; font-family: Calibri; font-weight: bold;\">Grands principes de gestion des de\u0301chets<\/span><\/p>\n<\/li>\n<\/ul>\n<\/div>\n<\/div>\n<div class=\"layoutArea\">\n<div class=\"column\">\n<p><span style=\"font-size: 9pt; font-family: Calibri;\">Exercices<br \/><\/span><span style=\"font-size: 9pt; font-family: SymbolMT;\">\u2022\u00a0<\/span><span style=\"font-size: 9pt; font-family: Calibri;\">De\u0301couverte des fiches me\u0301tiers OPPBTP<\/span><\/p>\n<\/div>\n<\/div>\n<div class=\"layoutArea\">\n<div class=\"column\">\n<p><span style=\"font-size: 9pt; font-family: Calibri;\">pratiques :<br \/><\/span><span style=\"font-size: 9pt; font-family: SymbolMT;\">\u2022\u00a0<\/span><span style=\"font-size: 9pt; font-family: Calibri;\">Exercices spe\u0301cifiques en fonction de l\u2019activite\u0301 de l\u2019enteprise<\/span><\/p>\n<\/div>\n<\/div>\n<div class=\"layoutArea\">\n<div class=\"column\">\n<p><span style=\"font-size: 10pt; font-family: Calibri; font-weight: bold; color: #0070c0;\">Les points suivants font notamment l&rsquo;objet de mises en situation:<\/span><\/p>\n<p><span style=\"font-size: 9pt; font-family: Calibri;\">&#8211; Les limites d\u2019efficacite\u0301 des EPI, y compris les facteurs de protection assigne\u0301s, et les dure\u0301es de port en continu recommande\u0301es<br \/>&#8211; Les ope\u0301rations spe\u0301cifiques de l\u2019activite\u0301 exerce\u0301e pouvant entrai\u0302ner la libe\u0301ration de fibres d\u2019amiante et les niveaux d\u2019exposition et d\u2019empoussie\u0300rement induits<br \/>&#8211; Appliquer les proce\u0301dures recommande\u0301es pour les interventions sur des mate\u0301riaux contenant de l\u2019amiante &amp; du plomb<\/span><\/p>\n<\/div>\n<\/div>\n<\/div>\t\t\t\t\t\t\t\t<\/div>\n\t\t\t\t<\/div>\n\t\t\t\t\t<\/div>\n\t\t<\/div>\n\t\t\t\t\t<\/div>\n\t\t<\/section>\n\t\t\t\t<section class=\"elementor-section elementor-top-section elementor-element elementor-element-7cad146 elementor-section-boxed elementor-section-height-default elementor-section-height-default\" data-id=\"7cad146\" data-element_type=\"section\">\n\t\t\t\t\t\t<div class=\"elementor-container elementor-column-gap-default\">\n\t\t\t\t\t<div class=\"elementor-column elementor-col-100 elementor-top-column elementor-element elementor-element-20bf43e\" data-id=\"20bf43e\" data-element_type=\"column\">\n\t\t\t<div class=\"elementor-widget-wrap elementor-element-populated\">\n\t\t\t\t\t\t<div class=\"elementor-element elementor-element-d8895b6 elementor-align-center elementor-widget elementor-widget-button\" data-id=\"d8895b6\" data-element_type=\"widget\" data-widget_type=\"button.default\">\n\t\t\t\t<div class=\"elementor-widget-container\">\n\t\t\t\t\t\t\t\t\t<div class=\"elementor-button-wrapper\">\n\t\t\t\t\t<a class=\"elementor-button elementor-button-link elementor-size-sm\" href=\"https:\/\/s2consulting.fr\/wp-content\/uploads\/2022\/03\/Fiche-programme-Sensibilisation-CMR.pdf\">\n\t\t\t\t\t\t<span class=\"elementor-button-content-wrapper\">\n\t\t\t\t\t\t\t\t\t<span class=\"elementor-button-text\">Programme \u00e0 t\u00e9l\u00e9charger<\/span>\n\t\t\t\t\t<\/span>\n\t\t\t\t\t<\/a>\n\t\t\t\t<\/div>\n\t\t\t\t\t\t\t\t<\/div>\n\t\t\t\t<\/div>\n\t\t\t\t\t<\/div>\n\t\t<\/div>\n\t\t\t\t\t<\/div>\n\t\t<\/section>\n\t\t\t\t<\/div>\n\t\t","protected":false},"excerpt":{"rendered":"<p>Programme de la Formation Initial &amp; Recyclage Ope\u0301rateur de chantier &amp; Encadrant\u00a0Sensibilisation CMR (produits Cance\u0301roge\u0300nes Mutage\u0300nes et Reprotoxiques) \u2013 Amiante et Plomb Objectifs : \u00a7\u00a0Mettre a\u0300 niveau les connaissances re\u0301glementaires et techniques relatives a\u0300 l\u2019amiante et au plomb \u00a7\u00a0Connai\u0302tre les ope\u0301rations spe\u0301cifiques de l&rsquo;activite\u0301 exerce\u0301e pouvant entrai\u0302ner la libe\u0301ration de fibres d&rsquo;amiante et de plomb [&hellip;]<\/p>\n","protected":false},"author":2,"featured_media":0,"parent":0,"menu_order":0,"comment_status":"closed","ping_status":"closed","template":"","meta":{"footnotes":""},"class_list":["post-668","page","type-page","status-publish","hentry"],"_links":{"self":[{"href":"https:\/\/s2consulting.fr\/index.php\/wp-json\/wp\/v2\/pages\/668","targetHints":{"allow":["GET"]}}],"collection":[{"href":"https:\/\/s2consulting.fr\/index.php\/wp-json\/wp\/v2\/pages"}],"about":[{"href":"https:\/\/s2consulting.fr\/index.php\/wp-json\/wp\/v2\/types\/page"}],"author":[{"embeddable":true,"href":"https:\/\/s2consulting.fr\/index.php\/wp-json\/wp\/v2\/users\/2"}],"replies":[{"embeddable":true,"href":"https:\/\/s2consulting.fr\/index.php\/wp-json\/wp\/v2\/comments?post=668"}],"version-history":[{"count":7,"href":"https:\/\/s2consulting.fr\/index.php\/wp-json\/wp\/v2\/pages\/668\/revisions"}],"predecessor-version":[{"id":675,"href":"https:\/\/s2consulting.fr\/index.php\/wp-json\/wp\/v2\/pages\/668\/revisions\/675"}],"wp:attachment":[{"href":"https:\/\/s2consulting.fr\/index.php\/wp-json\/wp\/v2\/media?parent=668"}],"curies":[{"name":"wp","href":"https:\/\/api.w.org\/{rel}","templated":true}]}}