{"id":657,"date":"2022-03-07T15:55:22","date_gmt":"2022-03-07T15:55:22","guid":{"rendered":"https:\/\/s2consulting.fr\/?page_id=657"},"modified":"2022-03-16T15:52:51","modified_gmt":"2022-03-16T15:52:51","slug":"657-2","status":"publish","type":"page","link":"https:\/\/s2consulting.fr\/index.php\/657-2\/","title":{"rendered":"AIPR &#8211; Op\u00e9rateurs &#8211; Encadrants &#8211; Concepteurs"},"content":{"rendered":"\t\t<div data-elementor-type=\"wp-page\" data-elementor-id=\"657\" class=\"elementor elementor-657\">\n\t\t\t\t\t\t<section class=\"elementor-section elementor-top-section elementor-element elementor-element-2fe9349 elementor-section-boxed elementor-section-height-default elementor-section-height-default\" data-id=\"2fe9349\" data-element_type=\"section\">\n\t\t\t\t\t\t<div class=\"elementor-container elementor-column-gap-default\">\n\t\t\t\t\t<div class=\"elementor-column elementor-col-100 elementor-top-column elementor-element elementor-element-1d73342\" data-id=\"1d73342\" data-element_type=\"column\">\n\t\t\t<div class=\"elementor-widget-wrap elementor-element-populated\">\n\t\t\t\t\t\t<div class=\"elementor-element elementor-element-15f26ff elementor-widget elementor-widget-heading\" data-id=\"15f26ff\" data-element_type=\"widget\" data-widget_type=\"heading.default\">\n\t\t\t\t<div class=\"elementor-widget-container\">\n\t\t\t\t\t<h2 class=\"elementor-heading-title elementor-size-xxl\">AIPR - Op\u00e9rateurs - Encadrants - Concepteur<\/h2>\t\t\t\t<\/div>\n\t\t\t\t<\/div>\n\t\t\t\t<section class=\"elementor-section elementor-inner-section elementor-element elementor-element-476a26a elementor-section-boxed elementor-section-height-default elementor-section-height-default\" data-id=\"476a26a\" data-element_type=\"section\">\n\t\t\t\t\t\t<div class=\"elementor-container elementor-column-gap-default\">\n\t\t\t\t\t<div class=\"elementor-column elementor-col-50 elementor-inner-column elementor-element elementor-element-b33201f\" data-id=\"b33201f\" data-element_type=\"column\">\n\t\t\t<div class=\"elementor-widget-wrap elementor-element-populated\">\n\t\t\t\t\t\t<div class=\"elementor-element elementor-element-222906d elementor-widget elementor-widget-image\" data-id=\"222906d\" data-element_type=\"widget\" data-widget_type=\"image.default\">\n\t\t\t\t<div class=\"elementor-widget-container\">\n\t\t\t\t\t\t\t\t\t\t\t\t\t\t\t<img fetchpriority=\"high\" decoding=\"async\" width=\"497\" height=\"282\" src=\"https:\/\/s2consulting.fr\/wp-content\/uploads\/2022\/03\/Formation-professionnelle-Rhone-Alpes-Alpes-Controles-Formation-AIPR-e1646977115440.png\" class=\"attachment-large size-large wp-image-866\" alt=\"\" \/>\t\t\t\t\t\t\t\t\t\t\t\t\t\t\t<\/div>\n\t\t\t\t<\/div>\n\t\t\t\t\t<\/div>\n\t\t<\/div>\n\t\t\t\t<div class=\"elementor-column elementor-col-50 elementor-inner-column elementor-element elementor-element-b05cbf1\" data-id=\"b05cbf1\" data-element_type=\"column\">\n\t\t\t<div class=\"elementor-widget-wrap elementor-element-populated\">\n\t\t\t\t\t\t<div class=\"elementor-element elementor-element-87a3e34 elementor-widget elementor-widget-image\" data-id=\"87a3e34\" data-element_type=\"widget\" data-widget_type=\"image.default\">\n\t\t\t\t<div class=\"elementor-widget-container\">\n\t\t\t\t\t\t\t\t\t\t\t\t\t\t\t<img decoding=\"async\" width=\"800\" height=\"600\" src=\"https:\/\/s2consulting.fr\/wp-content\/uploads\/2022\/03\/Logo-AIPR.png.webp\" class=\"attachment-large size-large wp-image-1082\" alt=\"\" srcset=\"https:\/\/s2consulting.fr\/wp-content\/uploads\/2022\/03\/Logo-AIPR.png.webp 1000w, https:\/\/s2consulting.fr\/wp-content\/uploads\/2022\/03\/Logo-AIPR.png-300x225.webp 300w, https:\/\/s2consulting.fr\/wp-content\/uploads\/2022\/03\/Logo-AIPR.png-768x576.webp 768w\" sizes=\"(max-width: 800px) 100vw, 800px\" \/>\t\t\t\t\t\t\t\t\t\t\t\t\t\t\t<\/div>\n\t\t\t\t<\/div>\n\t\t\t\t\t<\/div>\n\t\t<\/div>\n\t\t\t\t\t<\/div>\n\t\t<\/section>\n\t\t\t\t<div class=\"elementor-element elementor-element-fb4f05a elementor-align-center elementor-widget elementor-widget-button\" data-id=\"fb4f05a\" data-element_type=\"widget\" data-widget_type=\"button.default\">\n\t\t\t\t<div class=\"elementor-widget-container\">\n\t\t\t\t\t\t\t\t\t<div class=\"elementor-button-wrapper\">\n\t\t\t\t\t<a class=\"elementor-button elementor-button-link elementor-size-sm\" href=\"mailto:accueil.s2consulting@gmail.com%20\">\n\t\t\t\t\t\t<span class=\"elementor-button-content-wrapper\">\n\t\t\t\t\t\t\t\t\t<span class=\"elementor-button-text\">Demande de devis<\/span>\n\t\t\t\t\t<\/span>\n\t\t\t\t\t<\/a>\n\t\t\t\t<\/div>\n\t\t\t\t\t\t\t\t<\/div>\n\t\t\t\t<\/div>\n\t\t\t\t<div class=\"elementor-element elementor-element-a8b3c9a elementor-widget elementor-widget-text-editor\" data-id=\"a8b3c9a\" data-element_type=\"widget\" data-widget_type=\"text-editor.default\">\n\t\t\t\t<div class=\"elementor-widget-container\">\n\t\t\t\t\t\t\t\t\t<div class=\"page\" style=\"caret-color: #000000; color: #000000;\" title=\"Page 1\">\n<div class=\"section\">\n<div class=\"layoutArea\">\n<div class=\"column\">\n<p><span style=\"font-size: 9pt; font-family: 'CIDFont+F2'; color: #0070c0;\">Contexte :<\/span><\/p>\n<p><span style=\"font-size: 8pt; font-family: 'CIDFont+F3';\">La nouvelle re\u0301glementation dite \u00ab DT-DICT \u00bb inte\u0301gre\u0301e dans le code de l&rsquo;environnement est applicable depuis le 1er juillet 2012. Elle pre\u0301voit entre autres une obligation de validation de compe\u0301tence pour tous les acteurs du chantier a\u0300 compter du 1<\/span><span style=\"font-size: 5pt; font-family: 'CIDFont+F3'; vertical-align: 3pt;\">er\u00a0<\/span><span style=\"font-size: 8pt; font-family: 'CIDFont+F3';\">janvier 2018 a\u0300 travers la de\u0301livrance de l\u2019AIPR du niveau concerne\u0301.\u00a0<\/span><span style=\"font-size: 9pt; font-family: 'CIDFont+F2'; color: #0070c0;\">Objectifs\u00a0<\/span><span style=\"font-size: 9pt; font-family: 'CIDFont+F3'; color: #0070c0;\">:<\/span><\/p>\n<p><span style=\"font-size: 8pt; font-family: 'CIDFont+F3';\">Appre\u0301hender la re\u0301glementation DT-DICT et le guide technique de se\u0301curisation des chantiers.<br \/>Situer son ro\u0302le parmi les niveaux de responsabilite\u0301s des diffe\u0301rents acteurs.<\/span><\/p>\n<p><span style=\"font-size: 8pt; font-family: 'CIDFont+F3';\">Pouvoir re\u0301aliser des travaux a\u0300 proximite\u0301 des re\u0301seaux en respectant les diffe\u0301rentes recommandations et prescriptions. Comprendre les conse\u0301quences d\u2019un dommage et savoir re\u0301agir. Pouvoir obtenir l\u2019autorisation d\u2019intervention a\u0300 proximite\u0301 des re\u0301seaux (AIPR).<\/span><\/p>\n<p><span style=\"font-size: 9pt; font-family: 'CIDFont+F2'; color: #0070c0;\">Personnes concerne\u0301es\u00a0<\/span><span style=\"font-size: 9pt; font-family: 'CIDFont+F3'; color: #0070c0;\">:<br \/><\/span><span style=\"font-size: 8pt; font-family: 'CIDFont+F3';\">Toute personne affecte\u0301e a\u0300 gestion, a\u0300 l\u2019encadrement ou la re\u0301alisation de travaux a\u0300 proximite\u0301 de re\u0301seaux<br \/><\/span><span style=\"font-size: 9pt; font-family: 'CIDFont+F2'; color: #0070c0;\">Pre\u0301requis\u00a0<\/span><span style=\"font-size: 9pt; font-family: 'CIDFont+F3'; color: #0070c0;\">:<br \/><\/span><span style=\"font-size: 8pt; font-family: 'CIDFont+F3';\">Savoir parler, lire et e\u0301crire le franc\u0327ais.<br \/>Posse\u0301der une expe\u0301rience de travaux sur chantier.<br \/>E\u0302tre a\u0302ge\u0301 de 18 ans re\u0301volus.<\/span><\/p>\n<\/div>\n<div class=\"column\">\n<p><span style=\"font-size: 9pt; font-family: 'CIDFont+F2'; color: #0070c0;\">Accessibilite\u0301 :<\/span><\/p>\n<p><span style=\"font-size: 8pt; font-family: 'CIDFont+F3';\">La formation est accessible, sous conditions, aux personnes en situation de handicap. Nous consulter au pre\u0301alable.\u00a0<\/span><span style=\"font-size: 9pt; font-family: 'CIDFont+F2'; color: #0070c0;\">Dispensateurs de formation\u00a0<\/span><span style=\"font-size: 9pt; font-family: 'CIDFont+F2';\">:<br \/><\/span><span style=\"font-size: 8pt; font-family: 'CIDFont+F3';\">Formateur spe\u0301cialise\u0301 en pre\u0301vention des risques sur chantier\u00a0<\/span><span style=\"font-size: 9pt; font-family: 'CIDFont+F2'; color: #0070c0;\">Dispositif de suivi :<\/span><\/p>\n<p><span style=\"font-size: 8pt; font-family: 'CIDFont+F3';\">Feuille d&rsquo;e\u0301margement par demi-journe\u0301e<\/span><\/p>\n<p><span style=\"font-size: 9pt; font-family: 'CIDFont+F2'; color: #0070c0;\">Me\u0301thodes et moyens pe\u0301dagogiques :<\/span><\/p>\n<p><span style=\"font-size: 8pt; font-family: 'CIDFont+F3';\">Expose\u0301s the\u0301oriques illustre\u0301s,<br \/>Participation active des stagiaires<br \/>Remise d\u2019un support de formation. Questions re\u0301ponses, partage d\u2019expe\u0301riences.\u00a0<\/span><span style=\"font-size: 9pt; font-family: 'CIDFont+F2'; color: #0070c0;\">Dure\u0301e du stage :<\/span><\/p>\n<p><span style=\"font-size: 8pt; font-family: 'CIDFont+F3';\">1 journe\u0301e de 7 heures de formation\u00a0<\/span><span style=\"font-size: 9pt; font-family: 'CIDFont+F2'; color: #0070c0;\">Calendrier :\u00a0<\/span><span style=\"font-size: 8pt; font-family: 'CIDFont+F3';\">Disponible sur simple demande<\/span><\/p>\n<p><span style=\"font-size: 9pt; font-family: 'CIDFont+F2'; color: #0070c0;\">Lieu et nature de l\u2019action :<\/span><\/p>\n<p><span style=\"font-size: 8pt; font-family: 'CIDFont+F3';\">Intra Entreprise \/ Inter entreprise au sein de notre agence<\/span><\/p>\n<p><span style=\"font-size: 9pt; font-family: 'CIDFont+F2'; color: #0070c0;\">Responsable pe\u0301dagogique \/ Re\u0301fe\u0301rent handicap :<\/span><\/p>\n<p><span style=\"font-size: 8pt; font-family: 'CIDFont+F3';\">Monsieur Ste\u0301phane SANGORRIN<\/span><\/p>\n<p><span style=\"font-size: 9pt; font-family: 'CIDFont+F2'; color: #0070c0;\">Mode de validation :<\/span><\/p>\n<p><span style=\"font-size: 8pt; font-family: 'CIDFont+F3';\">Examen QCM sur plateforme de\u0301die\u0301e<\/span><\/p>\n<\/div>\n<\/div>\n<\/div>\n<\/div>\t\t\t\t\t\t\t\t<\/div>\n\t\t\t\t<\/div>\n\t\t\t\t\t<\/div>\n\t\t<\/div>\n\t\t\t\t\t<\/div>\n\t\t<\/section>\n\t\t\t\t<section class=\"elementor-section elementor-top-section elementor-element elementor-element-0bde541 elementor-section-boxed elementor-section-height-default elementor-section-height-default\" data-id=\"0bde541\" data-element_type=\"section\">\n\t\t\t\t\t\t<div class=\"elementor-container elementor-column-gap-default\">\n\t\t\t\t\t<div class=\"elementor-column elementor-col-100 elementor-top-column elementor-element elementor-element-0206f14\" data-id=\"0206f14\" data-element_type=\"column\">\n\t\t\t<div class=\"elementor-widget-wrap elementor-element-populated\">\n\t\t\t\t\t\t<div class=\"elementor-element elementor-element-0ce3188 elementor-widget elementor-widget-text-editor\" data-id=\"0ce3188\" data-element_type=\"widget\" data-widget_type=\"text-editor.default\">\n\t\t\t\t<div class=\"elementor-widget-container\">\n\t\t\t\t\t\t\t\t\t<div class=\"page\" style=\"caret-color: #000000; color: #000000;\" title=\"Page 1\">\n<div class=\"section\">\n<div class=\"layoutArea\">\n<div class=\"column\">\n<p><span style=\"font-size: 9pt; font-family: 'CIDFont+F2'; color: #0070c0;\">CONTEXTE ET RE\u0301GLEMENTATION<\/span><\/p>\n<ul style=\"list-style-type: none;\">\n<li>\n<p><span style=\"font-size: 8pt; font-family: 'CIDFont+F6';\">\u25cf \u00a0<\/span><span style=\"font-size: 8pt; font-family: 'CIDFont+F3';\">Pre\u0301sentation et objectifs de la formation.<\/span><\/p>\n<\/li>\n<li>\n<p><span style=\"font-size: 8pt; font-family: 'CIDFont+F6';\">\u25cf \u00a0<\/span><span style=\"font-size: 8pt; font-family: 'CIDFont+F3';\">Contexte et enjeux de la re\u0301glementation.<\/span><\/p>\n<\/li>\n<li>\n<p><span style=\"font-size: 8pt; font-family: 'CIDFont+F6';\">\u25cf \u00a0<\/span><span style=\"font-size: 8pt; font-family: 'CIDFont+F3';\">Les obligations des diffe\u0301rents acteurs.<\/span><\/p>\n<\/li>\n<li>\n<p><span style=\"font-size: 8pt; font-family: 'CIDFont+F6';\">\u25cf \u00a0<\/span><span style=\"font-size: 8pt; font-family: 'CIDFont+F3';\">Les proce\u0301dures mises en place (DT suivie par<\/span><\/p>\n<p><span style=\"font-size: 8pt; font-family: 'CIDFont+F3';\">DICT ; DT-DICT conjointe, ATU).<\/span><\/p>\n<\/li>\n<li>\n<p><span style=\"font-size: 8pt; font-family: 'CIDFont+F6';\">\u25cf \u00a0<\/span><span style=\"font-size: 8pt; font-family: 'CIDFont+F3';\">Les diffe\u0301rents principes ge\u0301ne\u0301raux de pre\u0301vention<\/span><\/p>\n<p><span style=\"font-size: 8pt; font-family: 'CIDFont+F3';\">selon tes types de travaux.<\/span><\/p>\n<\/li>\n<li>\n<p><span style=\"font-size: 8pt; font-family: 'CIDFont+F6';\">\u25cf \u00a0<\/span><span style=\"font-size: 8pt; font-family: 'CIDFont+F3';\">Les sanctions applicables.<\/span><\/p>\n<\/li>\n<li>\n<p><span style=\"font-size: 8pt; font-family: 'CIDFont+F6';\">\u25cf \u00a0<\/span><span style=\"font-size: 8pt; font-family: 'CIDFont+F3';\">Pourquoi une AIPR ?<\/span><\/p>\n<p><span style=\"font-size: 9pt; font-family: 'CIDFont+F2'; color: #0070c0;\">LA MISE EN OEUVRE DU CHANTIER<\/span><\/p>\n<\/li>\n<\/ul>\n<ul style=\"list-style-type: none;\">\n<li>\n<p><span style=\"font-size: 8pt; font-family: 'CIDFont+F6';\">\u25cf \u00a0<\/span><span style=\"font-size: 8pt; font-family: 'CIDFont+F3';\">Les documents ne\u0301cessaires sur un chantier.<\/span><\/p>\n<\/li>\n<li>\n<p><span style=\"font-size: 8pt; font-family: 'CIDFont+F6';\">\u25cf \u00a0<\/span><span style=\"font-size: 8pt; font-family: 'CIDFont+F3';\">Les piquetages et marquages au sol.<\/span><\/p>\n<\/li>\n<li>\n<p><span style=\"font-size: 8pt; font-family: 'CIDFont+F6';\">\u25cf \u00a0<\/span><span style=\"font-size: 8pt; font-family: 'CIDFont+F3';\">Les actions de pre\u0301vention a\u0300 re\u0301aliser avant le<\/span><\/p>\n<p><span style=\"font-size: 8pt; font-family: 'CIDFont+F3';\">de\u0301marrage effectif des travaux.<\/span><\/p>\n<\/li>\n<li>\n<p><span style=\"font-size: 8pt; font-family: 'CIDFont+F6';\">\u25cf \u00a0<\/span><span style=\"font-size: 8pt; font-family: 'CIDFont+F3';\">Le guide technique : pre\u0301sentation et mode<\/span><\/p>\n<p><span style=\"font-size: 8pt; font-family: 'CIDFont+F3';\">d\u2019emploi.<\/span><\/p>\n<\/li>\n<li>\n<p><span style=\"font-size: 8pt; font-family: 'CIDFont+F6';\">\u25cf \u00a0<\/span><span style=\"font-size: 8pt; font-family: 'CIDFont+F3';\">Conditions, responsabilite\u0301s et de\u0301claration d\u2019un<\/span><\/p>\n<p><span style=\"font-size: 8pt; font-family: 'CIDFont+F3';\">arre\u0302t de chantier.<\/span><\/p>\n<p><span style=\"font-size: 9pt; font-family: 'CIDFont+F2'; color: #0070c0;\">TRAVAILLER A\u0300 PROXIMITE RE\u0301SEAUX<\/span><\/p>\n<\/li>\n<\/ul>\n<ul style=\"list-style-type: none;\">\n<li>\n<p><span style=\"font-size: 8pt; font-family: 'CIDFont+F6';\">\u25cf \u00a0<\/span><span style=\"font-size: 8pt; font-family: 'CIDFont+F3';\">Les cas d\u2019obligations de pre\u0301sence des exploitants.<\/span><\/p>\n<\/li>\n<li>\n<p><span style=\"font-size: 8pt; font-family: 'CIDFont+F6';\">\u25cf \u00a0<\/span><span style=\"font-size: 8pt; font-family: 'CIDFont+F3';\">Les moyens de protection collective et individuelle.<\/span><\/p>\n<\/li>\n<li>\n<p><span style=\"font-size: 8pt; font-family: 'CIDFont+F6';\">\u25cf \u00a0<\/span><span style=\"font-size: 8pt; font-family: 'CIDFont+F3';\">Les e\u0301le\u0301ments de re\u0301seaux visibles sur le terrain.<\/span><\/p>\n<\/li>\n<li>\n<p><span style=\"font-size: 8pt; font-family: 'CIDFont+F6';\">\u25cf \u00a0<\/span><span style=\"font-size: 8pt; font-family: 'CIDFont+F3';\">Pouvoir reconnaitre des situations potentiellement<\/span><\/p>\n<p><span style=\"font-size: 8pt; font-family: 'CIDFont+F3';\">dangereuses ou inattendues.<\/span><\/p>\n<\/li>\n<li>\n<p><span style=\"font-size: 8pt; font-family: 'CIDFont+F6';\">\u25cf \u00a0<\/span><span style=\"font-size: 8pt; font-family: 'CIDFont+F3';\">Les re\u0300gles pour les branchements.<\/span><\/p>\n<\/li>\n<li>\n<p><span style=\"font-size: 8pt; font-family: 'CIDFont+F6';\">\u25cf \u00a0<\/span><span style=\"font-size: 8pt; font-family: 'CIDFont+F3';\">Les conditions de recours a\u0300 l\u2019arre\u0302t de chantier.<\/span><\/p>\n<\/li>\n<li>\n<p><span style=\"font-size: 8pt; font-family: 'CIDFont+F6';\">\u25cf \u00a0<\/span><span style=\"font-size: 8pt; font-family: 'CIDFont+F3';\">L\u2019obligation de re\u0301colement.<\/span><\/p>\n<\/li>\n<\/ul>\n<\/div>\n<div class=\"column\">\n<ul style=\"list-style-type: none;\">\n<li>\n<p><span style=\"font-size: 8pt; font-family: 'CIDFont+F6';\">\u25cf \u00a0<\/span><span style=\"font-size: 8pt; font-family: 'CIDFont+F3';\">Les consignes spe\u0301cifiques pour les travaux urgents.<\/span><\/p>\n<\/li>\n<li>\n<p><span style=\"font-size: 8pt; font-family: 'CIDFont+F6';\">\u25cf \u00a0<\/span><span style=\"font-size: 8pt; font-family: 'CIDFont+F3';\">Re\u0300gles de se\u0301curite\u0301<\/span><span style=\"font-size: 8pt; font-family: 'CIDFont+F3'; vertical-align: 1pt;\">\u0301\u00a0<\/span><span style=\"font-size: 8pt; font-family: 'CIDFont+F3';\">lors de travaux a\u0300 proximite\u0301<\/span><span style=\"font-size: 8pt; font-family: 'CIDFont+F3'; vertical-align: 1pt;\">\u0301\u00a0<\/span><span style=\"font-size: 8pt; font-family: 'CIDFont+F3';\">des re\u0301seaux.<\/span><\/p>\n<p><span style=\"font-size: 9pt; font-family: 'CIDFont+F2'; color: #0070c0;\">SAVOIR PRE\u0301PARER SON INTERVENTION<\/span><\/p>\n<\/li>\n<\/ul>\n<ul style=\"list-style-type: none;\">\n<li>\n<p><span style=\"font-size: 8pt; font-family: 'CIDFont+F6';\">\u25cf \u00a0<\/span><span style=\"font-size: 8pt; font-family: 'CIDFont+F3';\">Reconnaitre les diffe\u0301rents types de re\u0301seaux et leurs caracte\u0301ristiques.<\/span><\/p>\n<\/li>\n<li>\n<p><span style=\"font-size: 8pt; font-family: 'CIDFont+F6';\">\u25cf \u00a0<\/span><span style=\"font-size: 8pt; font-family: 'CIDFont+F3';\">Les diffe\u0301rentes classes de plan.<\/span><\/p>\n<\/li>\n<li>\n<p><span style=\"font-size: 8pt; font-family: 'CIDFont+F6';\">\u25cf \u00a0<\/span><span style=\"font-size: 8pt; font-family: 'CIDFont+F3';\">Lectures de plan et nomenclature des re\u0301seaux.<\/span><\/p>\n<\/li>\n<li>\n<p><span style=\"font-size: 8pt; font-family: 'CIDFont+F6';\">\u25cf \u00a0<\/span><span style=\"font-size: 8pt; font-family: 'CIDFont+F3';\">Les me\u0301thodes existantes pour le repe\u0301rage des<\/span><\/p>\n<p><span style=\"font-size: 8pt; font-family: 'CIDFont+F3';\">re\u0301seaux.<\/span><\/p>\n<p><span style=\"font-size: 9pt; font-family: 'CIDFont+F2'; color: #0070c0;\">EN CAS D\u2019ANOMALIES<\/span><\/p>\n<\/li>\n<\/ul>\n<ul style=\"list-style-type: none;\">\n<li>\n<p><span style=\"font-size: 8pt; font-family: 'CIDFont+F6';\">\u25cf \u00a0<\/span><span style=\"font-size: 8pt; font-family: 'CIDFont+F3';\">Mesures a\u0300 respecter en cas d&rsquo;accrochage.<\/span><\/p>\n<\/li>\n<li>\n<p><span style=\"font-size: 8pt; font-family: 'CIDFont+F6';\">\u25cf \u00a0<\/span><span style=\"font-size: 8pt; font-family: 'CIDFont+F3';\">La re\u0300gle des 4A.<\/span><\/p>\n<\/li>\n<li>\n<p><span style=\"font-size: 8pt; font-family: 'CIDFont+F6';\">\u25cf \u00a0<\/span><span style=\"font-size: 8pt; font-family: 'CIDFont+F3';\">De\u0301claration de dommages, responsabilite\u0301s de<\/span><\/p>\n<p><span style=\"font-size: 8pt; font-family: 'CIDFont+F3';\">l\u2019entreprise<\/span><\/p>\n<\/li>\n<\/ul>\n<\/div>\n<\/div>\n<\/div>\n<\/div>\t\t\t\t\t\t\t\t<\/div>\n\t\t\t\t<\/div>\n\t\t\t\t\t<\/div>\n\t\t<\/div>\n\t\t\t\t\t<\/div>\n\t\t<\/section>\n\t\t\t\t<section class=\"elementor-section elementor-top-section elementor-element elementor-element-ac5fa75 elementor-section-boxed elementor-section-height-default elementor-section-height-default\" data-id=\"ac5fa75\" data-element_type=\"section\">\n\t\t\t\t\t\t<div class=\"elementor-container elementor-column-gap-default\">\n\t\t\t\t\t<div class=\"elementor-column elementor-col-100 elementor-top-column elementor-element elementor-element-d3cd1cf\" data-id=\"d3cd1cf\" data-element_type=\"column\">\n\t\t\t<div class=\"elementor-widget-wrap elementor-element-populated\">\n\t\t\t\t\t\t<div class=\"elementor-element elementor-element-ea58e21 elementor-align-center elementor-widget elementor-widget-button\" data-id=\"ea58e21\" data-element_type=\"widget\" data-widget_type=\"button.default\">\n\t\t\t\t<div class=\"elementor-widget-container\">\n\t\t\t\t\t\t\t\t\t<div class=\"elementor-button-wrapper\">\n\t\t\t\t\t<a class=\"elementor-button elementor-button-link elementor-size-sm\" href=\"https:\/\/s2consulting.fr\/wp-content\/uploads\/2022\/03\/fiche-programme-AIPR-toux-nvx.pdf\">\n\t\t\t\t\t\t<span class=\"elementor-button-content-wrapper\">\n\t\t\t\t\t\t\t\t\t<span class=\"elementor-button-text\">Programme \u00e0 t\u00e9l\u00e9charger<\/span>\n\t\t\t\t\t<\/span>\n\t\t\t\t\t<\/a>\n\t\t\t\t<\/div>\n\t\t\t\t\t\t\t\t<\/div>\n\t\t\t\t<\/div>\n\t\t\t\t\t<\/div>\n\t\t<\/div>\n\t\t\t\t\t<\/div>\n\t\t<\/section>\n\t\t\t\t<\/div>\n\t\t","protected":false},"excerpt":{"rendered":"<p>AIPR &#8211; Op\u00e9rateurs &#8211; Encadrants &#8211; Concepteur Demande de devis Contexte : La nouvelle re\u0301glementation dite \u00ab DT-DICT \u00bb inte\u0301gre\u0301e dans le code de l&rsquo;environnement est applicable depuis le 1er juillet 2012. Elle pre\u0301voit entre autres une obligation de validation de compe\u0301tence pour tous les acteurs du chantier a\u0300 compter du 1er\u00a0janvier 2018 a\u0300 travers [&hellip;]<\/p>\n","protected":false},"author":2,"featured_media":0,"parent":0,"menu_order":0,"comment_status":"closed","ping_status":"closed","template":"","meta":{"footnotes":""},"class_list":["post-657","page","type-page","status-publish","hentry"],"_links":{"self":[{"href":"https:\/\/s2consulting.fr\/index.php\/wp-json\/wp\/v2\/pages\/657","targetHints":{"allow":["GET"]}}],"collection":[{"href":"https:\/\/s2consulting.fr\/index.php\/wp-json\/wp\/v2\/pages"}],"about":[{"href":"https:\/\/s2consulting.fr\/index.php\/wp-json\/wp\/v2\/types\/page"}],"author":[{"embeddable":true,"href":"https:\/\/s2consulting.fr\/index.php\/wp-json\/wp\/v2\/users\/2"}],"replies":[{"embeddable":true,"href":"https:\/\/s2consulting.fr\/index.php\/wp-json\/wp\/v2\/comments?post=657"}],"version-history":[{"count":24,"href":"https:\/\/s2consulting.fr\/index.php\/wp-json\/wp\/v2\/pages\/657\/revisions"}],"predecessor-version":[{"id":1673,"href":"https:\/\/s2consulting.fr\/index.php\/wp-json\/wp\/v2\/pages\/657\/revisions\/1673"}],"wp:attachment":[{"href":"https:\/\/s2consulting.fr\/index.php\/wp-json\/wp\/v2\/media?parent=657"}],"curies":[{"name":"wp","href":"https:\/\/api.w.org\/{rel}","templated":true}]}}