{"id":631,"date":"2022-03-07T15:40:39","date_gmt":"2022-03-07T15:40:39","guid":{"rendered":"https:\/\/s2consulting.fr\/?page_id=631"},"modified":"2025-03-25T15:28:55","modified_gmt":"2025-03-25T15:28:55","slug":"caces-r490-grues-de-chargement","status":"publish","type":"page","link":"https:\/\/s2consulting.fr\/index.php\/caces-r490-grues-de-chargement\/","title":{"rendered":"CACES\u00ae R490 Grues de Chargement"},"content":{"rendered":"\t\t<div data-elementor-type=\"wp-page\" data-elementor-id=\"631\" class=\"elementor elementor-631\">\n\t\t\t\t\t\t<section class=\"elementor-section elementor-top-section elementor-element elementor-element-1ab70ff elementor-section-boxed elementor-section-height-default elementor-section-height-default\" data-id=\"1ab70ff\" data-element_type=\"section\">\n\t\t\t\t\t\t<div class=\"elementor-container elementor-column-gap-default\">\n\t\t\t\t\t<div class=\"elementor-column elementor-col-100 elementor-top-column elementor-element elementor-element-778d819\" data-id=\"778d819\" data-element_type=\"column\">\n\t\t\t<div class=\"elementor-widget-wrap elementor-element-populated\">\n\t\t\t\t\t\t<div class=\"elementor-element elementor-element-da78a2c elementor-widget elementor-widget-heading\" data-id=\"da78a2c\" data-element_type=\"widget\" data-widget_type=\"heading.default\">\n\t\t\t\t<div class=\"elementor-widget-container\">\n\t\t\t\t\t<h2 class=\"elementor-heading-title elementor-size-xxl\">CACES\u00ae R490 Grues de chargement\u200b<\/h2>\t\t\t\t<\/div>\n\t\t\t\t<\/div>\n\t\t\t\t<section class=\"elementor-section elementor-inner-section elementor-element elementor-element-0bd3c39 elementor-section-boxed elementor-section-height-default elementor-section-height-default\" data-id=\"0bd3c39\" data-element_type=\"section\">\n\t\t\t\t\t\t<div class=\"elementor-container elementor-column-gap-default\">\n\t\t\t\t\t<div class=\"elementor-column elementor-col-50 elementor-inner-column elementor-element elementor-element-ed306e6\" data-id=\"ed306e6\" data-element_type=\"column\">\n\t\t\t<div class=\"elementor-widget-wrap elementor-element-populated\">\n\t\t\t\t\t\t<div class=\"elementor-element elementor-element-85b75f1 elementor-widget elementor-widget-text-editor\" data-id=\"85b75f1\" data-element_type=\"widget\" data-widget_type=\"text-editor.default\">\n\t\t\t\t<div class=\"elementor-widget-container\">\n\t\t\t\t\t\t\t\t\t<p>Cette formation CACES\u00ae est propos\u00e9e \u00e9galement en formation Autorisation de conduite.<\/p>\t\t\t\t\t\t\t\t<\/div>\n\t\t\t\t<\/div>\n\t\t\t\t\t<\/div>\n\t\t<\/div>\n\t\t\t\t<div class=\"elementor-column elementor-col-50 elementor-inner-column elementor-element elementor-element-dc82122\" data-id=\"dc82122\" data-element_type=\"column\">\n\t\t\t<div class=\"elementor-widget-wrap elementor-element-populated\">\n\t\t\t\t\t\t<div class=\"elementor-element elementor-element-78fde53 elementor-align-center elementor-widget elementor-widget-button\" data-id=\"78fde53\" data-element_type=\"widget\" data-widget_type=\"button.default\">\n\t\t\t\t<div class=\"elementor-widget-container\">\n\t\t\t\t\t\t\t\t\t<div class=\"elementor-button-wrapper\">\n\t\t\t\t\t<a class=\"elementor-button elementor-button-link elementor-size-sm\" href=\"mailto:accueil.s2consulting@gmail.com%20\" target=\"_blank\">\n\t\t\t\t\t\t<span class=\"elementor-button-content-wrapper\">\n\t\t\t\t\t\t\t\t\t<span class=\"elementor-button-text\">DEMANDE DE DEVIS <\/span>\n\t\t\t\t\t<\/span>\n\t\t\t\t\t<\/a>\n\t\t\t\t<\/div>\n\t\t\t\t\t\t\t\t<\/div>\n\t\t\t\t<\/div>\n\t\t\t\t\t<\/div>\n\t\t<\/div>\n\t\t\t\t\t<\/div>\n\t\t<\/section>\n\t\t\t\t<div class=\"elementor-element elementor-element-59e7500 elementor-widget elementor-widget-image\" data-id=\"59e7500\" data-element_type=\"widget\" data-widget_type=\"image.default\">\n\t\t\t\t<div class=\"elementor-widget-container\">\n\t\t\t\t\t\t\t\t\t\t\t\t\t\t\t<img fetchpriority=\"high\" decoding=\"async\" width=\"595\" height=\"842\" src=\"https:\/\/s2consulting.fr\/wp-content\/uploads\/2021\/09\/R486A.jpg\" class=\"attachment-large size-large wp-image-433\" alt=\"\" srcset=\"https:\/\/s2consulting.fr\/wp-content\/uploads\/2021\/09\/R486A.jpg 595w, https:\/\/s2consulting.fr\/wp-content\/uploads\/2021\/09\/R486A-212x300.jpg 212w\" sizes=\"(max-width: 595px) 100vw, 595px\" \/>\t\t\t\t\t\t\t\t\t\t\t\t\t\t\t<\/div>\n\t\t\t\t<\/div>\n\t\t\t\t\t<\/div>\n\t\t<\/div>\n\t\t\t\t\t<\/div>\n\t\t<\/section>\n\t\t\t\t<section class=\"elementor-section elementor-top-section elementor-element elementor-element-fc7cc4c elementor-section-boxed elementor-section-height-default elementor-section-height-default\" data-id=\"fc7cc4c\" data-element_type=\"section\">\n\t\t\t\t\t\t<div class=\"elementor-container elementor-column-gap-default\">\n\t\t\t\t\t<div class=\"elementor-column elementor-col-100 elementor-top-column elementor-element elementor-element-2fbc1d5\" data-id=\"2fbc1d5\" data-element_type=\"column\">\n\t\t\t<div class=\"elementor-widget-wrap elementor-element-populated\">\n\t\t\t\t\t\t<div class=\"elementor-element elementor-element-4ee6c8d elementor-widget elementor-widget-text-editor\" data-id=\"4ee6c8d\" data-element_type=\"widget\" data-widget_type=\"text-editor.default\">\n\t\t\t\t<div class=\"elementor-widget-container\">\n\t\t\t\t\t\t\t\t\t<div class=\"page\" style=\"caret-color: #000000; color: #000000;\" title=\"Page 1\">\n<div class=\"layoutArea\">\n<div class=\"column\">\n<p><span style=\"font-size: 9pt; font-family: 'CIDFont+F2'; color: #0070c0;\">Contexte :<\/span><\/p>\n<p><span style=\"font-size: 8pt; font-family: 'CIDFont+F1';\">Le de\u0301cret n\u00b02008-244 du 7 mars 2008 valide que : La conduite des e\u0301quipements de travail mobiles automoteurs et des e\u0301quipements de travail servant au levage est re\u0301serve\u0301e aux travailleurs qui ont rec\u0327u une formation ade\u0301quate. L\u2019autorisation de conduite de\u0301livre\u0301e par l\u2019employeur est obligatoire et doit s\u2019appuyer, entre autre, sur un contro\u0302le des connaissances et savoir- faire pour la conduite en se\u0301curite\u0301.<\/span><\/p>\n<p><span style=\"font-size: 9pt; font-family: 'CIDFont+F2'; color: #0070c0;\">Objectifs :<\/span><\/p>\n<p><span style=\"font-size: 8pt; font-family: 'CIDFont+F1';\">Etre capable de mai\u0302triser la conduite d\u2019une grue auxiliaire<br>Connai\u0302tre les re\u0300gles d\u2019une utilisation en se\u0301curite\u0301<br>Prendre connaissance des risques d\u2019accidents et d\u2019incidents pour les e\u0301liminer, Connai\u0302tre sa machine pour mieux l\u2019utiliser.<br>Assurer l\u2019entretien simple de sa grue auxiliaire<br>Obtenir le CACES \u00ae R490 avec ou sans te\u0301le\u0301commande<br><\/span><span style=\"font-size: 9pt; font-family: 'CIDFont+F2'; color: #0070c0;\">Personnes concerne\u0301es :<br><\/span><span style=\"font-size: 8pt; font-family: 'CIDFont+F1';\">Toute personne devant travailler avec une grue auxiliaire, me\u0302me occasionnellement<br><\/span><span style=\"font-size: 9pt; font-family: 'CIDFont+F2'; color: #0070c0;\">Pre\u0301 requis :<br><\/span><span style=\"font-size: 8pt; font-family: 'CIDFont+F1';\">E\u0302tre a\u0302ge\u0301 d\u2019au moins 18 ans<br>Mai\u0302triser la lecture et les 4 ope\u0301rations.<br><\/span><span style=\"font-size: 9pt; font-family: 'CIDFont+F2'; color: #0070c0;\">Accessibilite\u0301 :<br><\/span><span style=\"font-size: 8pt; font-family: 'CIDFont+F1';\">La formation est accessible, sous conditions, aux personnes en situation de handicap. Nous consulter au pre\u0301alable.<\/span><\/p>\n<\/div>\n<div class=\"column\">\n<p><span style=\"font-size: 9pt; font-family: 'CIDFont+F2'; color: #0070c0;\">Dispensateurs de formation :<\/span><\/p>\n<p><span style=\"font-size: 8pt; font-family: 'CIDFont+F1';\">Formateurs spe\u0301cialise\u0301s dans la conduite et la manipulation de grues auxiliaires de chargement<br><\/span><span style=\"font-size: 9pt; font-family: 'CIDFont+F2'; color: #0070c0;\">Dispositif de suivi :<br><\/span><span style=\"font-size: 8pt; font-family: 'CIDFont+F1';\">Feuille d&rsquo;e\u0301margement par demi-journe\u0301e<\/span><\/p>\n<p><span style=\"font-size: 8pt; font-family: 'CIDFont+F1';\">Attestation de stage<br><\/span><span style=\"font-size: 9pt; font-family: 'CIDFont+F2'; color: #0070c0;\">Dure\u0301e du stage :&nbsp;<\/span><span style=\"font-size: 8pt; font-family: 'CIDFont+F1';\">variable selon cate\u0301gories vise\u0301es<br>Initiale : 3 jours &amp; Recyclage 1 a\u0300 2 jours<br><\/span><span style=\"font-size: 9pt; font-family: 'CIDFont+F2'; color: #0070c0;\">Calendrier :&nbsp;<\/span><span style=\"font-size: 8pt; font-family: 'CIDFont+F1';\">Disponible sur simple demande<br><\/span><span style=\"font-size: 9pt; font-family: 'CIDFont+F2'; color: #0070c0;\">Me\u0301thodes et moyens pe\u0301dagogiques :<br><\/span><span style=\"font-size: 8pt; font-family: 'CIDFont+F1';\">Enseignement the\u0301orique multime\u0301dia<br>Pratique sur grue auxiliaire<br>Ope\u0301ration de levage, pose et de\u0301pose<br>Exercices pratiques sur plateau technique<br><\/span><span style=\"font-size: 9pt; font-family: 'CIDFont+F2'; color: #0070c0;\">Nature de l\u2019action :<br><\/span><span style=\"font-size: 8pt; font-family: 'CIDFont+F1';\">Inter ou intra entreprise<br><\/span><span style=\"font-size: 9pt; font-family: 'CIDFont+F2'; color: #0070c0;\">Responsable pe\u0301dagogique \/ Re\u0301fe\u0301rent handicap :&nbsp;<\/span><span style=\"font-size: 8pt; font-family: 'CIDFont+F1';\">Monsieur Ste\u0301phane SANGORRIN<br><\/span><span style=\"font-size: 9pt; font-family: 'CIDFont+F2'; color: #0070c0;\">Mode de validation :<br><\/span><span style=\"font-size: 8pt; font-family: 'CIDFont+F1';\">Le stagiaire rec\u0327oit une attestation de formation.<br>Cette formation permet au participant d\u2019obtenir le CACES \u00ae R490 Test CACES\u00ae re\u0301alise\u0301s par un partenaire organisme testeur certifie\u0301<\/span><\/p>\n<\/div>\n<\/div>\n<\/div>\t\t\t\t\t\t\t\t<\/div>\n\t\t\t\t<\/div>\n\t\t\t\t\t<\/div>\n\t\t<\/div>\n\t\t\t\t\t<\/div>\n\t\t<\/section>\n\t\t\t\t<section class=\"elementor-section elementor-top-section elementor-element elementor-element-b820b24 elementor-section-boxed elementor-section-height-default elementor-section-height-default\" data-id=\"b820b24\" data-element_type=\"section\">\n\t\t\t\t\t\t<div class=\"elementor-container elementor-column-gap-default\">\n\t\t\t\t\t<div class=\"elementor-column elementor-col-100 elementor-top-column elementor-element elementor-element-918f2c2\" data-id=\"918f2c2\" data-element_type=\"column\">\n\t\t\t<div class=\"elementor-widget-wrap elementor-element-populated\">\n\t\t\t\t\t\t<div class=\"elementor-element elementor-element-86193ea elementor-widget elementor-widget-text-editor\" data-id=\"86193ea\" data-element_type=\"widget\" data-widget_type=\"text-editor.default\">\n\t\t\t\t<div class=\"elementor-widget-container\">\n\t\t\t\t\t\t\t\t\t<div class=\"page\" style=\"caret-color: #000000; color: #000000;\" title=\"Page 1\">\n<div class=\"layoutArea\">\n<div class=\"column\">\n<p><span style=\"font-size: 9pt; font-family: 'CIDFont+F2'; color: #0070c0;\">CONNAISSANCES THE\u0301ORIQUES<\/span><\/p>\n<p><span style=\"font-size: 9pt; font-family: 'CIDFont+F2'; color: #0070c0;\">Connaissances ge\u0301ne\u0301rales<\/span><\/p>\n<ul style=\"list-style-type: none;\">\n<li>\n<p><span style=\"font-size: 8pt; font-family: 'CIDFont+F6';\">\uf0b7 \u00a0<\/span><span style=\"font-size: 8pt; font-family: 'CIDFont+F1';\">Ro\u0302le et responsabilite\u0301s de chacun<\/span><\/p>\n<\/li>\n<li>\n<p><span style=\"font-size: 8pt; font-family: 'CIDFont+F6';\">\uf0b7 \u00a0<\/span><span style=\"font-size: 8pt; font-family: 'CIDFont+F1';\">Connaissance des diffe\u0301rents acteurs internes et externes en<\/span><\/p>\n<p><span style=\"font-size: 8pt; font-family: 'CIDFont+F1';\">pre\u0301vention des risques<\/span><\/p>\n<p><span style=\"font-size: 9pt; font-family: 'CIDFont+F2'; color: #0070c0;\">Technologie des grues de chargement<\/span><\/p>\n<\/li>\n<\/ul>\n<ul style=\"list-style-type: none;\">\n<li>\n<p><span style=\"font-size: 8pt; font-family: 'CIDFont+F6';\">\uf0b7 \u00a0<\/span><span style=\"font-size: 8pt; font-family: 'CIDFont+F1';\">Terminologie et caracte\u0301ristiques ge\u0301ne\u0301rales (hauteurs, fle\u0300che, porte\u0301e, capacite\u0301)<\/span><\/p>\n<\/li>\n<li>\n<p><span style=\"font-size: 8pt; font-family: 'CIDFont+F6';\">\uf0b7 \u00a0<\/span><span style=\"font-size: 8pt; font-family: 'CIDFont+F1';\">Identification, ro\u0302le et principes de fonctionnement des diffe\u0301rents composants et me\u0301canismes et dispositifs de se\u0301curite\u0301<\/span><\/p>\n<\/li>\n<li>\n<p><span style=\"font-size: 8pt; font-family: 'CIDFont+F6';\">\uf0b7 \u00a0<\/span><span style=\"font-size: 8pt; font-family: 'CIDFont+F1';\">Risques lie\u0301s a\u0300 la neutralisation de ces dispositifs\u00a0<\/span><span style=\"font-size: 9pt; font-family: 'CIDFont+F2'; color: #0070c0;\">Notions e\u0301le\u0301mentaires de physique<\/span><\/p>\n<\/li>\n<\/ul>\n<p><span style=\"font-size: 8pt; font-family: 'CIDFont+F6';\">\uf0b7\u00a0<\/span><span style=\"font-size: 8pt; font-family: 'CIDFont+F1';\">Evaluation de la masse, de la surface au vent et de la position du centre de gravite\u0301 des charges et conditions d\u2019e\u0301quilibre<\/span><\/p>\n<p><span style=\"font-size: 9pt; font-family: 'CIDFont+F2'; color: #0070c0;\">Stabilite\u0301 des grues de chargement<\/span><\/p>\n<ul style=\"list-style-type: none;\">\n<li>\n<p><span style=\"font-size: 8pt; font-family: 'CIDFont+F6';\">\uf0b7 \u00a0<\/span><span style=\"font-size: 8pt; font-family: 'CIDFont+F1';\">Re\u0300gles de stabilisation<\/span><\/p>\n<\/li>\n<li>\n<p><span style=\"font-size: 8pt; font-family: 'CIDFont+F6';\">\uf0b7 \u00a0<\/span><span style=\"font-size: 8pt; font-family: 'CIDFont+F1';\">Utilisation des courbes de charges\u00a0<\/span><span style=\"font-size: 9pt; font-family: 'CIDFont+F2'; color: #0070c0;\">De\u0301placement des grues de chargement sur site<\/span><\/p>\n<\/li>\n<\/ul>\n<ul style=\"list-style-type: none;\">\n<li>\n<p><span style=\"font-size: 8pt; font-family: 'CIDFont+F6';\">\uf0b7 \u00a0<\/span><span style=\"font-size: 8pt; font-family: 'CIDFont+F1';\">Re\u0300gles relatives a\u0300 la position de la fle\u0300che et des stabilisateurs lors des de\u0301placements<\/span><\/p>\n<\/li>\n<li>\n<p><span style=\"font-size: 8pt; font-family: 'CIDFont+F6';\">\uf0b7 \u00a0<\/span><span style=\"font-size: 8pt; font-family: 'CIDFont+F1';\">Re\u0300gles de signalisation sur site<\/span><\/p>\n<\/li>\n<li>\n<p><span style=\"font-size: 8pt; font-family: 'CIDFont+F6';\">\uf0b7 \u00a0<\/span><span style=\"font-size: 8pt; font-family: 'CIDFont+F1';\">Re\u0300gles de bonne pratique en matie\u0300re d\u2019arrimage des charges\u00a0<\/span><span style=\"font-size: 9pt; font-family: 'CIDFont+F2'; color: #0070c0;\">Risques lie\u0301s a\u0300 l\u2019utilisation des grues de chargement<\/span><\/p>\n<\/li>\n<\/ul>\n<p><span style=\"font-size: 8pt; font-family: 'CIDFont+F6';\">\uf0b7\u00a0<\/span><span style=\"font-size: 8pt; font-family: 'CIDFont+F1';\">Principaux risques &#8211; Origine(s) et moyens de pre\u0301vention associe\u0301s\u00a0<\/span><span style=\"font-size: 9pt; font-family: 'CIDFont+F2'; color: #0070c0;\">Exploitation des grues de chargement<\/span><\/p>\n<ul style=\"list-style-type: none;\">\n<li>\n<p><span style=\"font-size: 8pt; font-family: 'CIDFont+F6';\">\uf0b7 \u00a0<\/span><span style=\"font-size: 8pt; font-family: 'CIDFont+F1';\">Operations interdites<\/span><\/p>\n<\/li>\n<li>\n<p><span style=\"font-size: 8pt; font-family: 'CIDFont+F6';\">\uf0b7 \u00a0<\/span><span style=\"font-size: 8pt; font-family: 'CIDFont+F1';\">Conduite a\u0300 tenir en cas d\u2019incident ou de de\u0301faillance de la grue<\/span><\/p>\n<\/li>\n<li>\n<p><span style=\"font-size: 8pt; font-family: 'CIDFont+F6';\">\uf0b7 \u00a0<\/span><span style=\"font-size: 8pt; font-family: 'CIDFont+F1';\">Justification du port des EPI en fonction des risques lie\u0301s a\u0300<\/span><\/p>\n<p><span style=\"font-size: 8pt; font-family: 'CIDFont+F1';\">l\u2019ope\u0301ration a\u0300 re\u0301aliser<\/span><\/p>\n<p><span style=\"font-size: 9pt; font-family: 'CIDFont+F2'; color: #0070c0;\">Accessoires de levage et re\u0300gles d\u2019e\u0301lingage<\/span><\/p>\n<\/li>\n<\/ul>\n<p><span style=\"font-size: 8pt; font-family: 'CIDFont+F6';\">\uf0b7\u00a0<\/span><span style=\"font-size: 8pt; font-family: 'CIDFont+F1';\">Respect des re\u0300gles d\u2019e\u0301lingage pour les ope\u0301rations usuelles\u00a0<\/span><span style=\"font-size: 9pt; font-family: 'CIDFont+F2'; color: #0070c0;\">Ve\u0301rifications d\u2019usage des grues de chargement<\/span><\/p>\n<\/div>\n<div class=\"column\">\n<p><span style=\"font-size: 9pt; font-family: 'CIDFont+F2'; color: #0070c0;\">SAVOIR-FAIRE PRATIQUE Prise de poste et ve\u0301rification<\/span><\/p>\n<ul style=\"list-style-type: none;\">\n<li>\n<p><span style=\"font-size: 8pt; font-family: 'CIDFont+F6';\">\uf0b7 \u00a0<\/span><span style=\"font-size: 8pt; font-family: 'CIDFont+F1';\">Utilisation des documents (notice d\u2019instructions et VGP)<\/span><\/p>\n<\/li>\n<li>\n<p><span style=\"font-size: 8pt; font-family: 'CIDFont+F6';\">\uf0b7 \u00a0<\/span><span style=\"font-size: 8pt; font-family: 'CIDFont+F1';\">Miseenconfigurationd\u2019exploitation(positionnementduporteur, de\u0301ploiement et mise en appui des stabilisateurs, re\u0301glage de<\/span><\/p>\n<p><span style=\"font-size: 8pt; font-family: 'CIDFont+F1';\">l\u2019horizontalite\u0301, de\u0301ploiement de la grue de chargement &#8230;)<\/span><\/p>\n<\/li>\n<li>\n<p><span style=\"font-size: 8pt; font-family: 'CIDFont+F6';\">\uf0b7 \u00a0<\/span><span style=\"font-size: 8pt; font-family: 'CIDFont+F1';\">Ve\u0301rification visuelle de l\u2019e\u0301tat de l\u2019engin et de son e\u0301quipement<\/span><\/p>\n<\/li>\n<li>\n<p><span style=\"font-size: 8pt; font-family: 'CIDFont+F6';\">\uf0b7 \u00a0<\/span><span style=\"font-size: 8pt; font-family: 'CIDFont+F1';\">Ve\u0301rification du bon fonctionnement des dispositifs de se\u0301curite\u0301<\/span><\/p>\n<\/li>\n<li>\n<p><span style=\"font-size: 8pt; font-family: 'CIDFont+F6';\">\uf0b7 \u00a0<\/span><span style=\"font-size: 8pt; font-family: 'CIDFont+F1';\">Ve\u0301rification des niveaux et re\u0301alisation des appoints journaliers<\/span><\/p>\n<p><span style=\"font-size: 9pt; font-family: 'CIDFont+F2'; color: #0070c0;\">Conduite et man\u0153uvres<\/span><\/p>\n<\/li>\n<\/ul>\n<ul style=\"list-style-type: none;\">\n<li>\n<p><span style=\"font-size: 8pt; font-family: 'CIDFont+F6';\">\uf0b7 \u00a0<\/span><span style=\"font-size: 8pt; font-family: 'CIDFont+F1';\">Ve\u0301rifier le bon e\u0301lingage d\u2019une charge simple<\/span><\/p>\n<\/li>\n<li>\n<p><span style=\"font-size: 8pt; font-family: 'CIDFont+F6';\">\uf0b7 \u00a0<\/span><span style=\"font-size: 8pt; font-family: 'CIDFont+F1';\">Utiliser diffe\u0301rents accessoires de levage : e\u0301lingues, pinces,<\/span><\/p>\n<p><span style=\"font-size: 8pt; font-family: 'CIDFont+F1';\">fourche a\u0300 palettes &#8230;<\/span><\/p>\n<\/li>\n<li>\n<p><span style=\"font-size: 8pt; font-family: 'CIDFont+F6';\">\uf0b7 \u00a0<\/span><span style=\"font-size: 8pt; font-family: 'CIDFont+F1';\">Re\u0301aliser des man\u0153uvres, en mouvements simples et en<\/span><\/p>\n<p><span style=\"font-size: 8pt; font-family: 'CIDFont+F1';\">mouvements combine\u0301s<\/span><\/p>\n<\/li>\n<li>\n<p><span style=\"font-size: 8pt; font-family: 'CIDFont+F6';\">\uf0b7 \u00a0<\/span><span style=\"font-size: 8pt; font-family: 'CIDFont+F1';\">Prendre et de\u0301poser une charge en un endroit pre\u0301cis et visible<\/span><\/p>\n<\/li>\n<li>\n<p><span style=\"font-size: 8pt; font-family: 'CIDFont+F6';\">\uf0b7 \u00a0<\/span><span style=\"font-size: 8pt; font-family: 'CIDFont+F1';\">Communiquer avec le chef de man\u0153uvre, l\u2019e\u0301lingueur et le cas<\/span><\/p>\n<p><span style=\"font-size: 8pt; font-family: 'CIDFont+F1';\">e\u0301che\u0301ant le signaleur au moyen des gestes et signaux<\/span><\/p>\n<p><span style=\"font-size: 8pt; font-family: 'CIDFont+F1';\">conventionnels<\/span><\/p>\n<\/li>\n<li>\n<p><span style=\"font-size: 8pt; font-family: 'CIDFont+F6';\">\uf0b7 \u00a0<\/span><span style=\"font-size: 8pt; font-family: 'CIDFont+F1';\">Communiquer par radio<\/span><\/p>\n<\/li>\n<li>\n<p><span style=\"font-size: 8pt; font-family: 'CIDFont+F6';\">\uf0b7 \u00a0<\/span><span style=\"font-size: 8pt; font-family: 'CIDFont+F1';\">Maitriser et rattraper le ballant d\u2019une charge<\/span><\/p>\n<\/li>\n<\/ul>\n<p><span style=\"font-size: 9pt; font-family: 'CIDFont+F2'; color: #0070c0;\">Fin de poste \u2013 Ope\u0301rations d\u2019entretien quotidien \u2013 Maintenance<\/span><\/p>\n<p><span style=\"font-size: 8pt; font-family: 'CIDFont+F6';\">\uf0b7\u00a0<\/span><span style=\"font-size: 8pt; font-family: 'CIDFont+F1';\">Replier la grue de chargement en position de transport\u00a0<\/span><span style=\"font-size: 8pt; font-family: 'CIDFont+F6';\">\uf0b7\u00a0<\/span><span style=\"font-size: 8pt; font-family: 'CIDFont+F1';\">Effectuer les ope\u0301rations d\u2019entretien journalier<br \/><\/span><span style=\"font-size: 8pt; font-family: 'CIDFont+F6';\">\uf0b7\u00a0<\/span><span style=\"font-size: 8pt; font-family: 'CIDFont+F1';\">Rendre compte des anomalies et dysfonctionnements<\/span><\/p>\n<p><span style=\"font-size: 9pt; font-family: 'CIDFont+F2'; color: #0070c0;\">Conduite depuis le sol au moyen d\u2019une te\u0301le\u0301commande (en option)<\/span><\/p>\n<ul style=\"list-style-type: none;\">\n<li>\n<p><span style=\"font-size: 8pt; font-family: 'CIDFont+F6';\">\uf0b7 \u00a0<\/span><span style=\"font-size: 8pt; font-family: 'CIDFont+F1';\">Enume\u0301rer les risques lie\u0301s a\u0300 l\u2019utilisation de la te\u0301le\u0301commande (de\u0301placement, manipulation&#8230;)<\/span><\/p>\n<\/li>\n<li>\n<p><span style=\"font-size: 8pt; font-family: 'CIDFont+F6';\">\uf0b7 \u00a0<\/span><span style=\"font-size: 8pt; font-family: 'CIDFont+F1';\">Ve\u0301rifier les e\u0301quipements de transmission<\/span><\/p>\n<\/li>\n<li>\n<p><span style=\"font-size: 8pt; font-family: 'CIDFont+F6';\">\uf0b7 \u00a0<\/span><span style=\"font-size: 8pt; font-family: 'CIDFont+F1';\">Se positionner pour avoir la meilleure vision de la man\u0153uvre et<\/span><\/p>\n<p><span style=\"font-size: 8pt; font-family: 'CIDFont+F1';\">de son environnement, tout en e\u0301tant hors de la zone de risque<\/span><\/p>\n<\/li>\n<li>\n<p><span style=\"font-size: 8pt; font-family: 'CIDFont+F6';\">\uf0b7 \u00a0<\/span><span style=\"font-size: 8pt; font-family: 'CIDFont+F1';\">Exe\u0301cuter tous les mouvements que peut effectuer la grue de<\/span><\/p>\n<p><span style=\"font-size: 8pt; font-family: 'CIDFont+F1';\">chargement<\/span><\/p>\n<\/li>\n<\/ul>\n<\/div>\n<\/div>\n<\/div>\t\t\t\t\t\t\t\t<\/div>\n\t\t\t\t<\/div>\n\t\t\t\t\t<\/div>\n\t\t<\/div>\n\t\t\t\t\t<\/div>\n\t\t<\/section>\n\t\t\t\t<section class=\"elementor-section elementor-top-section elementor-element elementor-element-d48cf88 elementor-section-boxed elementor-section-height-default elementor-section-height-default\" data-id=\"d48cf88\" data-element_type=\"section\">\n\t\t\t\t\t\t<div class=\"elementor-container elementor-column-gap-default\">\n\t\t\t\t\t<div class=\"elementor-column elementor-col-100 elementor-top-column elementor-element elementor-element-3107c1a\" data-id=\"3107c1a\" data-element_type=\"column\">\n\t\t\t<div class=\"elementor-widget-wrap elementor-element-populated\">\n\t\t\t\t\t\t<div class=\"elementor-element elementor-element-6f1bcdd elementor-align-center elementor-widget elementor-widget-button\" data-id=\"6f1bcdd\" data-element_type=\"widget\" data-widget_type=\"button.default\">\n\t\t\t\t<div class=\"elementor-widget-container\">\n\t\t\t\t\t\t\t\t\t<div class=\"elementor-button-wrapper\">\n\t\t\t\t\t<a class=\"elementor-button elementor-button-link elementor-size-sm\" href=\"https:\/\/s2consulting.fr\/wp-content\/uploads\/2025\/03\/fiche-programme-CACES-R490-Grue-aux-S2-FORMATION.pdf\">\n\t\t\t\t\t\t<span class=\"elementor-button-content-wrapper\">\n\t\t\t\t\t\t\t\t\t<span class=\"elementor-button-text\">Programme de formation \u00e0 t\u00e9l\u00e9charger<\/span>\n\t\t\t\t\t<\/span>\n\t\t\t\t\t<\/a>\n\t\t\t\t<\/div>\n\t\t\t\t\t\t\t\t<\/div>\n\t\t\t\t<\/div>\n\t\t\t\t\t<\/div>\n\t\t<\/div>\n\t\t\t\t\t<\/div>\n\t\t<\/section>\n\t\t\t\t<\/div>\n\t\t","protected":false},"excerpt":{"rendered":"<p>CACES\u00ae R490 Grues de chargement\u200b Cette formation CACES\u00ae est propos\u00e9e \u00e9galement en formation Autorisation de conduite. DEMANDE DE DEVIS Contexte : Le de\u0301cret n\u00b02008-244 du 7 mars 2008 valide que : La conduite des e\u0301quipements de travail mobiles automoteurs et des e\u0301quipements de travail servant au levage est re\u0301serve\u0301e aux travailleurs qui ont rec\u0327u une [&hellip;]<\/p>\n","protected":false},"author":2,"featured_media":0,"parent":0,"menu_order":0,"comment_status":"closed","ping_status":"closed","template":"","meta":{"footnotes":""},"class_list":["post-631","page","type-page","status-publish","hentry"],"_links":{"self":[{"href":"https:\/\/s2consulting.fr\/index.php\/wp-json\/wp\/v2\/pages\/631","targetHints":{"allow":["GET"]}}],"collection":[{"href":"https:\/\/s2consulting.fr\/index.php\/wp-json\/wp\/v2\/pages"}],"about":[{"href":"https:\/\/s2consulting.fr\/index.php\/wp-json\/wp\/v2\/types\/page"}],"author":[{"embeddable":true,"href":"https:\/\/s2consulting.fr\/index.php\/wp-json\/wp\/v2\/users\/2"}],"replies":[{"embeddable":true,"href":"https:\/\/s2consulting.fr\/index.php\/wp-json\/wp\/v2\/comments?post=631"}],"version-history":[{"count":39,"href":"https:\/\/s2consulting.fr\/index.php\/wp-json\/wp\/v2\/pages\/631\/revisions"}],"predecessor-version":[{"id":1685,"href":"https:\/\/s2consulting.fr\/index.php\/wp-json\/wp\/v2\/pages\/631\/revisions\/1685"}],"wp:attachment":[{"href":"https:\/\/s2consulting.fr\/index.php\/wp-json\/wp\/v2\/media?parent=631"}],"curies":[{"name":"wp","href":"https:\/\/api.w.org\/{rel}","templated":true}]}}