{"id":563,"date":"2022-03-07T14:50:29","date_gmt":"2022-03-07T14:50:29","guid":{"rendered":"https:\/\/s2consulting.fr\/?page_id=563"},"modified":"2025-03-25T15:27:13","modified_gmt":"2025-03-25T15:27:13","slug":"cacesr484-autorisation-de-conduite-conduite-des-ponts-roulant-portiques","status":"publish","type":"page","link":"https:\/\/s2consulting.fr\/index.php\/cacesr484-autorisation-de-conduite-conduite-des-ponts-roulant-portiques\/","title":{"rendered":"R484 &#8211; Conduite en S\u00e9curit\u00e9 des Ponts Roulants &#038; Portiques"},"content":{"rendered":"\t\t<div data-elementor-type=\"wp-page\" data-elementor-id=\"563\" class=\"elementor elementor-563\">\n\t\t\t\t\t\t<section class=\"elementor-section elementor-top-section elementor-element elementor-element-5d4ac466 elementor-section-boxed elementor-section-height-default elementor-section-height-default\" data-id=\"5d4ac466\" data-element_type=\"section\">\n\t\t\t\t\t\t<div class=\"elementor-container elementor-column-gap-default\">\n\t\t\t\t\t<div class=\"elementor-column elementor-col-100 elementor-top-column elementor-element elementor-element-52d9291b\" data-id=\"52d9291b\" data-element_type=\"column\">\n\t\t\t<div class=\"elementor-widget-wrap elementor-element-populated\">\n\t\t\t\t\t\t<div class=\"elementor-element elementor-element-ec588fb elementor-widget elementor-widget-heading\" data-id=\"ec588fb\" data-element_type=\"widget\" data-widget_type=\"heading.default\">\n\t\t\t\t<div class=\"elementor-widget-container\">\n\t\t\t\t\t<h2 class=\"elementor-heading-title elementor-size-xxl\">R484 Autorisations de conduite des Ponts Roulants et Portiques <\/h2>\t\t\t\t<\/div>\n\t\t\t\t<\/div>\n\t\t\t\t<div class=\"elementor-element elementor-element-d8d93f3 elementor-widget elementor-widget-image\" data-id=\"d8d93f3\" data-element_type=\"widget\" data-widget_type=\"image.default\">\n\t\t\t\t<div class=\"elementor-widget-container\">\n\t\t\t\t\t\t\t\t\t\t\t\t\t\t\t<img fetchpriority=\"high\" decoding=\"async\" width=\"595\" height=\"842\" src=\"https:\/\/s2consulting.fr\/wp-content\/uploads\/2021\/09\/R485-1.jpg\" class=\"attachment-large size-large wp-image-406\" alt=\"\" srcset=\"https:\/\/s2consulting.fr\/wp-content\/uploads\/2021\/09\/R485-1.jpg 595w, https:\/\/s2consulting.fr\/wp-content\/uploads\/2021\/09\/R485-1-212x300.jpg 212w\" sizes=\"(max-width: 595px) 100vw, 595px\" \/>\t\t\t\t\t\t\t\t\t\t\t\t\t\t\t<\/div>\n\t\t\t\t<\/div>\n\t\t\t\t\t<\/div>\n\t\t<\/div>\n\t\t\t\t\t<\/div>\n\t\t<\/section>\n\t\t\t\t<section class=\"elementor-section elementor-top-section elementor-element elementor-element-32ed401 elementor-section-boxed elementor-section-height-default elementor-section-height-default\" data-id=\"32ed401\" data-element_type=\"section\">\n\t\t\t\t\t\t<div class=\"elementor-container elementor-column-gap-default\">\n\t\t\t\t\t<div class=\"elementor-column elementor-col-100 elementor-top-column elementor-element elementor-element-fbc6331\" data-id=\"fbc6331\" data-element_type=\"column\">\n\t\t\t<div class=\"elementor-widget-wrap elementor-element-populated\">\n\t\t\t\t\t\t<div class=\"elementor-element elementor-element-b3cd865 elementor-widget elementor-widget-text-editor\" data-id=\"b3cd865\" data-element_type=\"widget\" data-widget_type=\"text-editor.default\">\n\t\t\t\t<div class=\"elementor-widget-container\">\n\t\t\t\t\t\t\t\t\t<div class=\"page\" style=\"caret-color: #000000; color: #000000;\" title=\"Page 1\">\n<div class=\"layoutArea\">\n<div class=\"column\">\n<p><span style=\"font-size: 9pt; font-family: 'CIDFont+F1'; color: #0070c0;\">Contexte :<\/span><\/p>\n<p><span style=\"font-size: 8pt; font-family: 'CIDFont+F2';\">Tout travailleur amene\u0301 a\u0300 utiliser un engin de levage doit avoir rec\u0327u une formation et une validation de compe\u0301tence a\u0300 sa conduite en se\u0301curite\u0301 (Code du travail). Il est en outre recommande\u0301 qu\u2019il soit titulaire d\u2019une autorisation de conduite de\u0301livre\u0301e par son employeur.<\/span><\/p>\n<p><span style=\"font-size: 9pt; font-family: 'CIDFont+F1'; color: #0070c0;\">Objectifs&nbsp;<\/span><span style=\"font-size: 9pt; font-family: 'CIDFont+F2'; color: #0070c0;\">:<br><\/span><span style=\"font-size: 8pt; font-family: 'CIDFont+F2';\">Mai\u0302triser la conduite de pont roulant en se\u0301curite\u0301 conforme\u0301ment a\u0300 la nouvelle recommandation R484 de la Caisse Nationale d\u2019Assurance Maladie (CNAM) Obtenir le CACES\u00ae R484 de la cate\u0301gorie souhaite\u0301e<br><\/span><span style=\"font-size: 9pt; font-family: 'CIDFont+F1'; color: #0070c0;\">Personnes concerne\u0301es&nbsp;<\/span><span style=\"font-size: 9pt; font-family: 'CIDFont+F2'; color: #0070c0;\">:<br><\/span><span style=\"font-size: 8pt; font-family: 'CIDFont+F2';\">Toute personne appele\u0301e a\u0300 manipuler un pont roulant<br>La formation est accessible, sous conditions, aux personnes en situation de handicap. Nous consulter au pre\u0301alable.<br><\/span><span style=\"font-size: 9pt; font-family: 'CIDFont+F1'; color: #0070c0;\">Pre\u0301requis&nbsp;<\/span><span style=\"font-size: 9pt; font-family: 'CIDFont+F2'; color: #0070c0;\">:<br><\/span><span style=\"font-size: 8pt; font-family: 'CIDFont+F2';\">E\u0302tre a\u0302ge\u0301 d\u2019au moins 18 ans<br>Mai\u0302triser la lecture et les 4 ope\u0301rations.<br><\/span><span style=\"font-size: 9pt; font-family: 'CIDFont+F1'; color: #0070c0;\">Accessibilite\u0301 :<br><\/span><span style=\"font-size: 8pt; font-family: 'CIDFont+F2';\">La formation est accessible, sous conditions, aux personnes en situation de handicap. Nous consulter au pre\u0301alable.<br><\/span><span style=\"font-size: 9pt; font-family: 'CIDFont+F1'; color: #0070c0;\">Dispensateurs de formation&nbsp;<\/span><span style=\"font-size: 9pt; font-family: 'CIDFont+F2'; color: #0070c0;\">:<br><\/span><span style=\"font-size: 8pt; font-family: 'CIDFont+F2';\">Formateurs spe\u0301cialise\u0301s dans la conduite et la manipulation de pont roulant<\/span><\/p>\n<\/div>\n<div class=\"column\">\n<p><span style=\"font-size: 9pt; font-family: 'CIDFont+F1'; color: #0070c0;\">Dispositif de suivi :<\/span><\/p>\n<p><span style=\"font-size: 8pt; font-family: 'CIDFont+F2';\">Feuille d&rsquo;e\u0301margement par demi-journe\u0301e<br>Attestation de stage<br><\/span><span style=\"font-size: 9pt; font-family: 'CIDFont+F1'; color: #0070c0;\">Dure\u0301e du stage&nbsp;<\/span><span style=\"font-size: 9pt; font-family: 'CIDFont+F2';\">:&nbsp;<\/span><span style=\"font-size: 8pt; font-family: 'CIDFont+F2';\">variable selon cate\u0301gories vise\u0301es<br>Initiale : 2 a\u0300 3 jours &amp; Recyclage 1 a\u0300 2 jours<br><\/span><span style=\"font-size: 9pt; font-family: 'CIDFont+F1'; color: #0070c0;\">Calendrier&nbsp;<\/span><span style=\"font-size: 8pt; font-family: 'CIDFont+F2'; color: #0070c0;\">:&nbsp;<\/span><span style=\"font-size: 8pt; font-family: 'CIDFont+F2';\">Disponible sur simple demande<br><\/span><span style=\"font-size: 9pt; font-family: 'CIDFont+F1'; color: #0070c0;\">Lieu et nature de l\u2019action :<br><\/span><span style=\"font-size: 8pt; font-family: 'CIDFont+F2';\">Intra Entreprise \/ Inter entreprise au sein de notre agence<br><\/span><span style=\"font-size: 9pt; font-family: 'CIDFont+F1'; color: #0070c0;\">Me\u0301thodes et moyens pe\u0301dagogiques&nbsp;<\/span><span style=\"font-size: 9pt; font-family: 'CIDFont+F2'; color: #0070c0;\">:<br><\/span><span style=\"font-size: 8pt; font-family: 'CIDFont+F2';\">Enseignement the\u0301orique multime\u0301dia<br>Pratique sur pont roulant<br>Conduite sur plateau technique certifie\u0301<br>Exercices pratiques avec charges et e\u0301quipements<br><\/span><span style=\"font-size: 9pt; font-family: 'CIDFont+F1'; color: #0070c0;\">Responsable pe\u0301dagogique \/ Re\u0301fe\u0301rent handicap :<br><\/span><span style=\"font-size: 8pt; font-family: 'CIDFont+F2';\">Monsieur Ste\u0301phane SANGORRIN<br><\/span><span style=\"font-size: 9pt; font-family: 'CIDFont+F1'; color: #0070c0;\">Mode de validation :<br><\/span><span style=\"font-size: 8pt; font-family: 'CIDFont+F2';\">Le stagiaire rec\u0327oit une attestation de formation.<br>Cette formation permet au participant d\u2019obtenir le CACES \u00ae R484 des cate\u0301gories vise\u0301es.<br>Test CACES \u00ae re\u0301alise\u0301 par un partenaire organisme testeur certifie\u0301<\/span><\/p><p style=\"color: rgb(122, 122, 122);\"><span style=\"font-weight: bolder;\">Tarifs&nbsp;:&nbsp;<\/span><\/p><p style=\"color: rgb(122, 122, 122);\">A partir de 350.00 \u20ac<\/p>\n<\/div>\n<\/div>\n<\/div>\t\t\t\t\t\t\t\t<\/div>\n\t\t\t\t<\/div>\n\t\t\t\t\t<\/div>\n\t\t<\/div>\n\t\t\t\t\t<\/div>\n\t\t<\/section>\n\t\t\t\t<section class=\"elementor-section elementor-top-section elementor-element elementor-element-30132c9 elementor-section-boxed elementor-section-height-default elementor-section-height-default\" data-id=\"30132c9\" data-element_type=\"section\">\n\t\t\t\t\t\t<div class=\"elementor-container elementor-column-gap-default\">\n\t\t\t\t\t<div class=\"elementor-column elementor-col-100 elementor-top-column elementor-element elementor-element-e1e590d\" data-id=\"e1e590d\" data-element_type=\"column\">\n\t\t\t<div class=\"elementor-widget-wrap elementor-element-populated\">\n\t\t\t\t\t\t<div class=\"elementor-element elementor-element-707ded2 elementor-widget elementor-widget-text-editor\" data-id=\"707ded2\" data-element_type=\"widget\" data-widget_type=\"text-editor.default\">\n\t\t\t\t<div class=\"elementor-widget-container\">\n\t\t\t\t\t\t\t\t\t<div class=\"page\" style=\"caret-color: #000000; color: #000000;\" title=\"Page 1\">\n<div class=\"layoutArea\">\n<div class=\"column\">\n<p><span style=\"font-size: 9pt; font-family: 'CIDFont+F1'; color: #0070c0;\">LA LEGISLATION ACTUELLE<\/span><\/p>\n<\/div>\n<\/div>\n<div class=\"layoutArea\">\n<div class=\"column\">\n<p><span style=\"font-size: 9pt; font-family: 'CIDFont+F5';\">CONTENU DE LA FORMATION<\/span><\/p>\n<\/div>\n<\/div>\n<div class=\"layoutArea\">\n<div class=\"column\">\n<p><span style=\"font-size: 7pt; font-family: 'CIDFont+F2';\">\u2022 Avoir des notions sur la responsabilite\u0301 pe\u0301nale, civile ou morale en cas d\u2019accident \u2022 Les diffe\u0301rentes instances et leurs fonctions<br \/>\u2022 Recommandations R484 de la CNAM<\/span><\/p>\n<p><span style=\"font-size: 9pt; font-family: 'CIDFont+F1'; color: #0070c0;\">TECHNOLOGIE ET CONNAISSANCE DES PONTS ROULANTS<\/span><\/p>\n<p><span style=\"font-size: 7pt; font-family: 'CIDFont+F2';\">\u2022 Les caracte\u0301ristiques de la machine, les diffe\u0301rents documents obligatoires \u2022 Les mode\u0300les de boitier de commande<br \/>\u2022 Les diffe\u0301rents organes me\u0301caniques<br \/>\u2022 Les dispositifs de se\u0301curite\u0301<\/span><\/p>\n<p><span style=\"font-size: 9pt; font-family: 'CIDFont+F1'; color: #0070c0;\">SECURITE ET COMPORTEMENT<\/span><\/p>\n<p><span style=\"font-size: 7pt; font-family: 'CIDFont+F2';\">\u2022 Les consignes d\u2019utilisation et de se\u0301curite\u0301<br \/>\u2022 Les pre\u0301cautions lie\u0301es a\u0300 l\u2019environnement de travail, le port des EPI \u2022 Les gestes de commandement et les signaux sonores<\/span><\/p>\n<p><span style=\"font-size: 9pt; font-family: 'CIDFont+F1'; color: #0070c0;\">TECHNIQUE D\u2019ELINGAGE<\/span><\/p>\n<p><span style=\"font-size: 7pt; font-family: 'CIDFont+F2';\">\u2022 Les risques : renversement, retombe\u0301e, effet d\u2019adhe\u0301rence &#8230;<br \/>\u2022 De\u0301termination du poids d\u2019une charge : volume et masse volumique \u2022 Notion d\u2019e\u0301quilibre, centre de gravite\u0301, moment<br \/>\u2022 Les angles d\u2019e\u0301lingage : influence sur le C.M.U.<br \/>\u2022 Les diffe\u0301rents types d\u2019e\u0301lingues et accessoires d\u2019e\u0301lingage<br \/>\u2022 Crite\u0300res de choix d\u2019une e\u0301lingue<br \/>\u2022 Consignes d\u2019emploi et de se\u0301curite\u0301 et re\u0300gles d\u2019e\u0301lingage<br \/>\u2022 Entretien des e\u0301lingues<\/span><\/p>\n<p><span style=\"font-size: 9pt; font-family: 'CIDFont+F1'; color: #0070c0;\">LES REGLES D\u2019UTILISATION ET DE CONDUITE<\/span><\/p>\n<p><span style=\"font-size: 7pt; font-family: 'CIDFont+F2';\">\u2022 La prise de poste, l\u2019ade\u0301quation pont\/e\u0301lingue\/travail confie\u0301 \u2022 Signalisation de la zone de travail<br \/>\u2022 Les consignes lors du de\u0301placement de charges<br \/>\u2022 Les diffe\u0301rentes de\u0301placements possibles<\/span><\/p>\n<p><span style=\"font-size: 7pt; font-family: 'CIDFont+F2';\">\u2022 Les consignes pour les ope\u0301rations de levage<br \/>\u2022 La fin de poste, savoir rendre compte\u2022 Partage d\u2019expe\u0301rience (si recyclage)<\/span><\/p>\n<p><span style=\"font-size: 8pt; font-family: 'CIDFont+F1';\">Contro\u0302le des connaissances the\u0301oriques et pratiques<\/span><\/p>\n<\/div>\n<\/div>\n<\/div>\t\t\t\t\t\t\t\t<\/div>\n\t\t\t\t<\/div>\n\t\t\t\t\t<\/div>\n\t\t<\/div>\n\t\t\t\t\t<\/div>\n\t\t<\/section>\n\t\t\t\t<section class=\"elementor-section elementor-top-section elementor-element elementor-element-1d3de09 elementor-section-boxed elementor-section-height-default elementor-section-height-default\" data-id=\"1d3de09\" data-element_type=\"section\">\n\t\t\t\t\t\t<div class=\"elementor-container elementor-column-gap-default\">\n\t\t\t\t\t<div class=\"elementor-column elementor-col-100 elementor-top-column elementor-element elementor-element-e8bcbfa\" data-id=\"e8bcbfa\" data-element_type=\"column\">\n\t\t\t<div class=\"elementor-widget-wrap elementor-element-populated\">\n\t\t\t\t\t\t<div class=\"elementor-element elementor-element-db83afb elementor-align-center elementor-widget elementor-widget-button\" data-id=\"db83afb\" data-element_type=\"widget\" data-widget_type=\"button.default\">\n\t\t\t\t<div class=\"elementor-widget-container\">\n\t\t\t\t\t\t\t\t\t<div class=\"elementor-button-wrapper\">\n\t\t\t\t\t<a class=\"elementor-button elementor-button-link elementor-size-sm\" href=\"https:\/\/s2consulting.fr\/wp-content\/uploads\/2025\/03\/fiche-programme-CACES-R484-pont-roulant-S2-FORMATION.pdf\" target=\"_blank\">\n\t\t\t\t\t\t<span class=\"elementor-button-content-wrapper\">\n\t\t\t\t\t\t\t\t\t<span class=\"elementor-button-text\">Programme de formation \u00e0 t\u00e9l\u00e9charger<\/span>\n\t\t\t\t\t<\/span>\n\t\t\t\t\t<\/a>\n\t\t\t\t<\/div>\n\t\t\t\t\t\t\t\t<\/div>\n\t\t\t\t<\/div>\n\t\t\t\t\t<\/div>\n\t\t<\/div>\n\t\t\t\t\t<\/div>\n\t\t<\/section>\n\t\t\t\t<\/div>\n\t\t","protected":false},"excerpt":{"rendered":"<p>R484 Autorisations de conduite des Ponts Roulants et Portiques Contexte : Tout travailleur amene\u0301 a\u0300 utiliser un engin de levage doit avoir rec\u0327u une formation et une validation de compe\u0301tence a\u0300 sa conduite en se\u0301curite\u0301 (Code du travail). Il est en outre recommande\u0301 qu\u2019il soit titulaire d\u2019une autorisation de conduite de\u0301livre\u0301e par son employeur. Objectifs&nbsp;:Mai\u0302triser [&hellip;]<\/p>\n","protected":false},"author":2,"featured_media":0,"parent":0,"menu_order":0,"comment_status":"closed","ping_status":"closed","template":"","meta":{"footnotes":""},"class_list":["post-563","page","type-page","status-publish","hentry"],"_links":{"self":[{"href":"https:\/\/s2consulting.fr\/index.php\/wp-json\/wp\/v2\/pages\/563","targetHints":{"allow":["GET"]}}],"collection":[{"href":"https:\/\/s2consulting.fr\/index.php\/wp-json\/wp\/v2\/pages"}],"about":[{"href":"https:\/\/s2consulting.fr\/index.php\/wp-json\/wp\/v2\/types\/page"}],"author":[{"embeddable":true,"href":"https:\/\/s2consulting.fr\/index.php\/wp-json\/wp\/v2\/users\/2"}],"replies":[{"embeddable":true,"href":"https:\/\/s2consulting.fr\/index.php\/wp-json\/wp\/v2\/comments?post=563"}],"version-history":[{"count":56,"href":"https:\/\/s2consulting.fr\/index.php\/wp-json\/wp\/v2\/pages\/563\/revisions"}],"predecessor-version":[{"id":1681,"href":"https:\/\/s2consulting.fr\/index.php\/wp-json\/wp\/v2\/pages\/563\/revisions\/1681"}],"wp:attachment":[{"href":"https:\/\/s2consulting.fr\/index.php\/wp-json\/wp\/v2\/media?parent=563"}],"curies":[{"name":"wp","href":"https:\/\/api.w.org\/{rel}","templated":true}]}}