{"id":432,"date":"2021-09-30T15:45:40","date_gmt":"2021-09-30T15:45:40","guid":{"rendered":"https:\/\/s2consulting.fr\/?page_id=432"},"modified":"2025-03-25T15:32:55","modified_gmt":"2025-03-25T15:32:55","slug":"caces-r486-pemp","status":"publish","type":"page","link":"https:\/\/s2consulting.fr\/index.php\/formations\/caces-r486-pemp\/","title":{"rendered":"CACES\u00ae R486 PEMP"},"content":{"rendered":"\t\t<div data-elementor-type=\"wp-page\" data-elementor-id=\"432\" class=\"elementor elementor-432\">\n\t\t\t\t\t\t<section class=\"elementor-section elementor-top-section elementor-element elementor-element-5eb97e4f elementor-section-boxed elementor-section-height-default elementor-section-height-default\" data-id=\"5eb97e4f\" data-element_type=\"section\">\n\t\t\t\t\t\t<div class=\"elementor-container elementor-column-gap-default\">\n\t\t\t\t\t<div class=\"elementor-column elementor-col-100 elementor-top-column elementor-element elementor-element-399f98a0\" data-id=\"399f98a0\" data-element_type=\"column\">\n\t\t\t<div class=\"elementor-widget-wrap elementor-element-populated\">\n\t\t\t\t\t\t<div class=\"elementor-element elementor-element-fbd2da8 elementor-widget elementor-widget-heading\" data-id=\"fbd2da8\" data-element_type=\"widget\" data-widget_type=\"heading.default\">\n\t\t\t\t<div class=\"elementor-widget-container\">\n\t\t\t\t\t<h2 class=\"elementor-heading-title elementor-size-xl\">CACES\u00aeR486 PEMP- Plateformes El\u00e9vatrices de Personnel<\/h2>\t\t\t\t<\/div>\n\t\t\t\t<\/div>\n\t\t\t\t<section class=\"elementor-section elementor-inner-section elementor-element elementor-element-111cd38 elementor-section-boxed elementor-section-height-default elementor-section-height-default\" data-id=\"111cd38\" data-element_type=\"section\">\n\t\t\t\t\t\t<div class=\"elementor-container elementor-column-gap-default\">\n\t\t\t\t\t<div class=\"elementor-column elementor-col-50 elementor-inner-column elementor-element elementor-element-51a996e\" data-id=\"51a996e\" data-element_type=\"column\">\n\t\t\t<div class=\"elementor-widget-wrap elementor-element-populated\">\n\t\t\t\t\t\t<div class=\"elementor-element elementor-element-eca4df6 elementor-widget elementor-widget-text-editor\" data-id=\"eca4df6\" data-element_type=\"widget\" data-widget_type=\"text-editor.default\">\n\t\t\t\t<div class=\"elementor-widget-container\">\n\t\t\t\t\t\t\t\t\t<p>Cette formation CACES\u00ae est propos\u00e9e \u00e9galement en formation Autorisation de conduite.<\/p>\t\t\t\t\t\t\t\t<\/div>\n\t\t\t\t<\/div>\n\t\t\t\t\t<\/div>\n\t\t<\/div>\n\t\t\t\t<div class=\"elementor-column elementor-col-50 elementor-inner-column elementor-element elementor-element-46c7e5a\" data-id=\"46c7e5a\" data-element_type=\"column\">\n\t\t\t<div class=\"elementor-widget-wrap elementor-element-populated\">\n\t\t\t\t\t\t<div class=\"elementor-element elementor-element-6bad3fc elementor-align-center elementor-widget elementor-widget-button\" data-id=\"6bad3fc\" data-element_type=\"widget\" data-widget_type=\"button.default\">\n\t\t\t\t<div class=\"elementor-widget-container\">\n\t\t\t\t\t\t\t\t\t<div class=\"elementor-button-wrapper\">\n\t\t\t\t\t<a class=\"elementor-button elementor-button-link elementor-size-sm\" href=\"mailto:accueil.s2consulting@gmail.com%20\" target=\"_blank\">\n\t\t\t\t\t\t<span class=\"elementor-button-content-wrapper\">\n\t\t\t\t\t\t\t\t\t<span class=\"elementor-button-text\">DEMANDE DE DEVIS <\/span>\n\t\t\t\t\t<\/span>\n\t\t\t\t\t<\/a>\n\t\t\t\t<\/div>\n\t\t\t\t\t\t\t\t<\/div>\n\t\t\t\t<\/div>\n\t\t\t\t\t<\/div>\n\t\t<\/div>\n\t\t\t\t\t<\/div>\n\t\t<\/section>\n\t\t\t\t<div class=\"elementor-element elementor-element-6f7e3eb8 elementor-widget elementor-widget-text-editor\" data-id=\"6f7e3eb8\" data-element_type=\"widget\" data-widget_type=\"text-editor.default\">\n\t\t\t\t<div class=\"elementor-widget-container\">\n\t\t\t\t\t\t\t\t\t<p><\/p>\n<figure class=\"wp-block-image size-full\"><img fetchpriority=\"high\" decoding=\"async\" width=\"595\" height=\"842\" class=\"wp-image-433 aligncenter\" src=\"https:\/\/s2consulting.fr\/wp-content\/uploads\/2021\/09\/R486A.jpg\" alt=\"\" srcset=\"https:\/\/s2consulting.fr\/wp-content\/uploads\/2021\/09\/R486A.jpg 595w, https:\/\/s2consulting.fr\/wp-content\/uploads\/2021\/09\/R486A-212x300.jpg 212w\" sizes=\"(max-width: 595px) 100vw, 595px\" \/><\/figure>\n<p><\/p>\n<p><\/p>\n<p><strong>Contexte :&nbsp;&nbsp;<\/strong><\/p>\n<p><\/p>\n<p>Le d\u00e9cret n\u00b02008-244 du 7 mars 2008 valide que : La conduite des \u00e9quipements de travail mobiles automoteurs et des \u00e9quipements de travail servant au levage est r\u00e9serv\u00e9e aux travailleurs qui ont re\u00e7u une formation ad\u00e9quate.<\/p>\n<p><\/p>\n<p>L\u2019autorisation de conduite d\u00e9livr\u00e9e par l\u2019employeur est obligatoire et doit s\u2019appuyer, entre autres, sur un contr\u00f4le des connaissances et savoir- faire pour la conduite en s\u00e9curit\u00e9.<\/p>\n<p><\/p>\n<p><strong>Objectifs :&nbsp;<\/strong><\/p>\n<p><\/p>\n<p>\u00catre capable de ma\u00eetriser la conduite des Plateformes Mobiles El\u00e9vatrice de Personnes&nbsp;<\/p>\n<p><\/p>\n<p>Conna\u00eetre les r\u00e8gles d\u2019une utilisation en s\u00e9curit\u00e9<\/p>\n<p><\/p>\n<p>Prendre connaissance des risques d\u2019accidents et d\u2019incidents pour les \u00e9liminer,<\/p>\n<p><\/p>\n<p>Conna\u00eetre sa machine pour mieux l\u2019utiliser.<\/p>\n<p><\/p>\n<p>Assurer l\u2019entretien simple de sa PEMP<\/p>\n<p><\/p>\n<p>Obtenir le(s) CACES \u00ae des cat\u00e9gorie(s) concern\u00e9e(s)<\/p>\n<p><\/p>\n<p><strong>Personnes concern\u00e9es :<\/strong><\/p>\n<p><\/p>\n<p>Toute personne devant travailler avec des PEMP ou nacelles<\/p>\n<p><\/p>\n<p><strong>Pr\u00e9 requis :<\/strong><\/p>\n<p><\/p>\n<p>\u00catre \u00e2g\u00e9 d\u2019au moins 18 ans<\/p>\n<p><\/p>\n<p>Ma\u00eetriser la lecture et les 4 op\u00e9rations.<\/p>\n<p><\/p>\n<p><strong>Accessibilit\u00e9&nbsp;:&nbsp;<\/strong><\/p>\n<p><\/p>\n<p>La formation est accessible, sous conditions, aux personnes en situation de handicap. Nous consulter au pr\u00e9alable.<\/p>\n<p><\/p>\n<p><strong>Dispensateurs de formation :<\/strong><\/p>\n<p><\/p>\n<p>Formateurs sp\u00e9cialis\u00e9s dans la conduite et la manipulation de chariots \u00e9l\u00e9vateurs<\/p>\n<p><\/p>\n<p><strong>Dispositif de suivi :&nbsp;<\/strong><\/p>\n<p><\/p>\n<p>Feuille d&rsquo;\u00e9margement par demi-journ\u00e9e<\/p>\n<p><\/p>\n<p>Attestation de stage<\/p>\n<p><\/p>\n<p><strong>M\u00e9thodes p\u00e9dagogiques :&nbsp;<\/strong><\/p>\n<p><\/p>\n<p>Expos\u00e9s \u00e9tay\u00e9s par des diaporamas, des vid\u00e9os ou des \u00e9tudes de cas.&nbsp;<\/p>\n<p><\/p>\n<p>Remise d\u2019un support de formation<\/p>\n<p><\/p>\n<p>Questions r\u00e9ponses, partage d\u2019exp\u00e9riences<\/p>\n<p><\/p>\n<p>Conduite d\u2019engins sur un plateau p\u00e9dagogique d\u00e9di\u00e9<\/p>\n<p><\/p>\n<p><strong>Dur\u00e9e du stage&nbsp;<\/strong>:&nbsp;variable selon cat\u00e9gories vis\u00e9es<\/p>\n<p><\/p>\n<p>Initiale&nbsp;: 2 \u00e0 3 jours &amp; Recyclage 1 \u00e0 2 jours<\/p>\n<p><\/p>\n<p><strong>Tarifs&nbsp;:<\/strong><\/p>\n<p><\/p>\n<p>A partir de 350.00 \u20ac<\/p>\n<p><\/p>\n<p><strong>Calendrier&nbsp;<\/strong>:&nbsp;Disponible sur simple demande<\/p>\n<p><\/p>\n<p><strong>Lieu et nature de l\u2019action :<\/strong><\/p>\n<p><\/p>\n<p>Intra Entreprise \/ Inter entreprise au sein de notre agence<\/p>\n<p><\/p>\n<p><strong>Responsable p\u00e9dagogique \/&nbsp;<\/strong><strong>R\u00e9f\u00e9rent handicap<\/strong><strong>&nbsp;:&nbsp;<\/strong><\/p>\n<p><\/p>\n<p>Monsieur St\u00e9phane SANGORRIN<\/p>\n<p><\/p>\n<p><strong>Mode de validation&nbsp;:<\/strong><\/p>\n<p><\/p>\n<p>Le stagiaire re\u00e7oit une attestation de formation.<\/p>\n<p><\/p>\n<p>Cette formation permet au participant d\u2019obtenir le CACES \u00ae R486 des cat\u00e9gories vis\u00e9es.<\/p>\n<p><\/p>\n<p>Test CACES\u00ae r\u00e9alis\u00e9 par un partenaire organisme testeur certifi\u00e9<\/p>\n<p><\/p>\t\t\t\t\t\t\t\t<\/div>\n\t\t\t\t<\/div>\n\t\t\t\t\t<\/div>\n\t\t<\/div>\n\t\t\t\t\t<\/div>\n\t\t<\/section>\n\t\t\t\t<section class=\"elementor-section elementor-top-section elementor-element elementor-element-fdaeac6 elementor-section-boxed elementor-section-height-default elementor-section-height-default\" data-id=\"fdaeac6\" data-element_type=\"section\">\n\t\t\t\t\t\t<div class=\"elementor-container elementor-column-gap-default\">\n\t\t\t\t\t<div class=\"elementor-column elementor-col-100 elementor-top-column elementor-element elementor-element-1bdfc9e\" data-id=\"1bdfc9e\" data-element_type=\"column\">\n\t\t\t<div class=\"elementor-widget-wrap elementor-element-populated\">\n\t\t\t\t\t\t<div class=\"elementor-element elementor-element-ebed0d9 elementor-align-center elementor-widget elementor-widget-button\" data-id=\"ebed0d9\" data-element_type=\"widget\" data-widget_type=\"button.default\">\n\t\t\t\t<div class=\"elementor-widget-container\">\n\t\t\t\t\t\t\t\t\t<div class=\"elementor-button-wrapper\">\n\t\t\t\t\t<a class=\"elementor-button elementor-button-link elementor-size-md\" href=\"https:\/\/s2consulting.fr\/wp-content\/uploads\/2025\/03\/fiche-programme-CACES-R486-PEMP-S2-FORMATION2.pdf\" target=\"_blank\">\n\t\t\t\t\t\t<span class=\"elementor-button-content-wrapper\">\n\t\t\t\t\t\t\t\t\t<span class=\"elementor-button-text\">T\u00e9l\u00e9charger le programme de formation<\/span>\n\t\t\t\t\t<\/span>\n\t\t\t\t\t<\/a>\n\t\t\t\t<\/div>\n\t\t\t\t\t\t\t\t<\/div>\n\t\t\t\t<\/div>\n\t\t\t\t\t<\/div>\n\t\t<\/div>\n\t\t\t\t\t<\/div>\n\t\t<\/section>\n\t\t\t\t<\/div>\n\t\t","protected":false},"excerpt":{"rendered":"<p>CACES\u00aeR486 PEMP- Plateformes El\u00e9vatrices de Personnel Cette formation CACES\u00ae est propos\u00e9e \u00e9galement en formation Autorisation de conduite. DEMANDE DE DEVIS Contexte :&nbsp;&nbsp; Le d\u00e9cret n\u00b02008-244 du 7 mars 2008 valide que : La conduite des \u00e9quipements de travail mobiles automoteurs et des \u00e9quipements de travail servant au levage est r\u00e9serv\u00e9e aux travailleurs qui ont re\u00e7u [&hellip;]<\/p>\n","protected":false},"author":2,"featured_media":0,"parent":243,"menu_order":3,"comment_status":"closed","ping_status":"closed","template":"","meta":{"footnotes":""},"class_list":["post-432","page","type-page","status-publish","hentry"],"_links":{"self":[{"href":"https:\/\/s2consulting.fr\/index.php\/wp-json\/wp\/v2\/pages\/432","targetHints":{"allow":["GET"]}}],"collection":[{"href":"https:\/\/s2consulting.fr\/index.php\/wp-json\/wp\/v2\/pages"}],"about":[{"href":"https:\/\/s2consulting.fr\/index.php\/wp-json\/wp\/v2\/types\/page"}],"author":[{"embeddable":true,"href":"https:\/\/s2consulting.fr\/index.php\/wp-json\/wp\/v2\/users\/2"}],"replies":[{"embeddable":true,"href":"https:\/\/s2consulting.fr\/index.php\/wp-json\/wp\/v2\/comments?post=432"}],"version-history":[{"count":50,"href":"https:\/\/s2consulting.fr\/index.php\/wp-json\/wp\/v2\/pages\/432\/revisions"}],"predecessor-version":[{"id":1700,"href":"https:\/\/s2consulting.fr\/index.php\/wp-json\/wp\/v2\/pages\/432\/revisions\/1700"}],"up":[{"embeddable":true,"href":"https:\/\/s2consulting.fr\/index.php\/wp-json\/wp\/v2\/pages\/243"}],"wp:attachment":[{"href":"https:\/\/s2consulting.fr\/index.php\/wp-json\/wp\/v2\/media?parent=432"}],"curies":[{"name":"wp","href":"https:\/\/api.w.org\/{rel}","templated":true}]}}