{"id":404,"date":"2021-09-30T15:27:54","date_gmt":"2021-09-30T15:27:54","guid":{"rendered":"https:\/\/s2consulting.fr\/?page_id=404"},"modified":"2025-03-25T15:33:40","modified_gmt":"2025-03-25T15:33:40","slug":"caces-r485-gerbeurs-a-conducteur-accompagnant","status":"publish","type":"page","link":"https:\/\/s2consulting.fr\/index.php\/formations\/caces-r485-gerbeurs-a-conducteur-accompagnant\/","title":{"rendered":"CACES\u00ae R485 Gerbeurs \u00e0 Conducteur Accompagnant"},"content":{"rendered":"\t\t<div data-elementor-type=\"wp-page\" data-elementor-id=\"404\" class=\"elementor elementor-404\">\n\t\t\t\t\t\t<section class=\"elementor-section elementor-top-section elementor-element elementor-element-7ad2311b elementor-section-boxed elementor-section-height-default elementor-section-height-default\" data-id=\"7ad2311b\" data-element_type=\"section\">\n\t\t\t\t\t\t<div class=\"elementor-container elementor-column-gap-default\">\n\t\t\t\t\t<div class=\"elementor-column elementor-col-100 elementor-top-column elementor-element elementor-element-1ac13e78\" data-id=\"1ac13e78\" data-element_type=\"column\">\n\t\t\t<div class=\"elementor-widget-wrap elementor-element-populated\">\n\t\t\t\t\t\t<div class=\"elementor-element elementor-element-2fd1254 elementor-widget elementor-widget-heading\" data-id=\"2fd1254\" data-element_type=\"widget\" data-widget_type=\"heading.default\">\n\t\t\t\t<div class=\"elementor-widget-container\">\n\t\t\t\t\t<h2 class=\"elementor-heading-title elementor-size-xxl\">CACES\u00aeR485 Gerbeurs \u00e0 Conducteur Accompagnant\u200b<\/h2>\t\t\t\t<\/div>\n\t\t\t\t<\/div>\n\t\t\t\t<div class=\"elementor-element elementor-element-1e791d36 elementor-widget elementor-widget-text-editor\" data-id=\"1e791d36\" data-element_type=\"widget\" data-widget_type=\"text-editor.default\">\n\t\t\t\t<div class=\"elementor-widget-container\">\n\t\t\t\t\t\t\t\t\t<p><\/p>\n<div class=\"wp-block-image\">\n<figure class=\"aligncenter size-full\"><img fetchpriority=\"high\" decoding=\"async\" width=\"595\" height=\"842\" class=\"wp-image-406\" src=\"https:\/\/s2consulting.fr\/wp-content\/uploads\/2021\/09\/R485-1.jpg\" alt=\"\" srcset=\"https:\/\/s2consulting.fr\/wp-content\/uploads\/2021\/09\/R485-1.jpg 595w, https:\/\/s2consulting.fr\/wp-content\/uploads\/2021\/09\/R485-1-212x300.jpg 212w\" sizes=\"(max-width: 595px) 100vw, 595px\" \/><\/figure>\n<\/div>\n<p><\/p>\n<p><\/p>\n<p><strong style=\"color: var( --e-global-color-text ); font-family: var( --e-global-typography-text-font-family ), Sans-serif; font-size: 1rem;\">Contexte : \u00a0<\/strong><\/p>\n<p><\/p>\n<p><\/p>\n<p>Tout travailleur amen\u00e9 \u00e0 utiliser un chariot de manutention \u00e0 conducteur accompagnant doit avoir re\u00e7u une formation ad\u00e9quate (art. R.4323-55 du Code du travail). Il est en outre recommand\u00e9 qu\u2019il soit titulaire d\u2019une autorisation de conduite d\u00e9livr\u00e9e par son employeur selon les modalit\u00e9s d\u00e9finies \u00e0 l\u2019article 3 de l\u2019arr\u00eat\u00e9 du 2 d\u00e9cembre 1998.<\/p>\n<p><\/p>\n<p><\/p>\n<p><strong>Objectifs<\/strong>\u00a0:\u00a0<\/p>\n<p><\/p>\n<p><\/p>\n<p>Ma\u00eetriser la conduite en s\u00e9curit\u00e9 des chariots d\u2019une ou plusieurs cat\u00e9gories conform\u00e9ment \u00e0 la nouvelle recommandation R485 de la Caisse Nationale d\u2019Assurance Maladie (CNAM)<\/p>\n<p><\/p>\n<p><\/p>\n<p>Obtenir le CACES\u00ae R485 de la cat\u00e9gorie souhait\u00e9e<\/p>\n<p><\/p>\n<p><\/p>\n<p><strong>Personnes concern\u00e9es<\/strong>\u00a0:<\/p>\n<p><\/p>\n<p><\/p>\n<p>Toute personne appel\u00e9e \u00e0 manipuler un chariot automoteur gerbeur \u00e0 conducteur accompagnant<\/p>\n<p><\/p>\n<p><\/p>\n<p><strong>Accessibilit\u00e9\u00a0:\u00a0<\/strong><\/p>\n<p><\/p>\n<p><\/p>\n<p>La formation est accessible, sous conditions, aux personnes en situation de handicap. Nous consulter au pr\u00e9alable.<\/p>\n<p><\/p>\n<p><\/p>\n<p><strong>Pr\u00e9 requis\u00a0<\/strong>:<\/p>\n<p><\/p>\n<p><\/p>\n<p>\u00catre \u00e2g\u00e9 d\u2019au moins 18 ans<\/p>\n<p><\/p>\n<p><\/p>\n<p>Ma\u00eetriser la lecture et les 4 op\u00e9rations.<\/p>\n<p><\/p>\n<p><\/p>\n<p><strong>Dispensateurs de formation\u00a0<\/strong>:<\/p>\n<p><\/p>\n<p><\/p>\n<p>Formateurs sp\u00e9cialis\u00e9s dans la conduite et la manipulation de chariots \u00e9l\u00e9vateurs accompagnant<\/p>\n<p><\/p>\n<p><\/p>\n<p><strong>Dispositif de suivi :<\/strong><\/p>\n<p><\/p>\n<p><\/p>\n<p>Feuille d&rsquo;\u00e9margement par demi-journ\u00e9e<\/p>\n<p><\/p>\n<p><\/p>\n<p>Attestation de stage<\/p>\n<p><\/p>\n<p><\/p>\n<p><strong>Dur\u00e9e du stage\u00a0<\/strong>:\u00a0variable selon cat\u00e9gories vis\u00e9es<\/p>\n<p><\/p>\n<p><\/p>\n<p>Initiale\u00a0: 2 \u00e0 3 jours &amp; Recyclage 1 \u00e0 2 jours\u00a0<\/p>\n<p><\/p>\n<p><\/p>\n<p><strong>Tarifs\u00a0:<\/strong><\/p>\n<p><\/p>\n<p><\/p>\n<p>A partir de 350.00 \u20ac<\/p>\n<p><\/p>\n<p><\/p>\n<p><strong>Calendrier\u00a0<\/strong>:\u00a0Disponible sur simple demande<\/p>\n<p><\/p>\n<p><\/p>\n<p><strong>Lieu et nature de l\u2019action :<\/strong><\/p>\n<p><\/p>\n<p><\/p>\n<p>Intra Entreprise \/ Inter entreprise au sein de notre agence<\/p>\n<p><\/p>\n<p><\/p>\n<p><strong>M\u00e9thodes et moyens p\u00e9dagogiques\u00a0<\/strong>:<\/p>\n<p><\/p>\n<p><\/p>\n<p>Enseignement th\u00e9orique multim\u00e9dia<\/p>\n<p><\/p>\n<p><\/p>\n<p>Pratique sur plusieurs types de gerbeurs<\/p>\n<p><\/p>\n<p><\/p>\n<p>Conduite sur plateau technique certifi\u00e9<\/p>\n<p><\/p>\n<p><\/p>\n<p>Exercices pratiques avec charges et \u00e9quipements<\/p>\n<p><\/p>\n<p><\/p>\n<p><strong>Responsable p\u00e9dagogique \/ R\u00e9f\u00e9rent handicap :<\/strong><\/p>\n<p><\/p>\n<p><\/p>\n<p>Monsieur St\u00e9phane SANGORRIN<\/p>\n<p><\/p>\n<p><\/p>\n<p><strong>Mode de validation\u00a0:<\/strong><\/p>\n<p><\/p>\n<p><\/p>\n<p>Le stagiaire re\u00e7oit une attestation de formation.<\/p>\n<p><\/p>\n<p><\/p>\n<p>Cette formation permet au participant d\u2019obtenir le CACES \u00ae R485 des cat\u00e9gories vis\u00e9es.Test CACES \u00ae r\u00e9alis\u00e9 par un partenaire organisme testeur certifi\u00e9<\/p>\n<p><\/p>\n<p><\/p>\n<p><\/p>\n<p><\/p>\n<div class=\"wp-block-buttons is-layout-flex wp-block-buttons-is-layout-flex\">\u00a0<\/div>\n<p><\/p>\n<p><\/p>\n<p><\/p>\t\t\t\t\t\t\t\t<\/div>\n\t\t\t\t<\/div>\n\t\t\t\t\t<\/div>\n\t\t<\/div>\n\t\t\t\t\t<\/div>\n\t\t<\/section>\n\t\t\t\t<section class=\"elementor-section elementor-top-section elementor-element elementor-element-aa419e9 elementor-section-boxed elementor-section-height-default elementor-section-height-default\" data-id=\"aa419e9\" data-element_type=\"section\">\n\t\t\t\t\t\t<div class=\"elementor-container elementor-column-gap-default\">\n\t\t\t\t\t<div class=\"elementor-column elementor-col-100 elementor-top-column elementor-element elementor-element-5f6d017\" data-id=\"5f6d017\" data-element_type=\"column\">\n\t\t\t<div class=\"elementor-widget-wrap elementor-element-populated\">\n\t\t\t\t\t\t<div class=\"elementor-element elementor-element-04fa077 elementor-align-center elementor-widget elementor-widget-button\" data-id=\"04fa077\" data-element_type=\"widget\" data-widget_type=\"button.default\">\n\t\t\t\t<div class=\"elementor-widget-container\">\n\t\t\t\t\t\t\t\t\t<div class=\"elementor-button-wrapper\">\n\t\t\t\t\t<a class=\"elementor-button elementor-button-link elementor-size-sm\" href=\"https:\/\/s2consulting.fr\/wp-content\/uploads\/2025\/03\/fiche-programme-CACES-R485-gerbeur-S2-FORMATION2.pdf\">\n\t\t\t\t\t\t<span class=\"elementor-button-content-wrapper\">\n\t\t\t\t\t\t\t\t\t<span class=\"elementor-button-text\">T\u00e9l\u00e9charger le programme de formation<\/span>\n\t\t\t\t\t<\/span>\n\t\t\t\t\t<\/a>\n\t\t\t\t<\/div>\n\t\t\t\t\t\t\t\t<\/div>\n\t\t\t\t<\/div>\n\t\t\t\t\t<\/div>\n\t\t<\/div>\n\t\t\t\t\t<\/div>\n\t\t<\/section>\n\t\t\t\t<\/div>\n\t\t","protected":false},"excerpt":{"rendered":"<p>CACES\u00aeR485 Gerbeurs \u00e0 Conducteur Accompagnant\u200b Contexte : \u00a0 Tout travailleur amen\u00e9 \u00e0 utiliser un chariot de manutention \u00e0 conducteur accompagnant doit avoir re\u00e7u une formation ad\u00e9quate (art. R.4323-55 du Code du travail). Il est en outre recommand\u00e9 qu\u2019il soit titulaire d\u2019une autorisation de conduite d\u00e9livr\u00e9e par son employeur selon les modalit\u00e9s d\u00e9finies \u00e0 l\u2019article 3 [&hellip;]<\/p>\n","protected":false},"author":2,"featured_media":0,"parent":243,"menu_order":2,"comment_status":"closed","ping_status":"closed","template":"","meta":{"footnotes":""},"class_list":["post-404","page","type-page","status-publish","hentry"],"_links":{"self":[{"href":"https:\/\/s2consulting.fr\/index.php\/wp-json\/wp\/v2\/pages\/404","targetHints":{"allow":["GET"]}}],"collection":[{"href":"https:\/\/s2consulting.fr\/index.php\/wp-json\/wp\/v2\/pages"}],"about":[{"href":"https:\/\/s2consulting.fr\/index.php\/wp-json\/wp\/v2\/types\/page"}],"author":[{"embeddable":true,"href":"https:\/\/s2consulting.fr\/index.php\/wp-json\/wp\/v2\/users\/2"}],"replies":[{"embeddable":true,"href":"https:\/\/s2consulting.fr\/index.php\/wp-json\/wp\/v2\/comments?post=404"}],"version-history":[{"count":64,"href":"https:\/\/s2consulting.fr\/index.php\/wp-json\/wp\/v2\/pages\/404\/revisions"}],"predecessor-version":[{"id":1704,"href":"https:\/\/s2consulting.fr\/index.php\/wp-json\/wp\/v2\/pages\/404\/revisions\/1704"}],"up":[{"embeddable":true,"href":"https:\/\/s2consulting.fr\/index.php\/wp-json\/wp\/v2\/pages\/243"}],"wp:attachment":[{"href":"https:\/\/s2consulting.fr\/index.php\/wp-json\/wp\/v2\/media?parent=404"}],"curies":[{"name":"wp","href":"https:\/\/api.w.org\/{rel}","templated":true}]}}