{"id":227,"date":"2021-09-19T06:29:27","date_gmt":"2021-09-19T06:29:27","guid":{"rendered":"https:\/\/s2consulting.fr\/?page_id=227"},"modified":"2021-09-19T06:29:50","modified_gmt":"2021-09-19T06:29:50","slug":"temoignages","status":"publish","type":"page","link":"https:\/\/s2consulting.fr\/index.php\/temoignages\/","title":{"rendered":"T\u00e9moignages"},"content":{"rendered":"\t\t<div data-elementor-type=\"wp-page\" data-elementor-id=\"227\" class=\"elementor elementor-227\">\n\t\t\t\t\t\t<section class=\"elementor-section elementor-top-section elementor-element elementor-element-26d8212b elementor-section-full_width elementor-section-height-default elementor-section-height-default\" data-id=\"26d8212b\" data-element_type=\"section\" data-settings=\"{&quot;background_background&quot;:&quot;gradient&quot;}\">\n\t\t\t\t\t\t<div class=\"elementor-container elementor-column-gap-default\">\n\t\t\t\t\t<div class=\"elementor-column elementor-col-100 elementor-top-column elementor-element elementor-element-9ca250b\" data-id=\"9ca250b\" data-element_type=\"column\">\n\t\t\t<div class=\"elementor-widget-wrap elementor-element-populated\">\n\t\t\t\t\t\t<div class=\"elementor-element elementor-element-99e89e6 elementor-widget elementor-widget-text-editor\" data-id=\"99e89e6\" data-element_type=\"widget\" data-widget_type=\"text-editor.default\">\n\t\t\t\t<div class=\"elementor-widget-container\">\n\t\t\t\t\t\t\t\t\t<h2 class=\"elementor-heading-title elementor-size-small elementor-inline-editing pen\" style=\"font-family: 'Open Sans Hebrew Condensed', sans-serif; font-weight: 600; font-size: 60px; outline-style: initial; outline-width: 0px; text-align: center;\" data-elementor-setting-key=\"title\" data-pen-placeholder=\"\u00c9crivez ici...\"><span style=\"color: #6ec1e4;\">T\u00e9moignages<\/span><\/h2>\t\t\t\t\t\t\t\t<\/div>\n\t\t\t\t<\/div>\n\t\t\t\t<div class=\"elementor-element elementor-element-4e6e0c1 elementor-invisible elementor-widget elementor-widget-text-editor\" data-id=\"4e6e0c1\" data-element_type=\"widget\" data-settings=\"{&quot;_animation&quot;:&quot;fadeIn&quot;}\" data-widget_type=\"text-editor.default\">\n\t\t\t\t<div class=\"elementor-widget-container\">\n\t\t\t\t\t\t\t\t\t<h5 style=\"text-align: center;\"><b>Riche d\u2019une exp\u00e9rience de plus de 20 ans et d\u2019une \u00e9quipe de Consultants et formateurs experts en pr\u00e9vention,\nS2 Consulting est un organisme de formation sp\u00e9cialis\u00e9 dans la s\u00e9curit\u00e9 au travail et sur les risques professionnels. <\/b><\/h5>\n&nbsp;\n\nNos domaines d\u2019expertise, couvrent la ma\u00eetrise des risques li\u00e9s aux travaux en hauteur (Nacelle, Echafaudage, Travaux sur toitures\u2026), aux polluants du b\u00e2timent (Amiante, plomb, \u2026),\nla conduite d\u2019engins de tous types (CACES\u00ae, autorisation de conduite \u2026)\u00a0<span style=\"color: var( --e-global-color-text ); font-family: var( --e-global-typography-text-font-family ), Sans-serif; font-weight: var( --e-global-typography-text-font-weight ); font-size: 1rem;\">mais aussi \u00e0 la s\u00e9curit\u00e9 au travail (AIPR, SST, Levage, Electricit\u00e9, \u2026)<\/span>\n<h5 style=\"text-align: center;\"><b><img decoding=\"async\" class=\"alignnone size-medium wp-image-100\" src=\"https:\/\/s2consulting.fr\/wp-content\/uploads\/2021\/09\/cropped-logo-300x80.jpg\" alt=\"\" width=\"300\" height=\"80\" srcset=\"https:\/\/s2consulting.fr\/wp-content\/uploads\/2021\/09\/cropped-logo-300x80.jpg 300w, https:\/\/s2consulting.fr\/wp-content\/uploads\/2021\/09\/cropped-logo.jpg 533w\" sizes=\"(max-width: 300px) 100vw, 300px\" \/><\/b><\/h5>\n<p style=\"text-align: justify;\"><span style=\"background-color: transparent; color: var( --e-global-color-text ); font-family: var( --e-global-typography-text-font-family ), Sans-serif; font-weight: var( --e-global-typography-text-font-weight );\">Install\u00e9 a Benesse Maremne , S2 Consulting &amp; formation accompagne les entreprises et les collectivit\u00e9s du Sud-Ouest dans leurs d\u00e9marches en pr\u00e9vention par des missions de conseil, de formation et aupr\u00e8s des acteurs professionnels. Dans un environnement technique et r\u00e9glementaire toujours plus complexe et toujours plus encadr\u00e9, la ma\u00eetrise des risques professionnels est un enjeu majeur pour les entreprises des secteurs du BTP, Industrie, Transport \u00e9nergie, que vous soyez, Artisan, TPE\/PME ou collectivit\u00e9s publiques, ce qui conditionne non seulement votre p\u00e9rennit\u00e9 mais aussi la s\u00e9r\u00e9nit\u00e9 de votre d\u00e9veloppement. Pour faire face aux enjeux juridiques, techniques, humains mais aussi financiers, S2 Consulting &amp; Formation vous accompagne dans les domaines de la pr\u00e9vention des risques professionnels, de la s\u00e9curit\u00e9 et dans le management des syst\u00e8mes de pr\u00e9vention.<\/span><\/p>\t\t\t\t\t\t\t\t<\/div>\n\t\t\t\t<\/div>\n\t\t\t\t\t<\/div>\n\t\t<\/div>\n\t\t\t\t\t<\/div>\n\t\t<\/section>\n\t\t\t\t<\/div>\n\t\t","protected":false},"excerpt":{"rendered":"<p>T\u00e9moignages Riche d\u2019une exp\u00e9rience de plus de 20 ans et d\u2019une \u00e9quipe de Consultants et formateurs experts en pr\u00e9vention, S2 Consulting est un organisme de formation sp\u00e9cialis\u00e9 dans la s\u00e9curit\u00e9 au travail et sur les risques professionnels. &nbsp; Nos domaines d\u2019expertise, couvrent la ma\u00eetrise des risques li\u00e9s aux travaux en hauteur (Nacelle, Echafaudage, Travaux sur [&hellip;]<\/p>\n","protected":false},"author":1,"featured_media":0,"parent":0,"menu_order":0,"comment_status":"closed","ping_status":"closed","template":"","meta":{"footnotes":""},"class_list":["post-227","page","type-page","status-publish","hentry"],"_links":{"self":[{"href":"https:\/\/s2consulting.fr\/index.php\/wp-json\/wp\/v2\/pages\/227","targetHints":{"allow":["GET"]}}],"collection":[{"href":"https:\/\/s2consulting.fr\/index.php\/wp-json\/wp\/v2\/pages"}],"about":[{"href":"https:\/\/s2consulting.fr\/index.php\/wp-json\/wp\/v2\/types\/page"}],"author":[{"embeddable":true,"href":"https:\/\/s2consulting.fr\/index.php\/wp-json\/wp\/v2\/users\/1"}],"replies":[{"embeddable":true,"href":"https:\/\/s2consulting.fr\/index.php\/wp-json\/wp\/v2\/comments?post=227"}],"version-history":[{"count":5,"href":"https:\/\/s2consulting.fr\/index.php\/wp-json\/wp\/v2\/pages\/227\/revisions"}],"predecessor-version":[{"id":547,"href":"https:\/\/s2consulting.fr\/index.php\/wp-json\/wp\/v2\/pages\/227\/revisions\/547"}],"wp:attachment":[{"href":"https:\/\/s2consulting.fr\/index.php\/wp-json\/wp\/v2\/media?parent=227"}],"curies":[{"name":"wp","href":"https:\/\/api.w.org\/{rel}","templated":true}]}}