{"id":221,"date":"2021-09-19T06:28:48","date_gmt":"2021-09-19T06:28:48","guid":{"rendered":"https:\/\/s2consulting.fr\/?page_id=221"},"modified":"2025-03-25T15:59:07","modified_gmt":"2025-03-25T15:59:07","slug":"accueil-des-stagiaires","status":"publish","type":"page","link":"https:\/\/s2consulting.fr\/index.php\/accueil-des-stagiaires\/","title":{"rendered":"Accueil des stagiaires"},"content":{"rendered":"\t\t<div data-elementor-type=\"wp-page\" data-elementor-id=\"221\" class=\"elementor elementor-221\">\n\t\t\t\t\t\t<section class=\"elementor-section elementor-top-section elementor-element elementor-element-26d8212b elementor-section-full_width elementor-section-height-default elementor-section-height-default\" data-id=\"26d8212b\" data-element_type=\"section\" data-settings=\"{&quot;background_background&quot;:&quot;gradient&quot;}\">\n\t\t\t\t\t\t<div class=\"elementor-container elementor-column-gap-default\">\n\t\t\t\t\t<div class=\"elementor-column elementor-col-100 elementor-top-column elementor-element elementor-element-9ca250b\" data-id=\"9ca250b\" data-element_type=\"column\">\n\t\t\t<div class=\"elementor-widget-wrap elementor-element-populated\">\n\t\t\t\t\t\t<div class=\"elementor-element elementor-element-99e89e6 elementor-widget elementor-widget-text-editor\" data-id=\"99e89e6\" data-element_type=\"widget\" data-widget_type=\"text-editor.default\">\n\t\t\t\t<div class=\"elementor-widget-container\">\n\t\t\t\t\t\t\t\t\t<h2 class=\"elementor-heading-title elementor-size-small elementor-inline-editing pen\" style=\"font-family: 'Open Sans Hebrew Condensed', sans-serif; font-weight: 600; font-size: 60px; outline-style: initial; outline-width: 0px; text-align: center;\" data-elementor-setting-key=\"title\" data-pen-placeholder=\"\u00c9crivez ici...\"><span style=\"color: #3366ff;\">Accueil des stagiaires <\/span><\/h2>\t\t\t\t\t\t\t\t<\/div>\n\t\t\t\t<\/div>\n\t\t\t\t<div class=\"elementor-element elementor-element-4e6e0c1 elementor-invisible elementor-widget elementor-widget-text-editor\" data-id=\"4e6e0c1\" data-element_type=\"widget\" data-settings=\"{&quot;_animation&quot;:&quot;fadeIn&quot;}\" data-widget_type=\"text-editor.default\">\n\t\t\t\t<div class=\"elementor-widget-container\">\n\t\t\t\t\t\t\t\t\t<h5 style=\"text-align: center;\">\u00a0<\/h5><h5 style=\"text-align: center;\"><span style=\"font-size: 16px;\">Vous souhaitez suivre \u00a0une formation au sein de notre centre de formation ?<\/span><\/h5><h5 style=\"text-align: center;\"><span style=\"font-size: medium;\">Vous\u00a0\u00eates inscrit \u00e0 une formation sur notre plateforme de Benesse Maremne ?<\/span><\/h5><h5 style=\"text-align: center;\"><span style=\"font-size: medium;\">Votre agence de travail temporaire vous a inscrit \u00e0 une formation chez S2 Consulting ou S2 Formation ?<\/span><\/h5><h5 style=\"text-align: center;\"><span style=\"font-size: medium;\">Vous souhaitez connaitre le lieu de formation, les possibilit\u00e9s de restauration \u00e0 proximit\u00e9, d&rsquo;h\u00e9bergement, les transports en commun, comment rejoindre l&rsquo;agence ?<\/span><\/h5><h5 style=\"text-align: center;\"><span style=\"font-size: medium;\">Retrouvez toutes ces informations dans notre livret\u00a0accueil \u00a0ainsi que notre r\u00e8glement int\u00e9rieur que vous pouvez t\u00e9l\u00e9charger ci-dessous.<\/span><\/h5><h2 style=\"text-align: center;\">Notre livret d&rsquo;accueil\u00a0<\/h2><h2 style=\"text-align: center;\">Notre r\u00e8glement int\u00e9rieur\u00a0<\/h2>\t\t\t\t\t\t\t\t<\/div>\n\t\t\t\t<\/div>\n\t\t\t\t<div class=\"elementor-element elementor-element-66e7052 elementor-button-info elementor-align-center elementor-widget elementor-widget-button\" data-id=\"66e7052\" data-element_type=\"widget\" data-widget_type=\"button.default\">\n\t\t\t\t<div class=\"elementor-widget-container\">\n\t\t\t\t\t\t\t\t\t<div class=\"elementor-button-wrapper\">\n\t\t\t\t\t<a class=\"elementor-button elementor-button-link elementor-size-md\" href=\"https:\/\/s2consulting.fr\/wp-content\/uploads\/2025\/03\/LIVRET-DACCUEIL-REGLEMENT-INT.-S2-FORMATION.pdf\">\n\t\t\t\t\t\t<span class=\"elementor-button-content-wrapper\">\n\t\t\t\t\t\t<span class=\"elementor-button-icon\">\n\t\t\t\t<i aria-hidden=\"true\" class=\"fas fa-archive\"><\/i>\t\t\t<\/span>\n\t\t\t\t\t\t\t\t\t<span class=\"elementor-button-text\">Notre livret d'accueil <\/span>\n\t\t\t\t\t<\/span>\n\t\t\t\t\t<\/a>\n\t\t\t\t<\/div>\n\t\t\t\t\t\t\t\t<\/div>\n\t\t\t\t<\/div>\n\t\t\t\t<div class=\"elementor-element elementor-element-34266df elementor-button-info elementor-align-center elementor-widget elementor-widget-button\" data-id=\"34266df\" data-element_type=\"widget\" data-widget_type=\"button.default\">\n\t\t\t\t<div class=\"elementor-widget-container\">\n\t\t\t\t\t\t\t\t\t<div class=\"elementor-button-wrapper\">\n\t\t\t\t\t<a class=\"elementor-button elementor-button-link elementor-size-md\" href=\"https:\/\/s2consulting.fr\/wp-content\/uploads\/2025\/03\/LIVRET-DACCUEIL-REGLEMENT-INT.-S2-FORMATION.pdf\">\n\t\t\t\t\t\t<span class=\"elementor-button-content-wrapper\">\n\t\t\t\t\t\t<span class=\"elementor-button-icon\">\n\t\t\t\t<i aria-hidden=\"true\" class=\"fas fa-archive\"><\/i>\t\t\t<\/span>\n\t\t\t\t\t\t\t\t\t<span class=\"elementor-button-text\">R\u00e8glement int\u00e9rieur <\/span>\n\t\t\t\t\t<\/span>\n\t\t\t\t\t<\/a>\n\t\t\t\t<\/div>\n\t\t\t\t\t\t\t\t<\/div>\n\t\t\t\t<\/div>\n\t\t\t\t\t<\/div>\n\t\t<\/div>\n\t\t\t\t\t<\/div>\n\t\t<\/section>\n\t\t\t\t<\/div>\n\t\t","protected":false},"excerpt":{"rendered":"<p>Accueil des stagiaires \u00a0 Vous souhaitez suivre \u00a0une formation au sein de notre centre de formation ? Vous\u00a0\u00eates inscrit \u00e0 une formation sur notre plateforme de Benesse Maremne ? Votre agence de travail temporaire vous a inscrit \u00e0 une formation chez S2 Consulting ou S2 Formation ? Vous souhaitez connaitre le lieu de formation, les [&hellip;]<\/p>\n","protected":false},"author":1,"featured_media":0,"parent":0,"menu_order":0,"comment_status":"closed","ping_status":"closed","template":"","meta":{"footnotes":""},"class_list":["post-221","page","type-page","status-publish","hentry"],"_links":{"self":[{"href":"https:\/\/s2consulting.fr\/index.php\/wp-json\/wp\/v2\/pages\/221","targetHints":{"allow":["GET"]}}],"collection":[{"href":"https:\/\/s2consulting.fr\/index.php\/wp-json\/wp\/v2\/pages"}],"about":[{"href":"https:\/\/s2consulting.fr\/index.php\/wp-json\/wp\/v2\/types\/page"}],"author":[{"embeddable":true,"href":"https:\/\/s2consulting.fr\/index.php\/wp-json\/wp\/v2\/users\/1"}],"replies":[{"embeddable":true,"href":"https:\/\/s2consulting.fr\/index.php\/wp-json\/wp\/v2\/comments?post=221"}],"version-history":[{"count":57,"href":"https:\/\/s2consulting.fr\/index.php\/wp-json\/wp\/v2\/pages\/221\/revisions"}],"predecessor-version":[{"id":1747,"href":"https:\/\/s2consulting.fr\/index.php\/wp-json\/wp\/v2\/pages\/221\/revisions\/1747"}],"wp:attachment":[{"href":"https:\/\/s2consulting.fr\/index.php\/wp-json\/wp\/v2\/media?parent=221"}],"curies":[{"name":"wp","href":"https:\/\/api.w.org\/{rel}","templated":true}]}}