{"id":215,"date":"2021-09-19T06:28:12","date_gmt":"2021-09-19T06:28:12","guid":{"rendered":"https:\/\/s2consulting.fr\/?page_id=215"},"modified":"2023-09-15T13:09:20","modified_gmt":"2023-09-15T13:09:20","slug":"notre-politique-securite-sante-environnement","status":"publish","type":"page","link":"https:\/\/s2consulting.fr\/index.php\/notre-politique-securite-sante-environnement\/","title":{"rendered":"Notre politique S\u00e9curit\u00e9, Sant\u00e9, Environnement"},"content":{"rendered":"\t\t<div data-elementor-type=\"wp-page\" data-elementor-id=\"215\" class=\"elementor elementor-215\">\n\t\t\t\t\t\t<section class=\"elementor-section elementor-top-section elementor-element elementor-element-26d8212b elementor-section-full_width elementor-section-height-default elementor-section-height-default\" data-id=\"26d8212b\" data-element_type=\"section\" data-settings=\"{&quot;background_background&quot;:&quot;gradient&quot;}\">\n\t\t\t\t\t\t<div class=\"elementor-container elementor-column-gap-default\">\n\t\t\t\t\t<div class=\"elementor-column elementor-col-100 elementor-top-column elementor-element elementor-element-9ca250b\" data-id=\"9ca250b\" data-element_type=\"column\">\n\t\t\t<div class=\"elementor-widget-wrap elementor-element-populated\">\n\t\t\t\t\t\t<div class=\"elementor-element elementor-element-99e89e6 elementor-widget elementor-widget-text-editor\" data-id=\"99e89e6\" data-element_type=\"widget\" data-widget_type=\"text-editor.default\">\n\t\t\t\t<div class=\"elementor-widget-container\">\n\t\t\t\t\t\t\t\t\t<h2 class=\"elementor-heading-title elementor-size-small elementor-inline-editing pen\" style=\"font-family: 'Open Sans Hebrew Condensed', sans-serif; font-weight: 600; font-size: 60px; outline-style: initial; outline-width: 0px; text-align: center;\" data-elementor-setting-key=\"title\" data-pen-placeholder=\"\u00c9crivez ici...\"><span style=\"color: #6ec1e4;\">Notre politique S\u00e9curit\u00e9, Sant\u00e9, Environnement <\/span><\/h2>\t\t\t\t\t\t\t\t<\/div>\n\t\t\t\t<\/div>\n\t\t\t\t<div class=\"elementor-element elementor-element-4e6e0c1 elementor-invisible elementor-widget elementor-widget-text-editor\" data-id=\"4e6e0c1\" data-element_type=\"widget\" data-settings=\"{&quot;_animation&quot;:&quot;fadeIn&quot;}\" data-widget_type=\"text-editor.default\">\n\t\t\t\t<div class=\"elementor-widget-container\">\n\t\t\t\t\t\t\t\t\t<p><strong>Politique de Sant\u00e9, S\u00e9curit\u00e9 et Environnement (SSE) pour le S2 Consulting &amp; Formations Sp\u00e9cialis\u00e9 en Pr\u00e9vention des Risques<\/strong><\/p><p><strong>1. Pr\u00e9ambule :<\/strong><\/p><p>Le Centre de Formation Sp\u00e9cialis\u00e9 en Pr\u00e9vention des Risques s&rsquo;engage \u00e0 garantir un environnement d&rsquo;apprentissage s\u00fbr, sain et respectueux de l&rsquo;environnement pour l&rsquo;ensemble de ses \u00e9tudiants, formateurs et collaborateurs. Cette politique a pour mais de promouvoir une culture proactive en mati\u00e8re de sant\u00e9, de s\u00e9curit\u00e9 et d&rsquo;environnement.<\/p><p><strong>2. Objectifs :<\/strong><\/p><p>Veiller \u00e0 l&rsquo;int\u00e9grit\u00e9 physique et mentale de tous les individus pr\u00e9sents dans le centre.<\/p><p>Pr\u00e9venir les accidents, incidents et maladies professionnelles.<\/p><p>Minimiser l&rsquo;impact de nos activit\u00e9s sur l&rsquo;environnement.<\/p><p>Former les \u00e9tudiants aux meilleures pratiques SSE dans le cadre de leurs futurs m\u00e9tiers.<\/p><p><strong>3. Principes directeurs :<\/strong><\/p><p><strong>Engagement de la Direction :<\/strong> La direction soutient fermement la mise en \u0153uvre et l&rsquo;am\u00e9lioration continue des pratiques ESS.<\/p><p><strong>Conformit\u00e9 l\u00e9gale :<\/strong> Respecter toutes les r\u00e9glementations et normes en mati\u00e8re de SSE applicables.<\/p><p><strong>Formation et Sensibilisation :<\/strong> Assurer une formation r\u00e9guli\u00e8re pour que chaque individu prenne conscience des risques li\u00e9s \u00e0 ses activit\u00e9s et soit capable d&rsquo;agir en cons\u00e9quence.<\/p><p><strong>Gestion proactive :<\/strong> Identifier, \u00e9valuer et contr\u00f4ler les risques avant qu&rsquo;ils ne deviennent des incidents.<\/p><p><strong>Responsabilit\u00e9 partag\u00e9e :<\/strong> La SSE est l&rsquo;affaire de tous. Chaque individu est responsable de sa propre s\u00e9curit\u00e9, celle des autres et du respect de l&rsquo;environnement.<\/p><p><strong>4. Actions concr\u00e8tes :<\/strong><\/p><p>Mettre en place un comit\u00e9 SSE pour superviser et piloter les initiatives.<\/p><p>Organisateur des audits SSE r\u00e9guliers pour \u00e9valuer la conformit\u00e9 et l&rsquo;efficacit\u00e9 des mesures en place.<\/p><p>Instaurer un syst\u00e8me de rapport d&rsquo;incidents pour que chaque \u00e9v\u00e9nement puisse \u00eatre analys\u00e9 et que des mesures pr\u00e9ventives puissent \u00eatre d\u00e9ploy\u00e9es.<\/p><p>Sensibiliser \u00e0 la r\u00e9duction des d\u00e9chets, \u00e0 l&rsquo;\u00e9conomie d&rsquo;\u00e9nergie et \u00e0 la protection de la biodiversit\u00e9 au sein du centre.<\/p><p>Installer des \u00e9quipements de s\u00e9curit\u00e9 et de premiers secours accessibles \u00e0 tous.<\/p><p>Fournir des \u00e9quipements de protection individuelle (EPI) adapt\u00e9s \u00e0 chaque formation.<\/p><p><strong>5. Revue et Am\u00e9lioration :<\/strong><\/p><p>Cette politique sera r\u00e9vis\u00e9e annuellement pour s&rsquo;assurer qu&rsquo;elle reste pertinente et efficace. Les retours des \u00e9tudiants, formateurs et collaborateurs seront sollicit\u00e9s r\u00e9guli\u00e8rement pour int\u00e9grer leurs perspectives et exp\u00e9riences.<\/p><p><strong>6. Engagements :<\/strong><\/p><p>En tant que Directeur\/Directrice du Centre de Formation Sp\u00e9cialis\u00e9 en Pr\u00e9vention des Risques, je m&rsquo;engage \u00e0 allouer les ressources n\u00e9cessaires \u00e0 la mise en \u0153uvre de cette politique et \u00e0 promouvoir une culture de la s\u00e9curit\u00e9, de la sant\u00e9 et du respect de l&rsquo;environnement. &lsquo;environnement au sein de notre \u00e9tablissement.<\/p>\t\t\t\t\t\t\t\t<\/div>\n\t\t\t\t<\/div>\n\t\t\t\t\t<\/div>\n\t\t<\/div>\n\t\t\t\t\t<\/div>\n\t\t<\/section>\n\t\t\t\t<\/div>\n\t\t","protected":false},"excerpt":{"rendered":"<p>Notre politique S\u00e9curit\u00e9, Sant\u00e9, Environnement Politique de Sant\u00e9, S\u00e9curit\u00e9 et Environnement (SSE) pour le S2 Consulting &amp; Formations Sp\u00e9cialis\u00e9 en Pr\u00e9vention des Risques 1. Pr\u00e9ambule : Le Centre de Formation Sp\u00e9cialis\u00e9 en Pr\u00e9vention des Risques s&rsquo;engage \u00e0 garantir un environnement d&rsquo;apprentissage s\u00fbr, sain et respectueux de l&rsquo;environnement pour l&rsquo;ensemble de ses \u00e9tudiants, formateurs et collaborateurs. [&hellip;]<\/p>\n","protected":false},"author":1,"featured_media":0,"parent":0,"menu_order":0,"comment_status":"closed","ping_status":"closed","template":"","meta":{"footnotes":""},"class_list":["post-215","page","type-page","status-publish","hentry"],"_links":{"self":[{"href":"https:\/\/s2consulting.fr\/index.php\/wp-json\/wp\/v2\/pages\/215","targetHints":{"allow":["GET"]}}],"collection":[{"href":"https:\/\/s2consulting.fr\/index.php\/wp-json\/wp\/v2\/pages"}],"about":[{"href":"https:\/\/s2consulting.fr\/index.php\/wp-json\/wp\/v2\/types\/page"}],"author":[{"embeddable":true,"href":"https:\/\/s2consulting.fr\/index.php\/wp-json\/wp\/v2\/users\/1"}],"replies":[{"embeddable":true,"href":"https:\/\/s2consulting.fr\/index.php\/wp-json\/wp\/v2\/comments?post=215"}],"version-history":[{"count":10,"href":"https:\/\/s2consulting.fr\/index.php\/wp-json\/wp\/v2\/pages\/215\/revisions"}],"predecessor-version":[{"id":1357,"href":"https:\/\/s2consulting.fr\/index.php\/wp-json\/wp\/v2\/pages\/215\/revisions\/1357"}],"wp:attachment":[{"href":"https:\/\/s2consulting.fr\/index.php\/wp-json\/wp\/v2\/media?parent=215"}],"curies":[{"name":"wp","href":"https:\/\/api.w.org\/{rel}","templated":true}]}}