{"id":209,"date":"2021-09-19T06:27:28","date_gmt":"2021-09-19T06:27:28","guid":{"rendered":"https:\/\/s2consulting.fr\/?page_id=209"},"modified":"2022-03-07T16:17:11","modified_gmt":"2022-03-07T16:17:11","slug":"nos-valeurs","status":"publish","type":"page","link":"https:\/\/s2consulting.fr\/index.php\/nos-valeurs\/","title":{"rendered":"Nos valeurs"},"content":{"rendered":"\t\t<div data-elementor-type=\"wp-page\" data-elementor-id=\"209\" class=\"elementor elementor-209\">\n\t\t\t\t\t\t<section class=\"elementor-section elementor-top-section elementor-element elementor-element-26d8212b elementor-section-full_width elementor-section-height-default elementor-section-height-default\" data-id=\"26d8212b\" data-element_type=\"section\" data-settings=\"{&quot;background_background&quot;:&quot;gradient&quot;}\">\n\t\t\t\t\t\t<div class=\"elementor-container elementor-column-gap-default\">\n\t\t\t\t\t<div class=\"elementor-column elementor-col-100 elementor-top-column elementor-element elementor-element-9ca250b\" data-id=\"9ca250b\" data-element_type=\"column\">\n\t\t\t<div class=\"elementor-widget-wrap elementor-element-populated\">\n\t\t\t\t\t\t<div class=\"elementor-element elementor-element-99e89e6 elementor-widget elementor-widget-text-editor\" data-id=\"99e89e6\" data-element_type=\"widget\" data-widget_type=\"text-editor.default\">\n\t\t\t\t<div class=\"elementor-widget-container\">\n\t\t\t\t\t\t\t\t\t<h2 class=\"elementor-heading-title elementor-size-small elementor-inline-editing pen\" style=\"font-family: 'Open Sans Hebrew Condensed', sans-serif; font-weight: 600; font-size: 60px; outline-style: initial; outline-width: 0px; text-align: center;\" data-elementor-setting-key=\"title\" data-pen-placeholder=\"\u00c9crivez ici...\"><span style=\"color: #6ec1e4;\">Nos valeurs<\/span><\/h2>\t\t\t\t\t\t\t\t<\/div>\n\t\t\t\t<\/div>\n\t\t\t\t<div class=\"elementor-element elementor-element-4e6e0c1 elementor-invisible elementor-widget elementor-widget-text-editor\" data-id=\"4e6e0c1\" data-element_type=\"widget\" data-settings=\"{&quot;_animation&quot;:&quot;fadeIn&quot;}\" data-widget_type=\"text-editor.default\">\n\t\t\t\t<div class=\"elementor-widget-container\">\n\t\t\t\t\t\t\t\t\t<h4 style=\"box-sizing: border-box; font-weight: 600; margin: 0px; padding: 0px 0px 20px; font-family: Montserrat, sans-serif; font-size: 24px; font-style: inherit; font-variant-caps: inherit; font-stretch: inherit; line-height: 1.2; vertical-align: baseline; color: #393939; text-transform: capitalize; letter-spacing: -0.5px; border-bottom-style: solid !important; border-bottom-color: #e3e033 !important; text-align: center;\"><strong>L&rsquo;humain, Notre Priorit\u00e9<\/strong><\/h4><h4 style=\"box-sizing: border-box; font-weight: 600; margin: 0px; padding: 0px 0px 20px; font-family: Montserrat, sans-serif; font-size: 24px; font-style: inherit; font-variant-caps: inherit; font-stretch: inherit; line-height: 1.2; vertical-align: baseline; color: #393939; text-transform: capitalize; letter-spacing: -0.5px; border-bottom-style: solid !important; border-bottom-color: #e3e033 !important; border-width: 0px 0px 4px !important 0px;\"><span style=\"color: #5a5a5a; font-family: Montserrat; font-size: 15px; font-style: inherit; font-variant-caps: inherit; font-weight: 500; text-align: justify; letter-spacing: 1.2px; text-transform: uppercase; caret-color: #424242;\">C\u2019est \u00e0 travers une r\u00e9elle volont\u00e9 de mettre l\u2019humain au centre de nos pr\u00e9occupations que nous voyons notre m\u00e9tier. Cette approche se traduit par 5 valeurs qui s\u2019expriment au quotidien dans tous les actes et les d\u00e9marches de notre \u00e9quipe.<\/span><\/h4><h4 style=\"font-weight: 600; margin: 0px; padding: 0px 0px 20px; font-family: Montserrat, sans-serif; font-size: 24px; font-style: inherit; font-variant-caps: inherit; font-stretch: inherit; vertical-align: baseline; color: #393939; text-transform: capitalize; letter-spacing: -0.5px; border-bottom-style: solid !important; border-bottom-color: #e3e033 !important; border-width: 0px 0px 4px !important 0px;\"><strong><span style=\"font-style: inherit; font-variant-caps: inherit;\">Nos Valeurs<\/span><\/strong><\/h4><h5 style=\"margin: 0px 0px 7px; padding: 0px; border: 0px; font-family: Montserrat, sans-serif; font-size: 18px; font-style: inherit; font-variant-caps: inherit; font-stretch: inherit; line-height: 1.3; vertical-align: baseline; color: #0a0a0a; text-align: justify;\"><strong>Ecoute<\/strong><\/h5><section style=\"text-align: start; margin: 0px -15px 35px; padding: 0px; border: 0px; font-family: Hind, Helvetica, Arial, sans-serif; font-size: 14px; font-stretch: inherit; line-height: inherit; vertical-align: baseline; caret-color: #424242; color: #424242;\"><div style=\"margin: 0px; padding: 0px; border: 0px; font-family: inherit; font-size: inherit; font-style: inherit; font-variant-caps: inherit; font-stretch: inherit; line-height: inherit; vertical-align: baseline; width: 1126px; position: relative; min-height: 1px; float: left; max-width: none;\"><div style=\"margin: 0px; padding: 0px 15px; border: 0px; font-family: inherit; font-size: inherit; font-style: inherit; font-variant-caps: inherit; font-stretch: inherit; line-height: inherit; vertical-align: baseline; width: 1126px;\"><div style=\"margin: 0px; padding: 0px; border: 0px; font-family: inherit; font-size: inherit; font-style: inherit; font-variant-caps: inherit; font-stretch: inherit; line-height: inherit; vertical-align: baseline;\"><div style=\"margin: 0px 0px 35px; padding: 0px; border: 0px; font-family: inherit; font-size: inherit; font-style: inherit; font-variant-caps: inherit; font-stretch: inherit; line-height: inherit; vertical-align: baseline; opacity: 1; animation: wpb_ltr 1s cubic-bezier(0.175, 0.885, 0.32, 1.275) 1 both;\"><div style=\"margin: 0px; padding: 0px; border: 0px; font-family: inherit; font-size: inherit; font-style: inherit; font-variant-caps: inherit; font-stretch: inherit; line-height: inherit; vertical-align: baseline;\"><p style=\"margin-right: 0px; margin-bottom: 20px; margin-left: 0px; padding: 0px; border: 0px; font-family: Montserrat; font-size: 15px; font-style: inherit; font-variant-caps: inherit; font-stretch: inherit; line-height: 1.64; vertical-align: baseline; color: #5a5a5a; max-width: 100%; text-align: justify;\">Quel que soit le cadre de votre d\u00e9marche, nous sommes attentifs \u00e0 vos souhaits et vos attentes afin de vous proposer la solution la plus adapt\u00e9e. Nous nous employons chaque jour \u00e0 vous apporter les solutions les plus pertinentes par l\u2019application de notre politique du sur-mesure pour chaque action envisag\u00e9e. Nous accordons une grande importance \u00e0 vos retours tout au long de la formation\u00a0:<\/p><ul style=\"margin-right: 0px; margin-bottom: 21px; margin-left: 3px; padding: 0px; font-family: inherit; font-size: inherit; font-style: inherit; font-variant-caps: inherit; font-stretch: inherit; line-height: inherit; list-style: inside; text-align: justify;\"><li style=\"margin-right: 0px; margin-bottom: 4px; margin-left: 0px; padding: 0px; font-family: inherit; font-size: inherit; font-style: inherit; font-variant-caps: inherit; font-stretch: inherit; line-height: 24px;\">audit \u00e9crit et oral,<\/li><li style=\"margin-right: 0px; margin-bottom: 4px; margin-left: 0px; padding: 0px; font-family: inherit; font-size: inherit; font-style: inherit; font-variant-caps: inherit; font-stretch: inherit; line-height: 24px;\">pr\u00e9conisation et proposition de programme,<\/li><li style=\"margin-right: 0px; margin-bottom: 4px; margin-left: 0px; padding: 0px; font-family: inherit; font-size: inherit; font-style: inherit; font-variant-caps: inherit; font-stretch: inherit; line-height: 24px;\">planification et choix du formateur,<\/li><li style=\"margin-right: 0px; margin-bottom: 4px; margin-left: 0px; padding: 0px; font-family: inherit; font-size: inherit; font-style: inherit; font-variant-caps: inherit; font-stretch: inherit; line-height: 24px;\">\u00e9valuation \u00e0 chaud de votre satisfaction \u00e0 mi-parcours,<\/li><li style=\"margin-right: 0px; margin-left: 0px; padding: 0px; font-family: inherit; font-size: inherit; font-style: inherit; font-variant-caps: inherit; font-stretch: inherit; line-height: 24px;\">\u00e9valuation de fin de formation \u00e0 froid,<\/li><\/ul><\/div><\/div><\/div><\/div><\/div><\/section><h5 style=\"margin: 0px 0px 7px; padding: 0px; border: 0px; font-family: Montserrat, sans-serif; font-size: 18px; font-style: inherit; font-variant-caps: inherit; font-stretch: inherit; line-height: 1.3; vertical-align: baseline; color: #0a0a0a; text-align: justify;\">\u00a0<\/h5><h5 style=\"margin: 0px 0px 7px; padding: 0px; border: 0px; font-family: Montserrat, sans-serif; font-size: 18px; font-style: inherit; font-variant-caps: inherit; font-stretch: inherit; line-height: 1.3; vertical-align: baseline; color: #0a0a0a; text-align: justify;\">\u00a0<\/h5><h5 style=\"margin: 0px 0px 7px; padding: 0px; border: 0px; font-family: Montserrat, sans-serif; font-size: 18px; font-style: inherit; font-variant-caps: inherit; font-stretch: inherit; line-height: 1.3; vertical-align: baseline; color: #0a0a0a; text-align: justify;\">\u00a0<\/h5><h5 style=\"margin: 0px 0px 7px; padding: 0px; border: 0px; font-family: Montserrat, sans-serif; font-size: 18px; font-style: inherit; font-variant-caps: inherit; font-stretch: inherit; line-height: 1.3; vertical-align: baseline; color: #0a0a0a; text-align: justify;\">\u00a0<\/h5><h5 style=\"margin: 0px 0px 7px; padding: 0px; border: 0px; font-family: Montserrat, sans-serif; font-size: 18px; font-style: inherit; font-variant-caps: inherit; font-stretch: inherit; line-height: 1.3; vertical-align: baseline; color: #0a0a0a; text-align: justify;\">\u00a0<\/h5><h5 style=\"margin: 0px 0px 7px; padding: 0px; border: 0px; font-family: Montserrat, sans-serif; font-size: 18px; font-style: inherit; font-variant-caps: inherit; font-stretch: inherit; line-height: 1.3; vertical-align: baseline; color: #0a0a0a; text-align: justify;\">\u00a0<\/h5><h5 style=\"margin: 0px 0px 7px; padding: 0px; border: 0px; font-family: Montserrat, sans-serif; font-size: 18px; font-style: inherit; font-variant-caps: inherit; font-stretch: inherit; line-height: 1.3; vertical-align: baseline; color: #0a0a0a; text-align: justify;\">\u00a0<\/h5><h5 style=\"margin: 0px 0px 7px; padding: 0px; border: 0px; font-family: Montserrat, sans-serif; font-size: 18px; font-style: inherit; font-variant-caps: inherit; font-stretch: inherit; line-height: 1.3; vertical-align: baseline; color: #0a0a0a; text-align: justify;\">\u00a0<\/h5><h5 style=\"margin: 0px 0px 7px; padding: 0px; border: 0px; font-family: Montserrat, sans-serif; font-size: 18px; font-style: inherit; font-variant-caps: inherit; font-stretch: inherit; line-height: 1.3; vertical-align: baseline; color: #0a0a0a; text-align: justify;\"><strong>R\u00e9activit\u00e9<\/strong><\/h5><section style=\"text-align: start; margin: 0px -15px 35px; padding: 0px; border: 0px; font-family: Hind, Helvetica, Arial, sans-serif; font-size: 14px; font-stretch: inherit; line-height: inherit; vertical-align: baseline; caret-color: #424242; color: #424242;\"><div style=\"margin: 0px; padding: 0px; border: 0px; font-family: inherit; font-size: inherit; font-style: inherit; font-variant-caps: inherit; font-stretch: inherit; line-height: inherit; vertical-align: baseline; width: 1126px; position: relative; min-height: 1px; float: left; max-width: none;\"><div style=\"margin: 0px; padding: 0px 15px; border: 0px; font-family: inherit; font-size: inherit; font-style: inherit; font-variant-caps: inherit; font-stretch: inherit; line-height: inherit; vertical-align: baseline; width: 1126px;\"><div style=\"margin: 0px; padding: 0px; border: 0px; font-family: inherit; font-size: inherit; font-style: inherit; font-variant-caps: inherit; font-stretch: inherit; line-height: inherit; vertical-align: baseline;\"><div style=\"margin: 0px 0px 35px; padding: 0px; border: 0px; font-family: inherit; font-size: inherit; font-style: inherit; font-variant-caps: inherit; font-stretch: inherit; line-height: inherit; vertical-align: baseline; opacity: 1; animation: wpb_ltr 1s cubic-bezier(0.175, 0.885, 0.32, 1.275) 1 both;\"><div style=\"margin: 0px; padding: 0px; border: 0px; font-family: inherit; font-size: inherit; font-style: inherit; font-variant-caps: inherit; font-stretch: inherit; line-height: inherit; vertical-align: baseline;\"><p style=\"margin-right: 0px; margin-bottom: 20px; margin-left: 0px; padding: 0px; border: 0px; font-family: Montserrat; font-size: 15px; font-style: inherit; font-variant-caps: inherit; font-stretch: inherit; line-height: 1.64; vertical-align: baseline; color: #5a5a5a; max-width: 100%; text-align: justify;\">Quelles que soient la complexit\u00e9, l\u2019ampleur ou la zone g\u00e9ographique de votre projet de formation, nous faisons preuve de r\u00e9activit\u00e9. Nous recherchons au quotidien les conseils et les solutions les plus adapt\u00e9s.<\/p><\/div><\/div><\/div><\/div><\/div><\/section><h5>\u00a0<\/h5><h5>\u00a0<\/h5><h5 style=\"margin: 0px 0px 7px; padding: 0px; border: 0px; font-family: Montserrat, sans-serif; font-size: 18px; font-style: inherit; font-variant-caps: inherit; font-stretch: inherit; line-height: 1.3; vertical-align: baseline; color: #0a0a0a; text-align: justify;\"><strong>Adaptabilit\u00e9<\/strong><\/h5><section style=\"text-align: start; margin: 0px -15px 35px; padding: 0px; border: 0px; font-family: Hind, Helvetica, Arial, sans-serif; font-size: 14px; font-stretch: inherit; line-height: inherit; vertical-align: baseline; caret-color: #424242; color: #424242;\"><div style=\"margin: 0px; padding: 0px; border: 0px; font-family: inherit; font-size: inherit; font-style: inherit; font-variant-caps: inherit; font-stretch: inherit; line-height: inherit; vertical-align: baseline; width: 1126px; position: relative; min-height: 1px; float: left; max-width: none;\"><div style=\"margin: 0px; padding: 0px 15px; border: 0px; font-family: inherit; font-size: inherit; font-style: inherit; font-variant-caps: inherit; font-stretch: inherit; line-height: inherit; vertical-align: baseline; width: 1126px;\"><div style=\"margin: 0px; padding: 0px; border: 0px; font-family: inherit; font-size: inherit; font-style: inherit; font-variant-caps: inherit; font-stretch: inherit; line-height: inherit; vertical-align: baseline;\"><div style=\"margin: 0px 0px 35px; padding: 0px; border: 0px; font-family: inherit; font-size: inherit; font-style: inherit; font-variant-caps: inherit; font-stretch: inherit; line-height: inherit; vertical-align: baseline; opacity: 1; animation: wpb_ltr 1s cubic-bezier(0.175, 0.885, 0.32, 1.275) 1 both;\"><div style=\"margin: 0px; padding: 0px; border: 0px; font-family: inherit; font-size: inherit; font-style: inherit; font-variant-caps: inherit; font-stretch: inherit; line-height: inherit; vertical-align: baseline;\"><p style=\"margin-right: 0px; margin-bottom: 20px; margin-left: 0px; padding: 0px; border: 0px; font-family: Montserrat; font-size: 15px; font-style: inherit; font-variant-caps: inherit; font-stretch: inherit; line-height: 1.64; vertical-align: baseline; color: #5a5a5a; max-width: 100%; text-align: justify;\">L\u2019adaptabilit\u00e9, \u00e9troitement li\u00e9e \u00e0 notre politique du sur-mesure est une de nos plus grandes forces. Proche de vous, nous apportons pour chaque situation une proposition ad\u00e9quate tout en respectant vos besoins. Nous sommes en mesure d\u2019anticiper les al\u00e9as\u00a0de votre environnement et les cons\u00e9quences qui en d\u00e9coulent pour maintenir une formation efficace.<\/p><\/div><\/div><\/div><\/div><\/div><\/section><h5>\u00a0<\/h5><h5>\u00a0<\/h5><h5 style=\"margin: 0px 0px 7px; padding: 0px; border: 0px; font-family: Montserrat, sans-serif; font-size: 18px; font-style: inherit; font-variant-caps: inherit; font-stretch: inherit; line-height: 1.3; vertical-align: baseline; color: #0a0a0a; text-align: justify;\"><strong>Professionnalisme<\/strong><\/h5><section style=\"text-align: start; margin: 0px -15px 35px; padding: 0px; border: 0px; font-family: Hind, Helvetica, Arial, sans-serif; font-size: 14px; font-stretch: inherit; line-height: inherit; vertical-align: baseline; caret-color: #424242; color: #424242;\"><div style=\"margin: 0px; padding: 0px; border: 0px; font-family: inherit; font-size: inherit; font-style: inherit; font-variant-caps: inherit; font-stretch: inherit; line-height: inherit; vertical-align: baseline; width: 1126px; position: relative; min-height: 1px; float: left; max-width: none;\"><div style=\"margin: 0px; padding: 0px 15px; border: 0px; font-family: inherit; font-size: inherit; font-style: inherit; font-variant-caps: inherit; font-stretch: inherit; line-height: inherit; vertical-align: baseline; width: 1126px;\"><div style=\"margin: 0px; padding: 0px; border: 0px; font-family: inherit; font-size: inherit; font-style: inherit; font-variant-caps: inherit; font-stretch: inherit; line-height: inherit; vertical-align: baseline;\"><div style=\"margin: 0px 0px 35px; padding: 0px; border: 0px; font-family: inherit; font-size: inherit; font-style: inherit; font-variant-caps: inherit; font-stretch: inherit; line-height: inherit; vertical-align: baseline; opacity: 1; animation: wpb_ltr 1s cubic-bezier(0.175, 0.885, 0.32, 1.275) 1 both;\"><div style=\"margin: 0px; padding: 0px; border: 0px; font-family: inherit; font-size: inherit; font-style: inherit; font-variant-caps: inherit; font-stretch: inherit; line-height: inherit; vertical-align: baseline;\"><p style=\"margin-right: 0px; margin-bottom: 20px; margin-left: 0px; padding: 0px; border: 0px; font-family: Montserrat; font-size: 15px; font-style: inherit; font-variant-caps: inherit; font-stretch: inherit; line-height: 1.64; vertical-align: baseline; color: #5a5a5a; max-width: 100%; text-align: justify;\">Notre \u00e9quipe, compos\u00e9e de formateurs, consultants et intervenants experts dans leurs domaines de comp\u00e9tences, allie qualit\u00e9s relationnelles, sens de la p\u00e9dagogie et une r\u00e9elle ma\u00eetrise de la mati\u00e8re enseign\u00e9e. Tous justifient d\u2019une solide exp\u00e9rience op\u00e9rationnelle et renforcent de mani\u00e8re continue leur savoir-faire dans leurs activit\u00e9s de conseil et de formation. Les valeurs communes qui nous animent nous permettent de construire en collaboration avec vous des modules sur mesure respectant vos priorit\u00e9s.<\/p><p>\u00a0<\/p><p style=\"margin-right: 0px; margin-bottom: 20px; margin-left: 0px; padding: 0px; border: 0px; font-family: Montserrat; font-size: 15px; font-style: inherit; font-variant-caps: inherit; font-stretch: inherit; line-height: 1.64; vertical-align: baseline; color: #5a5a5a; max-width: 100%; text-align: justify;\"><strong style=\"color: #0a0a0a; font-family: Montserrat, sans-serif; font-size: 18px; font-style: inherit; font-variant-caps: inherit;\"><span style=\"font-style: inherit; font-variant-caps: inherit;\">Efficacit\u00e9<\/span><\/strong><\/p><p style=\"margin-right: 0px; margin-bottom: 20px; margin-left: 0px; padding: 0px; border: 0px; font-family: Montserrat; font-size: 15px; font-style: inherit; font-variant-caps: inherit; font-stretch: inherit; line-height: 1.64; vertical-align: baseline; color: #5a5a5a; max-width: 100%; text-align: justify;\"><span style=\"font-style: inherit; font-variant-caps: inherit;\">L\u2019\u00e9coute, la r\u00e9activit\u00e9, l\u2019adaptabilit\u00e9 et le professionnalisme sont pour nous les 4 valeurs faisant exister la 5\u00e8me. L\u2019efficacit\u00e9 d\u2019une formation est primordiale. Apprendre, progresser, ma\u00eetriser, sont des facteurs cl\u00e9s d\u2019accomplissement et de valorisation tant personnels que professionnels. Sans cesse en qu\u00eate d\u2019am\u00e9lioration, les d\u00e9marches qualit\u00e9s (\u00e9valuations, certifications) mises en place sont pour nous autant de retours pr\u00e9cieux nous permettant d\u2019innover et de faire \u00e9voluer nos m\u00e9thodes d\u2019apprentissage.<\/span><\/p><\/div><\/div><\/div><\/div><\/div><\/section><h5 style=\"text-align: center;\"><b><img decoding=\"async\" src=\"https:\/\/s2consulting.fr\/wp-content\/uploads\/2021\/09\/cropped-logo-300x80.jpg\" alt=\"\" width=\"300\" height=\"80\" \/><\/b><\/h5><p style=\"text-align: justify;\">\u00a0<\/p>\t\t\t\t\t\t\t\t<\/div>\n\t\t\t\t<\/div>\n\t\t\t\t\t<\/div>\n\t\t<\/div>\n\t\t\t\t\t<\/div>\n\t\t<\/section>\n\t\t\t\t<\/div>\n\t\t","protected":false},"excerpt":{"rendered":"<p>Nos valeurs L&rsquo;humain, Notre Priorit\u00e9 C\u2019est \u00e0 travers une r\u00e9elle volont\u00e9 de mettre l\u2019humain au centre de nos pr\u00e9occupations que nous voyons notre m\u00e9tier. Cette approche se traduit par 5 valeurs qui s\u2019expriment au quotidien dans tous les actes et les d\u00e9marches de notre \u00e9quipe. Nos Valeurs Ecoute Quel que soit le cadre de votre [&hellip;]<\/p>\n","protected":false},"author":1,"featured_media":0,"parent":0,"menu_order":0,"comment_status":"closed","ping_status":"closed","template":"","meta":{"footnotes":""},"class_list":["post-209","page","type-page","status-publish","hentry"],"_links":{"self":[{"href":"https:\/\/s2consulting.fr\/index.php\/wp-json\/wp\/v2\/pages\/209","targetHints":{"allow":["GET"]}}],"collection":[{"href":"https:\/\/s2consulting.fr\/index.php\/wp-json\/wp\/v2\/pages"}],"about":[{"href":"https:\/\/s2consulting.fr\/index.php\/wp-json\/wp\/v2\/types\/page"}],"author":[{"embeddable":true,"href":"https:\/\/s2consulting.fr\/index.php\/wp-json\/wp\/v2\/users\/1"}],"replies":[{"embeddable":true,"href":"https:\/\/s2consulting.fr\/index.php\/wp-json\/wp\/v2\/comments?post=209"}],"version-history":[{"count":16,"href":"https:\/\/s2consulting.fr\/index.php\/wp-json\/wp\/v2\/pages\/209\/revisions"}],"predecessor-version":[{"id":689,"href":"https:\/\/s2consulting.fr\/index.php\/wp-json\/wp\/v2\/pages\/209\/revisions\/689"}],"wp:attachment":[{"href":"https:\/\/s2consulting.fr\/index.php\/wp-json\/wp\/v2\/media?parent=209"}],"curies":[{"name":"wp","href":"https:\/\/api.w.org\/{rel}","templated":true}]}}