{"id":193,"date":"2021-09-19T06:09:01","date_gmt":"2021-09-19T06:09:01","guid":{"rendered":"https:\/\/s2consulting.fr\/?page_id=193"},"modified":"2022-03-11T14:27:36","modified_gmt":"2022-03-11T14:27:36","slug":"services-of","status":"publish","type":"page","link":"https:\/\/s2consulting.fr\/index.php\/services-of\/","title":{"rendered":"Services OF"},"content":{"rendered":"\t\t<div data-elementor-type=\"wp-page\" data-elementor-id=\"193\" class=\"elementor elementor-193\">\n\t\t\t\t\t\t<section class=\"elementor-section elementor-top-section elementor-element elementor-element-daf3357 elementor-section-boxed elementor-section-height-default elementor-section-height-default\" data-id=\"daf3357\" data-element_type=\"section\">\n\t\t\t\t\t\t<div class=\"elementor-container elementor-column-gap-default\">\n\t\t\t\t\t<div class=\"elementor-column elementor-col-100 elementor-top-column elementor-element elementor-element-be11cdc\" data-id=\"be11cdc\" data-element_type=\"column\">\n\t\t\t<div class=\"elementor-widget-wrap elementor-element-populated\">\n\t\t\t\t\t\t<div class=\"elementor-element elementor-element-24e298f elementor-widget elementor-widget-text-editor\" data-id=\"24e298f\" data-element_type=\"widget\" data-widget_type=\"text-editor.default\">\n\t\t\t\t<div class=\"elementor-widget-container\">\n\t\t\t\t\t\t\t\t\t<h5 style=\"text-align: center;\">SERVICE DE FORMATEURS INDEPENDANTS POUR LES ORGANISMES DE FORMATION<\/h5>\t\t\t\t\t\t\t\t<\/div>\n\t\t\t\t<\/div>\n\t\t\t\t\t<\/div>\n\t\t<\/div>\n\t\t\t\t\t<\/div>\n\t\t<\/section>\n\t\t\t\t<section class=\"elementor-section elementor-top-section elementor-element elementor-element-c9060f8 elementor-section-boxed elementor-section-height-default elementor-section-height-default\" data-id=\"c9060f8\" data-element_type=\"section\">\n\t\t\t\t\t\t<div class=\"elementor-container elementor-column-gap-default\">\n\t\t\t\t\t<div class=\"elementor-column elementor-col-100 elementor-top-column elementor-element elementor-element-cafb846\" data-id=\"cafb846\" data-element_type=\"column\">\n\t\t\t<div class=\"elementor-widget-wrap elementor-element-populated\">\n\t\t\t\t\t\t<div class=\"elementor-element elementor-element-2c4ea63 elementor-widget elementor-widget-text-editor\" data-id=\"2c4ea63\" data-element_type=\"widget\" data-widget_type=\"text-editor.default\">\n\t\t\t\t<div class=\"elementor-widget-container\">\n\t\t\t\t\t\t\t\t\t<p style=\"margin-right: 0px; margin-bottom: 0px; margin-left: 0px; line-height: 24px; padding: 0px 0px 1em; border: none; outline: 0px; vertical-align: baseline; color: #2f4149; box-shadow: none; -webkit-box-shadow: none; text-shadow: inherit; border-top-left-radius: 0px; border-top-right-radius: 0px; border-bottom-right-radius: 0px; border-bottom-left-radius: 0px; transition: none; -webkit-font-smoothing: antialiased; caret-color: #2f4149; font-family: Lato, 'Helvetica Neue', Arial, sans-serif;\"><strong style=\"font-weight: bold; text-align: inherit; margin: 0px; padding: 0px; border: none; outline: 0px; vertical-align: baseline; letter-spacing: inherit; color: inherit; box-shadow: none; -webkit-box-shadow: none; text-shadow: inherit; border-top-left-radius: 0px; border-top-right-radius: 0px; border-bottom-right-radius: 0px; border-bottom-left-radius: 0px; transition: none; -webkit-font-smoothing: antialiased;\">S2 Formation<\/strong>\u00a0propose les\u00a0<strong style=\"font-weight: bold; text-align: inherit; margin: 0px; padding: 0px; border: none; outline: 0px; vertical-align: baseline; letter-spacing: inherit; color: inherit; box-shadow: none; -webkit-box-shadow: none; text-shadow: inherit; border-top-left-radius: 0px; border-top-right-radius: 0px; border-bottom-right-radius: 0px; border-bottom-left-radius: 0px; transition: none; -webkit-font-smoothing: antialiased;\">services de formateurs ind\u00e9pendants<\/strong>\u00a0(s\u00e9curit\u00e9 du travail) qui sont inscrits aupr\u00e8s de ses services.<\/p><p style=\"margin-right: 0px; margin-bottom: 0px; margin-left: 0px; line-height: 24px; padding: 0px; border: none; outline: 0px; vertical-align: baseline; color: #2f4149; box-shadow: none; -webkit-box-shadow: none; text-shadow: inherit; border-top-left-radius: 0px; border-top-right-radius: 0px; border-bottom-right-radius: 0px; border-bottom-left-radius: 0px; transition: none; -webkit-font-smoothing: antialiased; caret-color: #2f4149; font-family: Lato, 'Helvetica Neue', Arial, sans-serif;\">Notre entreprise est \u00e9galement d\u00e9clar\u00e9e en tant que<strong style=\"font-weight: bold; text-align: inherit; margin: 0px; padding: 0px; border: none; outline: 0px; vertical-align: baseline; letter-spacing: inherit; color: inherit; box-shadow: none; -webkit-box-shadow: none; text-shadow: inherit; border-top-left-radius: 0px; border-top-right-radius: 0px; border-bottom-right-radius: 0px; border-bottom-left-radius: 0px; transition: none; -webkit-font-smoothing: antialiased;\">\u00a0prestataire de formation.<\/strong><\/p>\t\t\t\t\t\t\t\t<\/div>\n\t\t\t\t<\/div>\n\t\t\t\t<section class=\"elementor-section elementor-inner-section elementor-element elementor-element-fe61165 elementor-section-boxed elementor-section-height-default elementor-section-height-default\" data-id=\"fe61165\" data-element_type=\"section\">\n\t\t\t\t\t\t<div class=\"elementor-container elementor-column-gap-default\">\n\t\t\t\t\t<div class=\"elementor-column elementor-col-50 elementor-inner-column elementor-element elementor-element-46b6006\" data-id=\"46b6006\" data-element_type=\"column\">\n\t\t\t<div class=\"elementor-widget-wrap elementor-element-populated\">\n\t\t\t\t\t\t<div class=\"elementor-element elementor-element-8d4b05e elementor-widget elementor-widget-text-editor\" data-id=\"8d4b05e\" data-element_type=\"widget\" data-widget_type=\"text-editor.default\">\n\t\t\t\t<div class=\"elementor-widget-container\">\n\t\t\t\t\t\t\t\t\t<p style=\"margin-right: 0px; margin-bottom: 0px; margin-left: 0px; line-height: 24px; padding: 0px 0px 1em; border: none; outline: 0px; vertical-align: baseline; color: #2f4149; box-shadow: none; -webkit-box-shadow: none; text-shadow: inherit; border-top-left-radius: 0px; border-top-right-radius: 0px; border-bottom-right-radius: 0px; border-bottom-left-radius: 0px; transition: none; -webkit-font-smoothing: antialiased; caret-color: #2f4149; font-family: Lato, 'Helvetica Neue', Arial, sans-serif;\">S2 FORMATION est un service logistique <strong style=\"font-weight: bold; text-align: inherit; margin: 0px; padding: 0px; border: none; outline: 0px; vertical-align: baseline; letter-spacing: inherit; color: inherit; box-shadow: none; -webkit-box-shadow: none; text-shadow: inherit; border-top-left-radius: 0px; border-top-right-radius: 0px; border-bottom-right-radius: 0px; border-bottom-left-radius: 0px; transition: none; -webkit-font-smoothing: antialiased;\">\u00a0entre les intervenants et les organismes de formation<\/strong>, nous avons une longue pratique de cette activit\u00e9, le positionnement tarifaire des intervenants est en ad\u00e9quation avec les prix du march\u00e9 de la formation dans le secteur pr\u00e9vention.<\/p><p style=\"margin-right: 0px; margin-bottom: 0px; margin-left: 0px; line-height: 24px; padding: 0px 0px 1em; border: none; outline: 0px; vertical-align: baseline; color: #2f4149; box-shadow: none; -webkit-box-shadow: none; text-shadow: inherit; border-top-left-radius: 0px; border-top-right-radius: 0px; border-bottom-right-radius: 0px; border-bottom-left-radius: 0px; transition: none; -webkit-font-smoothing: antialiased; caret-color: #2f4149; font-family: Lato, 'Helvetica Neue', Arial, sans-serif;\">L\u2019organisme de formation client paye une prestation forfaitaire \u00e0 S2 Formation et S2 Formation reverse \u00e0 l\u2019intervenant le montant de la prestation moins les frais de fonctionnement et services rendus par Certi Consult.<\/p><p style=\"margin-right: 0px; margin-bottom: 0px; margin-left: 0px; line-height: 24px; padding: 0px 0px 1em; border: none; outline: 0px; vertical-align: baseline; color: #2f4149; box-shadow: none; -webkit-box-shadow: none; text-shadow: inherit; border-top-left-radius: 0px; border-top-right-radius: 0px; border-bottom-right-radius: 0px; border-bottom-left-radius: 0px; transition: none; -webkit-font-smoothing: antialiased; caret-color: #2f4149; font-family: Lato, 'Helvetica Neue', Arial, sans-serif;\"><span style=\"font-size: 1rem;\">Nous\u00a0<\/span><strong style=\"color: inherit; font-size: 1rem; font-weight: bold; text-align: inherit; margin: 0px; padding: 0px; border: none; outline: 0px; vertical-align: baseline; letter-spacing: inherit; box-shadow: none; -webkit-box-shadow: none; text-shadow: inherit; border-top-left-radius: 0px; border-top-right-radius: 0px; border-bottom-right-radius: 0px; border-bottom-left-radius: 0px; transition: none; -webkit-font-smoothing: antialiased;\">intervenons<\/strong><span style=\"font-size: 1rem;\">\u00a0pour le compte de nos clients organismes de formation en\u00a0<\/span><strong style=\"color: inherit; font-size: 1rem; font-weight: bold; text-align: inherit; margin: 0px; padding: 0px; border: none; outline: 0px; vertical-align: baseline; letter-spacing: inherit; box-shadow: none; -webkit-box-shadow: none; text-shadow: inherit; border-top-left-radius: 0px; border-top-right-radius: 0px; border-bottom-right-radius: 0px; border-bottom-left-radius: 0px; transition: none; -webkit-font-smoothing: antialiased;\">totale transparence<\/strong><span style=\"font-size: 1rem;\">\u00a0et nous garantissons la\u00a0<\/span><strong style=\"color: inherit; font-size: 1rem; font-weight: bold; text-align: inherit; margin: 0px; padding: 0px; border: none; outline: 0px; vertical-align: baseline; letter-spacing: inherit; box-shadow: none; -webkit-box-shadow: none; text-shadow: inherit; border-top-left-radius: 0px; border-top-right-radius: 0px; border-bottom-right-radius: 0px; border-bottom-left-radius: 0px; transition: none; -webkit-font-smoothing: antialiased;\">confidentialit\u00e9 des informations<\/strong><span style=\"font-size: 1rem;\">\u00a0qui nous sont confi\u00e9es.<\/span><\/p><p style=\"margin-right: 0px; margin-bottom: 0px; margin-left: 0px; line-height: 24px; padding: 0px 0px 1em; border: none; outline: 0px; vertical-align: baseline; color: #2f4149; box-shadow: none; -webkit-box-shadow: none; text-shadow: inherit; border-top-left-radius: 0px; border-top-right-radius: 0px; border-bottom-right-radius: 0px; border-bottom-left-radius: 0px; transition: none; -webkit-font-smoothing: antialiased; caret-color: #2f4149; font-family: Lato, 'Helvetica Neue', Arial, sans-serif;\">Les intervenants peuvent intervenir en centre de formation, mais aussi directement chez vos clients (intra ou inter).<br style=\"letter-spacing: inherit; -webkit-font-smoothing: antialiased;\" \/>Des avantages ind\u00e9niables font le succ\u00e8s de cette formule et sont pl\u00e9biscit\u00e9s par les responsables d\u2019organisme de formation.<\/p>\t\t\t\t\t\t\t\t<\/div>\n\t\t\t\t<\/div>\n\t\t\t\t\t<\/div>\n\t\t<\/div>\n\t\t\t\t<div class=\"elementor-column elementor-col-50 elementor-inner-column elementor-element elementor-element-fccbe3c\" data-id=\"fccbe3c\" data-element_type=\"column\">\n\t\t\t<div class=\"elementor-widget-wrap elementor-element-populated\">\n\t\t\t\t\t\t<div class=\"elementor-element elementor-element-1d34459 elementor-widget elementor-widget-text-editor\" data-id=\"1d34459\" data-element_type=\"widget\" data-widget_type=\"text-editor.default\">\n\t\t\t\t<div class=\"elementor-widget-container\">\n\t\t\t\t\t\t\t\t\t<p style=\"margin-right: 0px; margin-bottom: 0px; margin-left: 0px; line-height: 24px; padding: 0px; border: none; outline: 0px; vertical-align: baseline; color: #2f4149; box-shadow: none; -webkit-box-shadow: none; text-shadow: inherit; border-top-left-radius: 0px; border-top-right-radius: 0px; border-bottom-right-radius: 0px; border-bottom-left-radius: 0px; transition: none; -webkit-font-smoothing: antialiased; caret-color: #2f4149; font-family: Lato, 'Helvetica Neue', Arial, sans-serif;\">En cas de vacances, maladies ou absences des formateurs habituels, manque de comp\u00e9tences sp\u00e9cifiques, surcroit d\u2019activit\u00e9s ou nouvelle activit\u00e9 S2 Formation propose \u00e0 ses<strong style=\"font-weight: bold; text-align: inherit; margin: 0px; padding: 0px; border: none; outline: 0px; vertical-align: baseline; letter-spacing: inherit; color: inherit; box-shadow: none; -webkit-box-shadow: none; text-shadow: inherit; border-top-left-radius: 0px; border-top-right-radius: 0px; border-bottom-right-radius: 0px; border-bottom-left-radius: 0px; transition: none; -webkit-font-smoothing: antialiased;\">\u00a0clients organismes de formation divers services<\/strong>:<\/p><ul style=\"font-size: 16px; margin: 15px 0px 15px 25px; padding: 0px 0px 1em; border-style: none; color: #2f4149; box-shadow: none; -webkit-box-shadow: none; text-shadow: inherit; border-top-left-radius: 0px; border-top-right-radius: 0px; border-bottom-right-radius: 0px; border-bottom-left-radius: 0px; transition: none; list-style: none; -webkit-font-smoothing: antialiased; overflow: visible; caret-color: #2f4149; font-family: Lato, 'Helvetica Neue', Arial, sans-serif;\"><li style=\"margin-right: 0px; margin-left: 0px; padding: 0px; border-style: none; background-image: none; letter-spacing: inherit; color: inherit; box-shadow: none; -webkit-box-shadow: none; text-shadow: inherit; border-top-left-radius: 0px; border-top-right-radius: 0px; border-bottom-right-radius: 0px; border-bottom-left-radius: 0px; transition: none; -webkit-font-smoothing: antialiased; list-style: disc;\">Des\u00a0<strong style=\"font-weight: bold; text-align: inherit; margin: 0px; padding: 0px; border: none; outline: 0px; vertical-align: baseline; letter-spacing: inherit; color: inherit; box-shadow: none; -webkit-box-shadow: none; text-shadow: inherit; border-top-left-radius: 0px; border-top-right-radius: 0px; border-bottom-right-radius: 0px; border-bottom-left-radius: 0px; transition: none; -webkit-font-smoothing: antialiased;\">formateurs ind\u00e9pendants sp\u00e9cialis\u00e9s disponibles<\/strong>\u00a0ou un service de recherche de comp\u00e9tences parmi notre r\u00e9seau<\/li><li style=\"margin-right: 0px; margin-left: 0px; padding: 0px; border-style: none; background-image: none; letter-spacing: inherit; color: inherit; box-shadow: none; -webkit-box-shadow: none; text-shadow: inherit; border-top-left-radius: 0px; border-top-right-radius: 0px; border-bottom-right-radius: 0px; border-bottom-left-radius: 0px; transition: none; -webkit-font-smoothing: antialiased; list-style: disc;\">Un\u00a0<strong style=\"font-weight: bold; text-align: inherit; margin: 0px; padding: 0px; border: none; outline: 0px; vertical-align: baseline; letter-spacing: inherit; color: inherit; box-shadow: none; -webkit-box-shadow: none; text-shadow: inherit; border-top-left-radius: 0px; border-top-right-radius: 0px; border-bottom-right-radius: 0px; border-bottom-left-radius: 0px; transition: none; -webkit-font-smoothing: antialiased;\">service logistique qui r\u00e9pond dans l\u2019heure<\/strong>\u00a0sur la disponibilit\u00e9 des intervenants ind\u00e9pendants<\/li><li style=\"margin-right: 0px; margin-left: 0px; padding: 0px; border-style: none; background-image: none; letter-spacing: inherit; color: inherit; box-shadow: none; -webkit-box-shadow: none; text-shadow: inherit; border-top-left-radius: 0px; border-top-right-radius: 0px; border-bottom-right-radius: 0px; border-bottom-left-radius: 0px; transition: none; -webkit-font-smoothing: antialiased; list-style: disc;\"><strong style=\"font-weight: bold; text-align: inherit; margin: 0px; padding: 0px; border: none; outline: 0px; vertical-align: baseline; letter-spacing: inherit; color: inherit; box-shadow: none; -webkit-box-shadow: none; text-shadow: inherit; border-top-left-radius: 0px; border-top-right-radius: 0px; border-bottom-right-radius: 0px; border-bottom-left-radius: 0px; transition: none; -webkit-font-smoothing: antialiased;\">Facturation en fin de mois<\/strong>\u00a0de toutes les interventions vous concernant\u00a0<\/li><li style=\"margin-right: 0px; margin-left: 0px; padding: 0px; border-style: none; background-image: none; letter-spacing: inherit; color: inherit; box-shadow: none; -webkit-box-shadow: none; text-shadow: inherit; border-top-left-radius: 0px; border-top-right-radius: 0px; border-bottom-right-radius: 0px; border-bottom-left-radius: 0px; transition: none; -webkit-font-smoothing: antialiased; list-style: disc;\">Sur demande,\u00a0<strong style=\"font-weight: bold; text-align: inherit; margin: 0px; padding: 0px; border: none; outline: 0px; vertical-align: baseline; letter-spacing: inherit; color: inherit; box-shadow: none; -webkit-box-shadow: none; text-shadow: inherit; border-top-left-radius: 0px; border-top-right-radius: 0px; border-bottom-right-radius: 0px; border-bottom-left-radius: 0px; transition: none; -webkit-font-smoothing: antialiased;\">formation de vos conseillers de formation<\/strong><\/li><li style=\"margin-right: 0px; margin-left: 0px; padding: 0px; border-style: none; background-image: none; letter-spacing: inherit; color: inherit; box-shadow: none; -webkit-box-shadow: none; text-shadow: inherit; border-top-left-radius: 0px; border-top-right-radius: 0px; border-bottom-right-radius: 0px; border-bottom-left-radius: 0px; transition: none; -webkit-font-smoothing: antialiased; list-style: disc;\">Le conseil de sp\u00e9cialistes technique pour le montage de\u00a0<strong style=\"font-weight: bold; text-align: inherit; margin: 0px; padding: 0px; border: none; outline: 0px; vertical-align: baseline; letter-spacing: inherit; color: inherit; box-shadow: none; -webkit-box-shadow: none; text-shadow: inherit; border-top-left-radius: 0px; border-top-right-radius: 0px; border-bottom-right-radius: 0px; border-bottom-left-radius: 0px; transition: none; -webkit-font-smoothing: antialiased;\">formation sur mesure<\/strong><\/li><li style=\"margin-right: 0px; margin-left: 0px; padding: 0px; border-style: none; background-image: none; letter-spacing: inherit; color: inherit; box-shadow: none; -webkit-box-shadow: none; text-shadow: inherit; border-top-left-radius: 0px; border-top-right-radius: 0px; border-bottom-right-radius: 0px; border-bottom-left-radius: 0px; transition: none; -webkit-font-smoothing: antialiased; list-style: disc;\">Les\u00a0<strong style=\"font-weight: bold; text-align: inherit; margin: 0px; padding: 0px; border: none; outline: 0px; vertical-align: baseline; letter-spacing: inherit; color: inherit; box-shadow: none; -webkit-box-shadow: none; text-shadow: inherit; border-top-left-radius: 0px; border-top-right-radius: 0px; border-bottom-right-radius: 0px; border-bottom-left-radius: 0px; transition: none; -webkit-font-smoothing: antialiased;\">intervenants sont mobiles g\u00e9ographiquement<\/strong>, ils utilisent des\u00a0<strong style=\"font-weight: bold; text-align: inherit; margin: 0px; padding: 0px; border: none; outline: 0px; vertical-align: baseline; letter-spacing: inherit; color: inherit; box-shadow: none; -webkit-box-shadow: none; text-shadow: inherit; border-top-left-radius: 0px; border-top-right-radius: 0px; border-bottom-right-radius: 0px; border-bottom-left-radius: 0px; transition: none; -webkit-font-smoothing: antialiased;\">techniques p\u00e9dagogiques \u00e9prouv\u00e9es<\/strong>\u00a0et sont \u00e9quip\u00e9s de moyens audiovisuels.<\/li><\/ul>\t\t\t\t\t\t\t\t<\/div>\n\t\t\t\t<\/div>\n\t\t\t\t\t<\/div>\n\t\t<\/div>\n\t\t\t\t\t<\/div>\n\t\t<\/section>\n\t\t\t\t\t<\/div>\n\t\t<\/div>\n\t\t\t\t\t<\/div>\n\t\t<\/section>\n\t\t\t\t<section class=\"elementor-section elementor-top-section elementor-element elementor-element-32ce9d6 elementor-section-boxed elementor-section-height-default elementor-section-height-default\" data-id=\"32ce9d6\" data-element_type=\"section\">\n\t\t\t\t\t\t<div class=\"elementor-container elementor-column-gap-default\">\n\t\t\t\t\t<div class=\"elementor-column elementor-col-100 elementor-top-column elementor-element elementor-element-3514254\" data-id=\"3514254\" data-element_type=\"column\">\n\t\t\t<div class=\"elementor-widget-wrap elementor-element-populated\">\n\t\t\t\t\t\t<div class=\"elementor-element elementor-element-df7f8de elementor-align-center elementor-widget elementor-widget-button\" data-id=\"df7f8de\" data-element_type=\"widget\" data-widget_type=\"button.default\">\n\t\t\t\t<div class=\"elementor-widget-container\">\n\t\t\t\t\t\t\t\t\t<div class=\"elementor-button-wrapper\">\n\t\t\t\t\t<a class=\"elementor-button elementor-button-link elementor-size-sm\" href=\"mailto:accueil.s2consulting@gmail.com%20\">\n\t\t\t\t\t\t<span class=\"elementor-button-content-wrapper\">\n\t\t\t\t\t\t\t\t\t<span class=\"elementor-button-text\">Demande d'informations<\/span>\n\t\t\t\t\t<\/span>\n\t\t\t\t\t<\/a>\n\t\t\t\t<\/div>\n\t\t\t\t\t\t\t\t<\/div>\n\t\t\t\t<\/div>\n\t\t\t\t\t<\/div>\n\t\t<\/div>\n\t\t\t\t\t<\/div>\n\t\t<\/section>\n\t\t\t\t<\/div>\n\t\t","protected":false},"excerpt":{"rendered":"<p>SERVICE DE FORMATEURS INDEPENDANTS POUR LES ORGANISMES DE FORMATION S2 Formation\u00a0propose les\u00a0services de formateurs ind\u00e9pendants\u00a0(s\u00e9curit\u00e9 du travail) qui sont inscrits aupr\u00e8s de ses services. Notre entreprise est \u00e9galement d\u00e9clar\u00e9e en tant que\u00a0prestataire de formation. S2 FORMATION est un service logistique \u00a0entre les intervenants et les organismes de formation, nous avons une longue pratique de cette [&hellip;]<\/p>\n","protected":false},"author":1,"featured_media":0,"parent":0,"menu_order":0,"comment_status":"closed","ping_status":"closed","template":"","meta":{"footnotes":""},"class_list":["post-193","page","type-page","status-publish","hentry"],"_links":{"self":[{"href":"https:\/\/s2consulting.fr\/index.php\/wp-json\/wp\/v2\/pages\/193","targetHints":{"allow":["GET"]}}],"collection":[{"href":"https:\/\/s2consulting.fr\/index.php\/wp-json\/wp\/v2\/pages"}],"about":[{"href":"https:\/\/s2consulting.fr\/index.php\/wp-json\/wp\/v2\/types\/page"}],"author":[{"embeddable":true,"href":"https:\/\/s2consulting.fr\/index.php\/wp-json\/wp\/v2\/users\/1"}],"replies":[{"embeddable":true,"href":"https:\/\/s2consulting.fr\/index.php\/wp-json\/wp\/v2\/comments?post=193"}],"version-history":[{"count":13,"href":"https:\/\/s2consulting.fr\/index.php\/wp-json\/wp\/v2\/pages\/193\/revisions"}],"predecessor-version":[{"id":1026,"href":"https:\/\/s2consulting.fr\/index.php\/wp-json\/wp\/v2\/pages\/193\/revisions\/1026"}],"wp:attachment":[{"href":"https:\/\/s2consulting.fr\/index.php\/wp-json\/wp\/v2\/media?parent=193"}],"curies":[{"name":"wp","href":"https:\/\/api.w.org\/{rel}","templated":true}]}}