{"id":1439,"date":"2023-10-04T11:43:23","date_gmt":"2023-10-04T11:43:23","guid":{"rendered":"https:\/\/s2consulting.fr\/?page_id=1439"},"modified":"2023-10-04T13:19:54","modified_gmt":"2023-10-04T13:19:54","slug":"amiante-amido-maitrise-doeuvre","status":"publish","type":"page","link":"https:\/\/s2consulting.fr\/index.php\/formations\/amiante-amido-maitrise-doeuvre\/","title":{"rendered":"Amiante AMIDO (Maitrise d&rsquo;oeuvre)"},"content":{"rendered":"\t\t<div data-elementor-type=\"wp-page\" data-elementor-id=\"1439\" class=\"elementor elementor-1439\">\n\t\t\t\t\t\t<section class=\"elementor-section elementor-top-section elementor-element elementor-element-0cd56e2 elementor-section-boxed elementor-section-height-default elementor-section-height-default\" data-id=\"0cd56e2\" data-element_type=\"section\">\n\t\t\t\t\t\t<div class=\"elementor-container elementor-column-gap-default\">\n\t\t\t\t\t<div class=\"elementor-column elementor-col-100 elementor-top-column elementor-element elementor-element-6302e9b\" data-id=\"6302e9b\" data-element_type=\"column\">\n\t\t\t<div class=\"elementor-widget-wrap elementor-element-populated\">\n\t\t\t\t\t\t<div class=\"elementor-element elementor-element-cd0dddb elementor-widget elementor-widget-image\" data-id=\"cd0dddb\" data-element_type=\"widget\" data-widget_type=\"image.default\">\n\t\t\t\t<div class=\"elementor-widget-container\">\n\t\t\t\t\t\t\t\t\t\t\t\t\t\t\t<img fetchpriority=\"high\" decoding=\"async\" width=\"800\" height=\"600\" src=\"https:\/\/s2consulting.fr\/wp-content\/uploads\/2023\/10\/Amiante-SS4.webp\" class=\"attachment-large size-large wp-image-1483\" alt=\"\" srcset=\"https:\/\/s2consulting.fr\/wp-content\/uploads\/2023\/10\/Amiante-SS4.webp 800w, https:\/\/s2consulting.fr\/wp-content\/uploads\/2023\/10\/Amiante-SS4-300x225.webp 300w, https:\/\/s2consulting.fr\/wp-content\/uploads\/2023\/10\/Amiante-SS4-768x576.webp 768w\" sizes=\"(max-width: 800px) 100vw, 800px\" \/>\t\t\t\t\t\t\t\t\t\t\t\t\t\t\t<\/div>\n\t\t\t\t<\/div>\n\t\t\t\t\t<\/div>\n\t\t<\/div>\n\t\t\t\t\t<\/div>\n\t\t<\/section>\n\t\t\t\t<section class=\"elementor-section elementor-top-section elementor-element elementor-element-f2fbe74 elementor-section-boxed elementor-section-height-default elementor-section-height-default\" data-id=\"f2fbe74\" data-element_type=\"section\">\n\t\t\t\t\t\t<div class=\"elementor-container elementor-column-gap-default\">\n\t\t\t\t\t<div class=\"elementor-column elementor-col-100 elementor-top-column elementor-element elementor-element-5b45ec6\" data-id=\"5b45ec6\" data-element_type=\"column\">\n\t\t\t<div class=\"elementor-widget-wrap elementor-element-populated\">\n\t\t\t\t\t\t<div class=\"elementor-element elementor-element-c7eb822 elementor-widget elementor-widget-text-editor\" data-id=\"c7eb822\" data-element_type=\"widget\" data-widget_type=\"text-editor.default\">\n\t\t\t\t<div class=\"elementor-widget-container\">\n\t\t\t\t\t\t\t\t\t<h3 class=\"tab-content-title\" style=\"box-sizing: inherit; margin: 0px 0px 0.5rem; padding: 0px; border: 0px; outline: 0px; font-weight: inherit; font-size: 20px; font-family: ITCAvantGardeStd-Bold, sans-serif; vertical-align: baseline; color: #030f40; background-color: #f6f7f7;\">\u00a0Objectifs<\/h3><p class=\"field-objectifs-details\" style=\"box-sizing: inherit; margin-right: 0px; margin-bottom: 1.5rem; margin-left: 0px; padding: 0px; border: 0px; outline: 0px; font-size: 18px; font-family: ITCAvantGardeStd-Bk, sans-serif; vertical-align: baseline; line-height: 1.5em; color: #000000; background-color: #f6f7f7;\">&#8211; Faire respecter les obligations r\u00e9glementaires li\u00e9es \u00e0 l\u2019amiante &#8211; Identifier les contraintes li\u00e9es \u00e0 la pr\u00e9sence d\u2019amiante lors des travaux &#8211; Renseigner un dossier de consultation des entreprises dans le cadre d\u2019un diagnostic, d\u2019une op\u00e9ration de d\u00e9samiantage, d\u2019encapsulage ou de travaux de maintenance en pr\u00e9sence et\/ou \u00e0 proximit\u00e9 d\u2019amiante<\/p><div style=\"box-sizing: inherit; margin: 0px 0px 20px; padding: 0px; border: 0px; outline: 0px; font-size: 18px; font-family: ITCAvantGardeStd-Bk, sans-serif; vertical-align: baseline; color: #000000; background-color: #f6f7f7;\"><h3 class=\"tab-content-title\" style=\"box-sizing: inherit; margin: 0px 0px 0.5rem; padding: 0px; border: 0px; outline: 0px; font-weight: inherit; font-style: inherit; font-size: 20px; font-family: ITCAvantGardeStd-Bold, sans-serif; vertical-align: baseline; color: #030f40;\">\u00a0Modalit\u00e9 P\u00e9dagogique<\/h3><div class=\"field-icone\" style=\"box-sizing: inherit; margin: 0px 0.5rem 0px 0px; padding: 0px; border: 0px; outline: 0px; font-weight: inherit; font-style: inherit; font-family: inherit; vertical-align: baseline; float: left;\">\u00a0<\/div>Pr\u00e9sentiel<\/div><h3 class=\"tab-content-title\" style=\"box-sizing: inherit; margin: 0px 0px 0.5rem; padding: 0px; border: 0px; outline: 0px; font-weight: inherit; font-size: 20px; font-family: ITCAvantGardeStd-Bold, sans-serif; vertical-align: baseline; color: #030f40; background-color: #f6f7f7;\">\u00a0Programme<\/h3><p class=\"field-programme-details\" style=\"box-sizing: inherit; margin-right: 0px; margin-bottom: 1.5rem; margin-left: 0px; padding: 0px; border: 0px; outline: 0px; font-size: 18px; font-family: ITCAvantGardeStd-Bk, sans-serif; vertical-align: baseline; line-height: 1.5em; color: #000000; background-color: #f6f7f7;\">Risque amiante<br style=\"box-sizing: inherit;\" \/>Cadre r\u00e9glementaire de la probl\u00e9matique amiante<br style=\"box-sizing: inherit;\" \/>Obligations des donneurs d&rsquo;ordres<br style=\"box-sizing: inherit;\" \/>Exigences du Code de la sant\u00e9 publique, du Code du travail et du code de l\u2019environnement relevant de la responsabilit\u00e9 du donneur d\u2019ordre<br style=\"box-sizing: inherit;\" \/>Techniques d\u2019intervention, mesures de pr\u00e9vention amiante dans un march\u00e9 de travaux, conception et r\u00e9ception des interventions relevant de la responsabilit\u00e9 du donneur d\u2019ordre<br style=\"box-sizing: inherit;\" \/>Responsabilit\u00e9s des diff\u00e9rents intervenants du chantier<br style=\"box-sizing: inherit;\" \/>\u00c9valuation th\u00e9orique<br style=\"box-sizing: inherit;\" \/>Mise en situation<\/p>\t\t\t\t\t\t\t\t<\/div>\n\t\t\t\t<\/div>\n\t\t\t\t\t<\/div>\n\t\t<\/div>\n\t\t\t\t\t<\/div>\n\t\t<\/section>\n\t\t\t\t<section class=\"elementor-section elementor-top-section elementor-element elementor-element-4055817 elementor-section-boxed elementor-section-height-default elementor-section-height-default\" data-id=\"4055817\" data-element_type=\"section\">\n\t\t\t\t\t\t<div class=\"elementor-container elementor-column-gap-default\">\n\t\t\t\t\t<div class=\"elementor-column elementor-col-100 elementor-top-column elementor-element elementor-element-8438f88\" data-id=\"8438f88\" data-element_type=\"column\">\n\t\t\t<div class=\"elementor-widget-wrap elementor-element-populated\">\n\t\t\t\t\t\t<div class=\"elementor-element elementor-element-24fa459 elementor-align-center elementor-widget elementor-widget-button\" data-id=\"24fa459\" data-element_type=\"widget\" data-widget_type=\"button.default\">\n\t\t\t\t<div class=\"elementor-widget-container\">\n\t\t\t\t\t\t\t\t\t<div class=\"elementor-button-wrapper\">\n\t\t\t\t\t<a class=\"elementor-button elementor-button-link elementor-size-md\" href=\"https:\/\/s2consulting.fr\/wp-content\/uploads\/2023\/10\/Fiche-programme-amiante-AMIDO.pdf\">\n\t\t\t\t\t\t<span class=\"elementor-button-content-wrapper\">\n\t\t\t\t\t\t\t\t\t<span class=\"elementor-button-text\">Programme de formation AMIDO t\u00e9l\u00e9charger<\/span>\n\t\t\t\t\t<\/span>\n\t\t\t\t\t<\/a>\n\t\t\t\t<\/div>\n\t\t\t\t\t\t\t\t<\/div>\n\t\t\t\t<\/div>\n\t\t\t\t\t<\/div>\n\t\t<\/div>\n\t\t\t\t\t<\/div>\n\t\t<\/section>\n\t\t\t\t<\/div>\n\t\t","protected":false},"excerpt":{"rendered":"<p>\u00a0Objectifs &#8211; Faire respecter les obligations r\u00e9glementaires li\u00e9es \u00e0 l\u2019amiante &#8211; Identifier les contraintes li\u00e9es \u00e0 la pr\u00e9sence d\u2019amiante lors des travaux &#8211; Renseigner un dossier de consultation des entreprises dans le cadre d\u2019un diagnostic, d\u2019une op\u00e9ration de d\u00e9samiantage, d\u2019encapsulage ou de travaux de maintenance en pr\u00e9sence et\/ou \u00e0 proximit\u00e9 d\u2019amiante \u00a0Modalit\u00e9 P\u00e9dagogique Pr\u00e9sentiel \u00a0Programme [&hellip;]<\/p>\n","protected":false},"author":2,"featured_media":0,"parent":243,"menu_order":0,"comment_status":"closed","ping_status":"closed","template":"","meta":{"footnotes":""},"class_list":["post-1439","page","type-page","status-publish","hentry"],"_links":{"self":[{"href":"https:\/\/s2consulting.fr\/index.php\/wp-json\/wp\/v2\/pages\/1439","targetHints":{"allow":["GET"]}}],"collection":[{"href":"https:\/\/s2consulting.fr\/index.php\/wp-json\/wp\/v2\/pages"}],"about":[{"href":"https:\/\/s2consulting.fr\/index.php\/wp-json\/wp\/v2\/types\/page"}],"author":[{"embeddable":true,"href":"https:\/\/s2consulting.fr\/index.php\/wp-json\/wp\/v2\/users\/2"}],"replies":[{"embeddable":true,"href":"https:\/\/s2consulting.fr\/index.php\/wp-json\/wp\/v2\/comments?post=1439"}],"version-history":[{"count":17,"href":"https:\/\/s2consulting.fr\/index.php\/wp-json\/wp\/v2\/pages\/1439\/revisions"}],"predecessor-version":[{"id":1504,"href":"https:\/\/s2consulting.fr\/index.php\/wp-json\/wp\/v2\/pages\/1439\/revisions\/1504"}],"up":[{"embeddable":true,"href":"https:\/\/s2consulting.fr\/index.php\/wp-json\/wp\/v2\/pages\/243"}],"wp:attachment":[{"href":"https:\/\/s2consulting.fr\/index.php\/wp-json\/wp\/v2\/media?parent=1439"}],"curies":[{"name":"wp","href":"https:\/\/api.w.org\/{rel}","templated":true}]}}