{"id":1437,"date":"2023-10-04T11:43:23","date_gmt":"2023-10-04T11:43:23","guid":{"rendered":"https:\/\/s2consulting.fr\/?page_id=1437"},"modified":"2023-10-04T13:19:36","modified_gmt":"2023-10-04T13:19:36","slug":"amiante-sous-section-4-encadrement-de-chantier","status":"publish","type":"page","link":"https:\/\/s2consulting.fr\/index.php\/formations\/amiante-sous-section-4-encadrement-de-chantier\/","title":{"rendered":"Amiante Sous Section 4 &#8211; Encadrement de chantier Initial et Recyclage"},"content":{"rendered":"\t\t<div data-elementor-type=\"wp-page\" data-elementor-id=\"1437\" class=\"elementor elementor-1437\">\n\t\t\t\t\t\t<section class=\"elementor-section elementor-top-section elementor-element elementor-element-699998f elementor-section-boxed elementor-section-height-default elementor-section-height-default\" data-id=\"699998f\" data-element_type=\"section\">\n\t\t\t\t\t\t<div class=\"elementor-container elementor-column-gap-default\">\n\t\t\t\t\t<div class=\"elementor-column elementor-col-100 elementor-top-column elementor-element elementor-element-69d9020\" data-id=\"69d9020\" data-element_type=\"column\">\n\t\t\t<div class=\"elementor-widget-wrap elementor-element-populated\">\n\t\t\t\t\t\t<div class=\"elementor-element elementor-element-fc53675 elementor-widget elementor-widget-image\" data-id=\"fc53675\" data-element_type=\"widget\" data-widget_type=\"image.default\">\n\t\t\t\t<div class=\"elementor-widget-container\">\n\t\t\t\t\t\t\t\t\t\t\t\t\t\t\t<img fetchpriority=\"high\" decoding=\"async\" width=\"800\" height=\"600\" src=\"https:\/\/s2consulting.fr\/wp-content\/uploads\/2023\/10\/Amiante-SS4.webp\" class=\"attachment-large size-large wp-image-1483\" alt=\"\" srcset=\"https:\/\/s2consulting.fr\/wp-content\/uploads\/2023\/10\/Amiante-SS4.webp 800w, https:\/\/s2consulting.fr\/wp-content\/uploads\/2023\/10\/Amiante-SS4-300x225.webp 300w, https:\/\/s2consulting.fr\/wp-content\/uploads\/2023\/10\/Amiante-SS4-768x576.webp 768w\" sizes=\"(max-width: 800px) 100vw, 800px\" \/>\t\t\t\t\t\t\t\t\t\t\t\t\t\t\t<\/div>\n\t\t\t\t<\/div>\n\t\t\t\t\t<\/div>\n\t\t<\/div>\n\t\t\t\t\t<\/div>\n\t\t<\/section>\n\t\t\t\t<section class=\"elementor-section elementor-top-section elementor-element elementor-element-70ce4e1 elementor-section-boxed elementor-section-height-default elementor-section-height-default\" data-id=\"70ce4e1\" data-element_type=\"section\">\n\t\t\t\t\t\t<div class=\"elementor-container elementor-column-gap-default\">\n\t\t\t\t\t<div class=\"elementor-column elementor-col-100 elementor-top-column elementor-element elementor-element-f85a697\" data-id=\"f85a697\" data-element_type=\"column\">\n\t\t\t<div class=\"elementor-widget-wrap elementor-element-populated\">\n\t\t\t\t\t\t<div class=\"elementor-element elementor-element-cbb4f2a elementor-widget elementor-widget-text-editor\" data-id=\"cbb4f2a\" data-element_type=\"widget\" data-widget_type=\"text-editor.default\">\n\t\t\t\t<div class=\"elementor-widget-container\">\n\t\t\t\t\t\t\t\t\t<h3 class=\"tab-content-title\" style=\"box-sizing: inherit; margin: 0px 0px 0.5rem; padding: 0px; border: 0px; outline: 0px; font-weight: inherit; font-size: 20px; font-family: ITCAvantGardeStd-Bold, sans-serif; vertical-align: baseline; color: #030f40; background-color: #f6f7f7;\">\u00a0Objectifs<\/h3><p class=\"field-objectifs-details\" style=\"box-sizing: inherit; margin-right: 0px; margin-bottom: 1.5rem; margin-left: 0px; padding: 0px; border: 0px; outline: 0px; font-size: 18px; font-family: ITCAvantGardeStd-Bk, sans-serif; vertical-align: baseline; line-height: 1.5em; color: #000000; background-color: #f6f7f7;\">&#8211; Identifier les op\u00e9rations sp\u00e9cifiques \u00e0 l\u2019activit\u00e9 exerc\u00e9e pouvant entra\u00eener la lib\u00e9ration de fibres d\u2019amiante et les niveaux d\u2019exposition et d\u2019empoussi\u00e8rement induits &#8211; Conna\u00eetre les principes g\u00e9n\u00e9raux de ventilation et de captage des poussi\u00e8res \u00e0 la source &#8211; Savoir appliquer et faire appliquer des proc\u00e9dures adapt\u00e9es aux interventions sur des mat\u00e9riaux contenant de l\u2019amiante et un mode op\u00e9ratoire<\/p><div style=\"box-sizing: inherit; margin: 0px 0px 20px; padding: 0px; border: 0px; outline: 0px; font-size: 18px; font-family: ITCAvantGardeStd-Bk, sans-serif; vertical-align: baseline; color: #000000; background-color: #f6f7f7;\"><h3 class=\"tab-content-title\" style=\"box-sizing: inherit; margin: 0px 0px 0.5rem; padding: 0px; border: 0px; outline: 0px; font-weight: inherit; font-style: inherit; font-size: 20px; font-family: ITCAvantGardeStd-Bold, sans-serif; vertical-align: baseline; color: #030f40;\">\u00a0Modalit\u00e9 P\u00e9dagogique<\/h3><div class=\"field-icone\" style=\"box-sizing: inherit; margin: 0px 0.5rem 0px 0px; padding: 0px; border: 0px; outline: 0px; font-weight: inherit; font-style: inherit; font-family: inherit; vertical-align: baseline; float: left;\">\u00a0<\/div>Pr\u00e9sentiel<\/div><h3 class=\"tab-content-title\" style=\"box-sizing: inherit; margin: 0px 0px 0.5rem; padding: 0px; border: 0px; outline: 0px; font-weight: inherit; font-size: 20px; font-family: ITCAvantGardeStd-Bold, sans-serif; vertical-align: baseline; color: #030f40; background-color: #f6f7f7;\">\u00a0Programme<\/h3><p class=\"field-programme-details\" style=\"box-sizing: inherit; margin-right: 0px; margin-bottom: 1.5rem; margin-left: 0px; padding: 0px; border: 0px; outline: 0px; font-size: 18px; font-family: ITCAvantGardeStd-Bk, sans-serif; vertical-align: baseline; line-height: 1.5em; color: #000000; background-color: #f6f7f7;\"><span style=\"box-sizing: inherit; margin: 0px; padding: 0px; border: 0px; outline: 0px; font-weight: inherit; font-style: inherit; font-family: ITCAvantGardeStd-Bold, sans-serif; vertical-align: baseline;\">I\/ Caract\u00e9riser la probl\u00e9matique pos\u00e9e par l\u2019utilisation de l\u2019amiante<\/span><br style=\"box-sizing: inherit;\" \/>La caract\u00e9ristique de l\u2019amiante<br style=\"box-sizing: inherit;\" \/>L\u2019exploitation et l\u2019utilisation de l\u2019amiante : amiante environnemental et Mat\u00e9riaux et Produits Contenant de l\u2019Amiante<br style=\"box-sizing: inherit;\" \/>Effet\u00a0 sur la sant\u00e9 et suivi m\u00e9dical<br style=\"box-sizing: inherit;\" \/><span style=\"box-sizing: inherit; margin: 0px; padding: 0px; border: 0px; outline: 0px; font-weight: inherit; font-style: inherit; font-family: ITCAvantGardeStd-Bold, sans-serif; vertical-align: baseline;\">II\/ Dispositions g\u00e9n\u00e9rales<\/span><br style=\"box-sizing: inherit;\" \/>L\u2019organisation de la pr\u00e9vention<br style=\"box-sizing: inherit;\" \/>Responsabilit\u00e9 et sanctions encourues<br style=\"box-sizing: inherit;\" \/><span style=\"box-sizing: inherit; margin: 0px; padding: 0px; border: 0px; outline: 0px; font-weight: inherit; font-style: inherit; font-family: ITCAvantGardeStd-Bold, sans-serif; vertical-align: baseline;\">III\/ concevoir un chantier amiante dit de \u00ab\u00a0sous-section\u00a04\u00a0\u00bb<\/span><br style=\"box-sizing: inherit;\" \/>Rep\u00e9rages amiante : Dossier Technique Amiante et Rep\u00e9rages amiante Avant Travaux (immeubles b\u00e2tis, industries, navires, Travaux Publics, etc.)<br style=\"box-sizing: inherit;\" \/>Profils intervenant \/ sous-section 3 et sous-section 4,<br style=\"box-sizing: inherit;\" \/>Processus et niveau d\u2019exposition, Valeur Limite d\u2019Exposition Professionnelle<br style=\"box-sizing: inherit;\" \/>MPC1 : abattage, s\u00e9dimentation et\/ou aspiration<br style=\"box-sizing: inherit;\" \/>Vacation, temps de repos, p\u00e9nibilit\u00e9 de l\u2019intervention<br style=\"box-sizing: inherit;\" \/>Organisation chantiers de niveau 1, 2 et 3 \/ a\u00e9raulique<br style=\"box-sizing: inherit;\" \/>Produits de substitution<br style=\"box-sizing: inherit;\" \/>M\u00e9trologie, formations et suivi<br style=\"box-sizing: inherit;\" \/>Moyens de protection collective<br style=\"box-sizing: inherit;\" \/>&#8211; Confinement statique (film de propret\u00e9) et dynamique<br style=\"box-sizing: inherit;\" \/>&#8211; Calfeutrement \/ isolement, mise en d\u00e9pression (Tr\u00e8s Haute efficacit\u00e9)<br style=\"box-sizing: inherit;\" \/>&#8211; Aspirateur \u00e0 filtration absolue (Tr\u00e8s Haute efficacit\u00e9)<br style=\"box-sizing: inherit;\" \/>&#8211; Sas d\u2019entr\u00e9es\/sorties, sas d\u00e9chets<br style=\"box-sizing: inherit;\" \/>\u00c9quipements de protection individuelle<br style=\"box-sizing: inherit;\" \/>&#8211; Efficacit\u00e9<br style=\"box-sizing: inherit;\" \/>&#8211; Usage et crit\u00e8res de choix<br style=\"box-sizing: inherit;\" \/>&#8211; Avantages et inconv\u00e9nients<br style=\"box-sizing: inherit;\" \/>&#8211; Principes de fonctionnement<br style=\"box-sizing: inherit;\" \/>Mode op\u00e9ratoire \/ notice de poste<br style=\"box-sizing: inherit;\" \/><span style=\"box-sizing: inherit; margin: 0px; padding: 0px; border: 0px; outline: 0px; font-weight: inherit; font-style: inherit; font-family: ITCAvantGardeStd-Bold, sans-serif; vertical-align: baseline;\">IV\/ G\u00e9rer un chantier amiante sous-section 4<\/span><br style=\"box-sizing: inherit;\" \/>L\u2019installation du chantier<br style=\"box-sizing: inherit;\" \/>La pr\u00e9paration du chantier<br style=\"box-sizing: inherit;\" \/>Techniques d\u2019intervention<br style=\"box-sizing: inherit;\" \/>Les contr\u00f4les<br style=\"box-sizing: inherit;\" \/>Le repli et la restitution<br style=\"box-sizing: inherit;\" \/>Gestion des d\u00e9chets : conditionnement transport et \u00e9limination<br style=\"box-sizing: inherit;\" \/>Int\u00e9gration des situations d\u2019urgence et les secours<br style=\"box-sizing: inherit;\" \/><span style=\"box-sizing: inherit; margin: 0px; padding: 0px; border: 0px; outline: 0px; font-weight: inherit; font-style: inherit; font-family: ITCAvantGardeStd-Bold, sans-serif; vertical-align: baseline;\">V\/ Intervention amiante sous-section 4 : mises en situation<\/span><br style=\"box-sizing: inherit;\" \/>Pr\u00e9sentation du chantier : niveau 1, 2 et 3<br style=\"box-sizing: inherit;\" \/>Pr\u00e9sentation des mat\u00e9riels et \u00e9quipement : abattage, s\u00e9dimentation aspiration, Moyens de Protection Collective et \u00c9quipements de Protection Individuelle<br style=\"box-sizing: inherit;\" \/>Contr\u00f4le et mise en \u0153uvre d\u2019a\u00e9raulique d\u2019un chantier amiante<br style=\"box-sizing: inherit;\" \/>Pr\u00e9sentation et mise en \u0153uvre des modes op\u00e9ratoires et notices de poste, etc.<br style=\"box-sizing: inherit;\" \/>Exercices d\u2019\u00e9valuation des risques<br style=\"box-sizing: inherit;\" \/>Contr\u00f4le du respect de la Valeur Limite d\u2019Exposition Professionnelle<br style=\"box-sizing: inherit;\" \/><span style=\"box-sizing: inherit; margin: 0px; padding: 0px; border: 0px; outline: 0px; font-weight: inherit; font-style: inherit; font-family: ITCAvantGardeStd-Bold, sans-serif; vertical-align: baseline;\">\u00c9valuations th\u00e9oriques et pratiques<\/span><\/p>\t\t\t\t\t\t\t\t<\/div>\n\t\t\t\t<\/div>\n\t\t\t\t\t<\/div>\n\t\t<\/div>\n\t\t\t\t\t<\/div>\n\t\t<\/section>\n\t\t\t\t<section class=\"elementor-section elementor-top-section elementor-element elementor-element-7fc0053 elementor-section-boxed elementor-section-height-default elementor-section-height-default\" data-id=\"7fc0053\" data-element_type=\"section\">\n\t\t\t\t\t\t<div class=\"elementor-container elementor-column-gap-default\">\n\t\t\t\t\t<div class=\"elementor-column elementor-col-100 elementor-top-column elementor-element elementor-element-047668c\" data-id=\"047668c\" data-element_type=\"column\">\n\t\t\t<div class=\"elementor-widget-wrap elementor-element-populated\">\n\t\t\t\t\t\t<div class=\"elementor-element elementor-element-f41924f elementor-align-center elementor-widget elementor-widget-button\" data-id=\"f41924f\" data-element_type=\"widget\" data-widget_type=\"button.default\">\n\t\t\t\t<div class=\"elementor-widget-container\">\n\t\t\t\t\t\t\t\t\t<div class=\"elementor-button-wrapper\">\n\t\t\t\t\t<a class=\"elementor-button elementor-button-link elementor-size-md\" href=\"https:\/\/s2consulting.fr\/wp-content\/uploads\/2023\/10\/Fiche-programme-amiante-Encadre-chantier-ini-5-jrs.pdf\">\n\t\t\t\t\t\t<span class=\"elementor-button-content-wrapper\">\n\t\t\t\t\t\t\t\t\t<span class=\"elementor-button-text\">Programme de formation Initial t\u00e9l\u00e9charger<\/span>\n\t\t\t\t\t<\/span>\n\t\t\t\t\t<\/a>\n\t\t\t\t<\/div>\n\t\t\t\t\t\t\t\t<\/div>\n\t\t\t\t<\/div>\n\t\t\t\t\t<\/div>\n\t\t<\/div>\n\t\t\t\t\t<\/div>\n\t\t<\/section>\n\t\t\t\t<section class=\"elementor-section elementor-top-section elementor-element elementor-element-b043aaf elementor-section-boxed elementor-section-height-default elementor-section-height-default\" data-id=\"b043aaf\" data-element_type=\"section\">\n\t\t\t\t\t\t<div class=\"elementor-container elementor-column-gap-default\">\n\t\t\t\t\t<div class=\"elementor-column elementor-col-100 elementor-top-column elementor-element elementor-element-15e6a11\" data-id=\"15e6a11\" data-element_type=\"column\">\n\t\t\t<div class=\"elementor-widget-wrap elementor-element-populated\">\n\t\t\t\t\t\t<div class=\"elementor-element elementor-element-55ed5c3 elementor-align-center elementor-widget elementor-widget-button\" data-id=\"55ed5c3\" data-element_type=\"widget\" data-widget_type=\"button.default\">\n\t\t\t\t<div class=\"elementor-widget-container\">\n\t\t\t\t\t\t\t\t\t<div class=\"elementor-button-wrapper\">\n\t\t\t\t\t<a class=\"elementor-button elementor-button-link elementor-size-md\" href=\"https:\/\/s2consulting.fr\/wp-content\/uploads\/2023\/10\/Fiche-programme-amiante-Encadre-chantier-Recyclage-.pdf\">\n\t\t\t\t\t\t<span class=\"elementor-button-content-wrapper\">\n\t\t\t\t\t\t\t\t\t<span class=\"elementor-button-text\">Programme de formation recyclage t\u00e9l\u00e9charger<\/span>\n\t\t\t\t\t<\/span>\n\t\t\t\t\t<\/a>\n\t\t\t\t<\/div>\n\t\t\t\t\t\t\t\t<\/div>\n\t\t\t\t<\/div>\n\t\t\t\t\t<\/div>\n\t\t<\/div>\n\t\t\t\t\t<\/div>\n\t\t<\/section>\n\t\t\t\t<\/div>\n\t\t","protected":false},"excerpt":{"rendered":"<p>\u00a0Objectifs &#8211; Identifier les op\u00e9rations sp\u00e9cifiques \u00e0 l\u2019activit\u00e9 exerc\u00e9e pouvant entra\u00eener la lib\u00e9ration de fibres d\u2019amiante et les niveaux d\u2019exposition et d\u2019empoussi\u00e8rement induits &#8211; Conna\u00eetre les principes g\u00e9n\u00e9raux de ventilation et de captage des poussi\u00e8res \u00e0 la source &#8211; Savoir appliquer et faire appliquer des proc\u00e9dures adapt\u00e9es aux interventions sur des mat\u00e9riaux contenant de l\u2019amiante [&hellip;]<\/p>\n","protected":false},"author":2,"featured_media":1483,"parent":243,"menu_order":0,"comment_status":"closed","ping_status":"closed","template":"","meta":{"footnotes":""},"class_list":["post-1437","page","type-page","status-publish","has-post-thumbnail","hentry"],"_links":{"self":[{"href":"https:\/\/s2consulting.fr\/index.php\/wp-json\/wp\/v2\/pages\/1437","targetHints":{"allow":["GET"]}}],"collection":[{"href":"https:\/\/s2consulting.fr\/index.php\/wp-json\/wp\/v2\/pages"}],"about":[{"href":"https:\/\/s2consulting.fr\/index.php\/wp-json\/wp\/v2\/types\/page"}],"author":[{"embeddable":true,"href":"https:\/\/s2consulting.fr\/index.php\/wp-json\/wp\/v2\/users\/2"}],"replies":[{"embeddable":true,"href":"https:\/\/s2consulting.fr\/index.php\/wp-json\/wp\/v2\/comments?post=1437"}],"version-history":[{"count":12,"href":"https:\/\/s2consulting.fr\/index.php\/wp-json\/wp\/v2\/pages\/1437\/revisions"}],"predecessor-version":[{"id":1503,"href":"https:\/\/s2consulting.fr\/index.php\/wp-json\/wp\/v2\/pages\/1437\/revisions\/1503"}],"up":[{"embeddable":true,"href":"https:\/\/s2consulting.fr\/index.php\/wp-json\/wp\/v2\/pages\/243"}],"wp:featuredmedia":[{"embeddable":true,"href":"https:\/\/s2consulting.fr\/index.php\/wp-json\/wp\/v2\/media\/1483"}],"wp:attachment":[{"href":"https:\/\/s2consulting.fr\/index.php\/wp-json\/wp\/v2\/media?parent=1437"}],"curies":[{"name":"wp","href":"https:\/\/api.w.org\/{rel}","templated":true}]}}