{"id":1264,"date":"2023-04-23T15:36:44","date_gmt":"2023-04-23T15:36:44","guid":{"rendered":"https:\/\/s2consulting.fr\/?page_id=1264"},"modified":"2023-10-04T12:51:33","modified_gmt":"2023-10-04T12:51:33","slug":"amiante-sous-section-4-operateur-initial","status":"publish","type":"page","link":"https:\/\/s2consulting.fr\/index.php\/formations\/amiante-sous-section-4-operateur-initial\/","title":{"rendered":"Amiante Sous Section 4 &#8211; Op\u00e9rateur Initial &#038; Recyclage"},"content":{"rendered":"\t\t<div data-elementor-type=\"wp-page\" data-elementor-id=\"1264\" class=\"elementor elementor-1264\">\n\t\t\t\t\t\t<section class=\"elementor-section elementor-top-section elementor-element elementor-element-37a35d1a elementor-section-boxed elementor-section-height-default elementor-section-height-default\" data-id=\"37a35d1a\" data-element_type=\"section\">\n\t\t\t\t\t\t<div class=\"elementor-container elementor-column-gap-default\">\n\t\t\t\t\t<div class=\"elementor-column elementor-col-100 elementor-top-column elementor-element elementor-element-754135fd\" data-id=\"754135fd\" data-element_type=\"column\">\n\t\t\t<div class=\"elementor-widget-wrap elementor-element-populated\">\n\t\t\t\t\t\t<div class=\"elementor-element elementor-element-57edc69 elementor-widget elementor-widget-heading\" data-id=\"57edc69\" data-element_type=\"widget\" data-widget_type=\"heading.default\">\n\t\t\t\t<div class=\"elementor-widget-container\">\n\t\t\t\t\t<h2 class=\"elementor-heading-title elementor-size-xxl\">AMIANTE SS4 Op\u00e9rateur Initial &amp; Recyclage<\/h2>\t\t\t\t<\/div>\n\t\t\t\t<\/div>\n\t\t\t\t<section class=\"elementor-section elementor-inner-section elementor-element elementor-element-6487ed8 elementor-section-boxed elementor-section-height-default elementor-section-height-default\" data-id=\"6487ed8\" data-element_type=\"section\">\n\t\t\t\t\t\t<div class=\"elementor-container elementor-column-gap-default\">\n\t\t\t\t\t<div class=\"elementor-column elementor-col-50 elementor-inner-column elementor-element elementor-element-697ade0\" data-id=\"697ade0\" data-element_type=\"column\">\n\t\t\t<div class=\"elementor-widget-wrap elementor-element-populated\">\n\t\t\t\t\t\t\t<\/div>\n\t\t<\/div>\n\t\t\t\t<div class=\"elementor-column elementor-col-50 elementor-inner-column elementor-element elementor-element-dae852c\" data-id=\"dae852c\" data-element_type=\"column\">\n\t\t\t<div class=\"elementor-widget-wrap elementor-element-populated\">\n\t\t\t\t\t\t<div class=\"elementor-element elementor-element-5c456f7 elementor-align-center elementor-widget elementor-widget-button\" data-id=\"5c456f7\" data-element_type=\"widget\" data-widget_type=\"button.default\">\n\t\t\t\t<div class=\"elementor-widget-container\">\n\t\t\t\t\t\t\t\t\t<div class=\"elementor-button-wrapper\">\n\t\t\t\t\t<a class=\"elementor-button elementor-button-link elementor-size-sm\" href=\"mailto:accueil.s2consulting@gmail.com%20\" target=\"_blank\">\n\t\t\t\t\t\t<span class=\"elementor-button-content-wrapper\">\n\t\t\t\t\t\t\t\t\t<span class=\"elementor-button-text\">DEMANDE DE DEVIS <\/span>\n\t\t\t\t\t<\/span>\n\t\t\t\t\t<\/a>\n\t\t\t\t<\/div>\n\t\t\t\t\t\t\t\t<\/div>\n\t\t\t\t<\/div>\n\t\t\t\t\t<\/div>\n\t\t<\/div>\n\t\t\t\t\t<\/div>\n\t\t<\/section>\n\t\t\t\t\t<\/div>\n\t\t<\/div>\n\t\t\t\t\t<\/div>\n\t\t<\/section>\n\t\t\t\t<section class=\"elementor-section elementor-top-section elementor-element elementor-element-4ee7cac elementor-section-boxed elementor-section-height-default elementor-section-height-default\" data-id=\"4ee7cac\" data-element_type=\"section\">\n\t\t\t\t\t\t<div class=\"elementor-container elementor-column-gap-default\">\n\t\t\t\t\t<div class=\"elementor-column elementor-col-100 elementor-top-column elementor-element elementor-element-e627b46\" data-id=\"e627b46\" data-element_type=\"column\">\n\t\t\t<div class=\"elementor-widget-wrap elementor-element-populated\">\n\t\t\t\t\t\t<div class=\"elementor-element elementor-element-591a540 elementor-widget elementor-widget-image\" data-id=\"591a540\" data-element_type=\"widget\" data-widget_type=\"image.default\">\n\t\t\t\t<div class=\"elementor-widget-container\">\n\t\t\t\t\t\t\t\t\t\t\t\t\t\t\t<img fetchpriority=\"high\" decoding=\"async\" width=\"800\" height=\"600\" src=\"https:\/\/s2consulting.fr\/wp-content\/uploads\/2023\/10\/Amiante-SS4.webp\" class=\"attachment-large size-large wp-image-1483\" alt=\"\" srcset=\"https:\/\/s2consulting.fr\/wp-content\/uploads\/2023\/10\/Amiante-SS4.webp 800w, https:\/\/s2consulting.fr\/wp-content\/uploads\/2023\/10\/Amiante-SS4-300x225.webp 300w, https:\/\/s2consulting.fr\/wp-content\/uploads\/2023\/10\/Amiante-SS4-768x576.webp 768w\" sizes=\"(max-width: 800px) 100vw, 800px\" \/>\t\t\t\t\t\t\t\t\t\t\t\t\t\t\t<\/div>\n\t\t\t\t<\/div>\n\t\t\t\t\t<\/div>\n\t\t<\/div>\n\t\t\t\t\t<\/div>\n\t\t<\/section>\n\t\t\t\t<section class=\"elementor-section elementor-top-section elementor-element elementor-element-bbef3df elementor-section-boxed elementor-section-height-default elementor-section-height-default\" data-id=\"bbef3df\" data-element_type=\"section\">\n\t\t\t\t\t\t<div class=\"elementor-container elementor-column-gap-default\">\n\t\t\t\t\t<div class=\"elementor-column elementor-col-100 elementor-top-column elementor-element elementor-element-60e6614\" data-id=\"60e6614\" data-element_type=\"column\">\n\t\t\t<div class=\"elementor-widget-wrap elementor-element-populated\">\n\t\t\t\t\t\t<div class=\"elementor-element elementor-element-e58e5cc elementor-widget elementor-widget-text-editor\" data-id=\"e58e5cc\" data-element_type=\"widget\" data-widget_type=\"text-editor.default\">\n\t\t\t\t<div class=\"elementor-widget-container\">\n\t\t\t\t\t\t\t\t\t<h3 class=\"tab-content-title\"><i class=\"fa fa-arrow-circle-right\" aria-hidden=\"true\"><\/i>\u00a0Objectifs<\/h3><p class=\"field-objectifs-details\">&#8211; Identifier les op\u00e9rations sp\u00e9cifiques \u00e0 l\u2019activit\u00e9 exerc\u00e9e pouvant entra\u00eener la lib\u00e9ration de fibres d\u2019amiante &#8211; Savoir appliquer les principes de ventilation et de captage des poussi\u00e8res \u00e0 la source &#8211; Savoir mettre en \u0153uvre les proc\u00e9dures recommand\u00e9es pour les interventions sur des mat\u00e9riaux contenant de l\u2019amiante et appliquer un mode op\u00e9ratoire<\/p><div><h3 class=\"tab-content-title\"><i class=\"fa fa-arrow-circle-right\" aria-hidden=\"true\"><\/i>\u00a0Modalit\u00e9 P\u00e9dagogique<\/h3><div class=\"field-icone\">\u00a0<\/div>Pr\u00e9sentiel<\/div><h3 class=\"tab-content-title\"><i class=\"fa fa-arrow-circle-right\" aria-hidden=\"true\"><\/i>\u00a0Programme<\/h3><p class=\"field-programme-details\"><strong>I\/ Caract\u00e9riser la probl\u00e9matique pos\u00e9e par l\u2019utilisation de l\u2019amiante<\/strong><br \/>La caract\u00e9ristique de l\u2019amiante<br \/>L\u2019exploitation et l\u2019utilisation de l\u2019amiante : amiante environnemental et Mat\u00e9riaux et Produits Contenant de l\u2019Amiante<br \/>Effet\u00a0 sur la sant\u00e9 et suivi m\u00e9dical<br \/><strong>II\/ Dispositions g\u00e9n\u00e9rales<\/strong><br \/>L\u2019organisation de la pr\u00e9vention<br \/>Responsabilit\u00e9 et sanctions encourues<br \/><strong>III\/ Conception d\u2019un chantier amiante dit de \u00ab\u00a0sous-section 4\u00a0\u00bb<\/strong><br \/>Rep\u00e9rages amiante : Dossier Technique Amiante et Rep\u00e9rages amiante Avant Travaux (immeubles b\u00e2tis, industries, navires, Travaux Publics, etc.)<br \/>Profils intervenant \/ sous-section 3 et sous-section 4, processus et niveau d\u2019exposition, Valeur Limite d\u2019Exposition Professionnelle<br \/>MPC1 : abattage, s\u00e9dimentation et\/ou aspiration<br \/>Vacation, temps de repos, p\u00e9nibilit\u00e9 de l\u2019intervention<br \/>Organisation chantiers de niveau 1, 2 et 3 \/ a\u00e9raulique<br \/>Produits de substitution<br \/>M\u00e9trologie, formations et suivi<br \/>Moyens de protection collective<br \/>&#8211; Confinement statique (film de propret\u00e9) et dynamique<br \/>&#8211; Calfeutrement \/ isolement, mise en d\u00e9pression (Tr\u00e8s Haute efficacit\u00e9)<br \/>&#8211; Aspirateur \u00e0 filtration absolue (Tr\u00e8s Haute efficacit\u00e9)<br \/>&#8211; Sas d\u2019entr\u00e9es \/ sorties, sas d\u00e9chets<br \/>\u00c9quipements de protection individuelle<br \/>&#8211; Efficacit\u00e9<br \/>&#8211; Usage et crit\u00e8res de choix<br \/>&#8211; Avantages et inconv\u00e9nients<br \/>&#8211; Principes de fonctionnement<br \/>Mode op\u00e9ratoire \/ notice de poste<br \/><strong>IV\/ R\u00e9alisation d\u2019un chantier amiante sous-section 4<\/strong><br \/>L\u2019installation du chantier<br \/>La pr\u00e9paration du chantier<br \/>Techniques d\u2019intervention<br \/>Les contr\u00f4les<br \/>Le repli et la restitution<br \/>Gestion des d\u00e9chets : conditionnement transport et \u00e9limination<br \/>Int\u00e9gration des situations d\u2019urgence et les secours<br \/><strong>V\/ Intervention amiante sous-section 4\u00a0: mises en situation<\/strong><br \/>Pr\u00e9sentation du chantier : niveau 1, 2 et 3<br \/>Pr\u00e9sentation des mat\u00e9riels et \u00e9quipement : abattage, s\u00e9dimentation aspiration, Moyens de Protection Collective et \u00c9quipements de Protection Individuelle<br \/>Mise en \u0153uvre d\u2019a\u00e9raulique d\u2019un chantier amiante<br \/>Mise en \u0153uvre de modes op\u00e9ratoires et notices de poste<br \/><strong>\u00c9valuations th\u00e9oriques et pratiques<\/strong><\/p>\t\t\t\t\t\t\t\t<\/div>\n\t\t\t\t<\/div>\n\t\t\t\t\t<\/div>\n\t\t<\/div>\n\t\t\t\t\t<\/div>\n\t\t<\/section>\n\t\t\t\t<section class=\"elementor-section elementor-top-section elementor-element elementor-element-5ae56ae elementor-section-boxed elementor-section-height-default elementor-section-height-default\" data-id=\"5ae56ae\" data-element_type=\"section\">\n\t\t\t\t\t\t<div class=\"elementor-container elementor-column-gap-default\">\n\t\t\t\t\t<div class=\"elementor-column elementor-col-100 elementor-top-column elementor-element elementor-element-36b18b2\" data-id=\"36b18b2\" data-element_type=\"column\">\n\t\t\t<div class=\"elementor-widget-wrap\">\n\t\t\t\t\t\t\t<\/div>\n\t\t<\/div>\n\t\t\t\t\t<\/div>\n\t\t<\/section>\n\t\t\t\t<section class=\"elementor-section elementor-top-section elementor-element elementor-element-52be3a1 elementor-section-boxed elementor-section-height-default elementor-section-height-default\" data-id=\"52be3a1\" data-element_type=\"section\">\n\t\t\t\t\t\t<div class=\"elementor-container elementor-column-gap-default\">\n\t\t\t\t\t<div class=\"elementor-column elementor-col-100 elementor-top-column elementor-element elementor-element-bb73cc9\" data-id=\"bb73cc9\" data-element_type=\"column\">\n\t\t\t<div class=\"elementor-widget-wrap elementor-element-populated\">\n\t\t\t\t\t\t<div class=\"elementor-element elementor-element-50e59dd elementor-align-center elementor-widget elementor-widget-button\" data-id=\"50e59dd\" data-element_type=\"widget\" data-widget_type=\"button.default\">\n\t\t\t\t<div class=\"elementor-widget-container\">\n\t\t\t\t\t\t\t\t\t<div class=\"elementor-button-wrapper\">\n\t\t\t\t\t<a class=\"elementor-button elementor-button-link elementor-size-md\" href=\"https:\/\/s2consulting.fr\/wp-content\/uploads\/2023\/10\/Fiche-programme-amiante-Operateur-recyclage.pdf\">\n\t\t\t\t\t\t<span class=\"elementor-button-content-wrapper\">\n\t\t\t\t\t\t\t\t\t<span class=\"elementor-button-text\">Programme de formation Op\u00e9rateur Recyclage t\u00e9l\u00e9charger<\/span>\n\t\t\t\t\t<\/span>\n\t\t\t\t\t<\/a>\n\t\t\t\t<\/div>\n\t\t\t\t\t\t\t\t<\/div>\n\t\t\t\t<\/div>\n\t\t\t\t<div class=\"elementor-element elementor-element-d04437b elementor-align-center elementor-widget elementor-widget-button\" data-id=\"d04437b\" data-element_type=\"widget\" data-widget_type=\"button.default\">\n\t\t\t\t<div class=\"elementor-widget-container\">\n\t\t\t\t\t\t\t\t\t<div class=\"elementor-button-wrapper\">\n\t\t\t\t\t<a class=\"elementor-button elementor-button-link elementor-size-md\" href=\"https:\/\/s2consulting.fr\/wp-content\/uploads\/2022\/03\/Fiche-programme-amiante-Operateur-Initial.pdf\">\n\t\t\t\t\t\t<span class=\"elementor-button-content-wrapper\">\n\t\t\t\t\t\t\t\t\t<span class=\"elementor-button-text\">Programme de formation Op\u00e9rateur Initial t\u00e9l\u00e9charger<\/span>\n\t\t\t\t\t<\/span>\n\t\t\t\t\t<\/a>\n\t\t\t\t<\/div>\n\t\t\t\t\t\t\t\t<\/div>\n\t\t\t\t<\/div>\n\t\t\t\t\t<\/div>\n\t\t<\/div>\n\t\t\t\t\t<\/div>\n\t\t<\/section>\n\t\t\t\t<\/div>\n\t\t","protected":false},"excerpt":{"rendered":"<p>AMIANTE SS4 Op\u00e9rateur Initial &amp; Recyclage DEMANDE DE DEVIS \u00a0Objectifs &#8211; Identifier les op\u00e9rations sp\u00e9cifiques \u00e0 l\u2019activit\u00e9 exerc\u00e9e pouvant entra\u00eener la lib\u00e9ration de fibres d\u2019amiante &#8211; Savoir appliquer les principes de ventilation et de captage des poussi\u00e8res \u00e0 la source &#8211; Savoir mettre en \u0153uvre les proc\u00e9dures recommand\u00e9es pour les interventions sur des mat\u00e9riaux contenant [&hellip;]<\/p>\n","protected":false},"author":2,"featured_media":0,"parent":243,"menu_order":0,"comment_status":"closed","ping_status":"closed","template":"","meta":{"footnotes":""},"class_list":["post-1264","page","type-page","status-publish","hentry"],"_links":{"self":[{"href":"https:\/\/s2consulting.fr\/index.php\/wp-json\/wp\/v2\/pages\/1264","targetHints":{"allow":["GET"]}}],"collection":[{"href":"https:\/\/s2consulting.fr\/index.php\/wp-json\/wp\/v2\/pages"}],"about":[{"href":"https:\/\/s2consulting.fr\/index.php\/wp-json\/wp\/v2\/types\/page"}],"author":[{"embeddable":true,"href":"https:\/\/s2consulting.fr\/index.php\/wp-json\/wp\/v2\/users\/2"}],"replies":[{"embeddable":true,"href":"https:\/\/s2consulting.fr\/index.php\/wp-json\/wp\/v2\/comments?post=1264"}],"version-history":[{"count":26,"href":"https:\/\/s2consulting.fr\/index.php\/wp-json\/wp\/v2\/pages\/1264\/revisions"}],"predecessor-version":[{"id":1494,"href":"https:\/\/s2consulting.fr\/index.php\/wp-json\/wp\/v2\/pages\/1264\/revisions\/1494"}],"up":[{"embeddable":true,"href":"https:\/\/s2consulting.fr\/index.php\/wp-json\/wp\/v2\/pages\/243"}],"wp:attachment":[{"href":"https:\/\/s2consulting.fr\/index.php\/wp-json\/wp\/v2\/media?parent=1264"}],"curies":[{"name":"wp","href":"https:\/\/api.w.org\/{rel}","templated":true}]}}